{"id":1017,"date":"2020-05-08T20:43:01","date_gmt":"2020-05-08T20:43:01","guid":{"rendered":"https:\/\/ilfo.pl\/?page_id=1017"},"modified":"2020-06-09T08:42:12","modified_gmt":"2020-06-09T08:42:12","slug":"andrzej-smolko","status":"publish","type":"page","link":"https:\/\/ilfo.pl\/en\/fundatorzy\/andrzej-smolko\/","title":{"rendered":"Andrzej Sm\u00f3\u0142ko"},"content":{"rendered":"<h1>Andrzej Sm\u00f3\u0142ko<\/h1>\n\t\t\t<a href=\"#drive\" target=\"_self\" role=\"button\" rel=\"noopener noreferrer\">\n\t\t\t\t\t\t\tFind out what drives us\n\t\t\t\t\t<\/a>\n\t\t\t\t<img loading=\"lazy\" src=\"https:\/\/ilfo.pl\/wp-content\/uploads\/bb-plugin\/cache\/ilfo-smolko-square.jpg\" alt=\"ilfo-smolko\" itemprop=\"image\" height=\"400\" width=\"400\" title=\"ilfo-smolko\" onerror=\"this.style.display='none'\"  \/>\n<h3>Andrzej Sm\u00f3\u0142ko<\/h3>\t\t\n\t\t\t<p><em>Dyrektor Zarz\u0105dzaj\u0105cy Apleona<\/em><\/p>\n\t<p>W latach 2008 \u2013 2018\u00a0 pracowa\u0142 w CWS-boco Polska, firmy b\u0119d\u0105cej wiod\u0105cym w naszym kraju dostawc\u0105 innowacyjnych i profesjonalnych rozwi\u0105za\u0144 higienicznych dla przedsi\u0119biorstw ka\u017cdej wielko\u015bci. Przed obj\u0119ciem funkcji prezesa CWS-boco pracowa\u0142 w czo\u0142owych mi\u0119dzynarodowych sp\u00f3\u0142kach, zdobywaj\u0105c do\u015bwiadczenie we wdra\u017caniu procedur s\u0142u\u017c\u0105cych optymalizacji proces\u00f3w, kt\u00f3rych zadaniem jest ochrona \u017cycia i zdrowia pracownik\u00f3w, rozw\u00f3j osobisty oraz dba\u0142o\u015b\u0107 o \u015brodowisko naturalne. Pod jego kierownictwem sp\u00f3\u0142ka CWS-boco Polska zrealizowa\u0142a wiele projekt\u00f3w s\u0142u\u017c\u0105cych zwi\u0119kszeniu bezpiecze\u0144stwa pracownik\u00f3w.<\/p>","protected":false},"excerpt":{"rendered":"<p>Andrzej Sm\u00f3\u0142ko Find out what drives us Andrzej Sm\u00f3\u0142ko Dyrektor Zarz\u0105dzaj\u0105cy Apleona W latach 2008 \u2013 2018\u00a0 pracowa\u0142 w CWS-boco Polska, firmy b\u0119d\u0105cej wiod\u0105cym w naszym kraju dostawc\u0105 innowacyjnych i profesjonalnych rozwi\u0105za\u0144 higienicznych dla przedsi\u0119biorstw ka\u017cdej wielko\u015bci. Przed obj\u0119ciem funkcji prezesa CWS-boco pracowa\u0142 w czo\u0142owych mi\u0119dzynarodowych sp\u00f3\u0142kach, zdobywaj\u0105c do\u015bwiadczenie we wdra\u017caniu procedur s\u0142u\u017c\u0105cych optymalizacji proces\u00f3w, &#8230; <a title=\"Andrzej Sm\u00f3\u0142ko\" class=\"read-more\" href=\"https:\/\/ilfo.pl\/en\/fundatorzy\/andrzej-smolko\/\">Read more<\/a><\/p>","protected":false},"author":1,"featured_media":0,"parent":759,"menu_order":20,"comment_status":"closed","ping_status":"closed","template":"","meta":[],"yoast_head":"<!-- This site is optimized with the Yoast SEO plugin v15.9.2 - https:\/\/yoast.com\/wordpress\/plugins\/seo\/ -->\n<title>Andrzej Sm\u00f3\u0142ko - ILFO<\/title>\n<meta name=\"robots\" content=\"index, follow, max-snippet:-1, max-image-preview:large, max-video-preview:-1\" \/>\n<link rel=\"canonical\" href=\"https:\/\/ilfo.pl\/en\/fundatorzy\/andrzej-smolko\/\" \/>\n<meta property=\"og:locale\" content=\"en_GB\" \/>\n<meta property=\"og:type\" content=\"article\" \/>\n<meta property=\"og:title\" content=\"Andrzej Sm\u00f3\u0142ko - ILFO\" \/>\n<meta property=\"og:description\" content=\"Andrzej Sm\u00f3\u0142ko Find out what drives us Andrzej Sm\u00f3\u0142ko Dyrektor Zarz\u0105dzaj\u0105cy Apleona W latach 2008 \u2013 2018\u00a0 pracowa\u0142 w CWS-boco Polska, firmy b\u0119d\u0105cej wiod\u0105cym w naszym kraju dostawc\u0105 innowacyjnych i profesjonalnych rozwi\u0105za\u0144 higienicznych dla przedsi\u0119biorstw ka\u017cdej wielko\u015bci. Przed obj\u0119ciem funkcji prezesa CWS-boco pracowa\u0142 w czo\u0142owych mi\u0119dzynarodowych sp\u00f3\u0142kach, zdobywaj\u0105c do\u015bwiadczenie we wdra\u017caniu procedur s\u0142u\u017c\u0105cych optymalizacji proces\u00f3w, ... Read more\" \/>\n<meta property=\"og:url\" content=\"https:\/\/ilfo.pl\/en\/fundatorzy\/andrzej-smolko\/\" \/>\n<meta property=\"og:site_name\" content=\"ILFO\" \/>\n<meta property=\"article:modified_time\" content=\"2020-06-09T08:42:12+00:00\" \/>\n<meta property=\"og:image\" content=\"https:\/\/ilfo.pl\/wp-content\/uploads\/bb-plugin\/cache\/ilfo-smolko-square.jpg\" \/>\n<meta name=\"twitter:card\" content=\"summary_large_image\" \/>\n<meta name=\"twitter:label1\" content=\"Estimated reading time\">\n\t<meta name=\"twitter:data1\" content=\"1 minute\">\n<script type=\"application\/ld+json\" class=\"yoast-schema-graph\">{\"@context\":\"https:\/\/schema.org\",\"@graph\":[{\"@type\":\"Organization\",\"@id\":\"https:\/\/ilfo.pl\/#organization\",\"name\":\"International Leaders Forum\",\"url\":\"https:\/\/ilfo.pl\/\",\"sameAs\":[],\"logo\":{\"@type\":\"ImageObject\",\"@id\":\"https:\/\/ilfo.pl\/#logo\",\"inLanguage\":\"en-GB\",\"url\":\"https:\/\/ilfo.pl\/wp-content\/uploads\/2020\/05\/logo_ilfo_color.png\",\"width\":933,\"height\":522,\"caption\":\"International Leaders Forum\"},\"image\":{\"@id\":\"https:\/\/ilfo.pl\/#logo\"}},{\"@type\":\"WebSite\",\"@id\":\"https:\/\/ilfo.pl\/#website\",\"url\":\"https:\/\/ilfo.pl\/\",\"name\":\"ILFO\",\"description\":\"International Leaders Forum\",\"publisher\":{\"@id\":\"https:\/\/ilfo.pl\/#organization\"},\"potentialAction\":[{\"@type\":\"SearchAction\",\"target\":\"https:\/\/ilfo.pl\/?s={search_term_string}\",\"query-input\":\"required name=search_term_string\"}],\"inLanguage\":\"en-GB\"},{\"@type\":\"ImageObject\",\"@id\":\"https:\/\/ilfo.pl\/fundatorzy\/andrzej-smolko\/#primaryimage\",\"inLanguage\":\"en-GB\",\"url\":\"https:\/\/ilfo.pl\/wp-content\/uploads\/bb-plugin\/cache\/ilfo-smolko-square.jpg\"},{\"@type\":\"WebPage\",\"@id\":\"https:\/\/ilfo.pl\/fundatorzy\/andrzej-smolko\/#webpage\",\"url\":\"https:\/\/ilfo.pl\/fundatorzy\/andrzej-smolko\/\",\"name\":\"Andrzej Sm\\u00f3\\u0142ko - ILFO\",\"isPartOf\":{\"@id\":\"https:\/\/ilfo.pl\/#website\"},\"primaryImageOfPage\":{\"@id\":\"https:\/\/ilfo.pl\/fundatorzy\/andrzej-smolko\/#primaryimage\"},\"datePublished\":\"2020-05-08T20:43:01+00:00\",\"dateModified\":\"2020-06-09T08:42:12+00:00\",\"breadcrumb\":{\"@id\":\"https:\/\/ilfo.pl\/fundatorzy\/andrzej-smolko\/#breadcrumb\"},\"inLanguage\":\"en-GB\",\"potentialAction\":[{\"@type\":\"ReadAction\",\"target\":[\"https:\/\/ilfo.pl\/fundatorzy\/andrzej-smolko\/\"]}]},{\"@type\":\"BreadcrumbList\",\"@id\":\"https:\/\/ilfo.pl\/fundatorzy\/andrzej-smolko\/#breadcrumb\",\"itemListElement\":[{\"@type\":\"ListItem\",\"position\":1,\"item\":{\"@type\":\"WebPage\",\"@id\":\"https:\/\/ilfo.pl\/\",\"url\":\"https:\/\/ilfo.pl\/\",\"name\":\"Strona g\\u0142\\u00f3wna\"}},{\"@type\":\"ListItem\",\"position\":2,\"item\":{\"@type\":\"WebPage\",\"@id\":\"https:\/\/ilfo.pl\/fundatorzy\/\",\"url\":\"https:\/\/ilfo.pl\/fundatorzy\/\",\"name\":\"Fundatorzy\"}},{\"@type\":\"ListItem\",\"position\":3,\"item\":{\"@type\":\"WebPage\",\"@id\":\"https:\/\/ilfo.pl\/fundatorzy\/andrzej-smolko\/\",\"url\":\"https:\/\/ilfo.pl\/fundatorzy\/andrzej-smolko\/\",\"name\":\"Andrzej Sm\\u00f3\\u0142ko\"}}]}]}<\/script>\n<!-- \/ Yoast SEO plugin. -->","_links":{"self":[{"href":"https:\/\/ilfo.pl\/en\/wp-json\/wp\/v2\/pages\/1017"}],"collection":[{"href":"https:\/\/ilfo.pl\/en\/wp-json\/wp\/v2\/pages"}],"about":[{"href":"https:\/\/ilfo.pl\/en\/wp-json\/wp\/v2\/types\/page"}],"author":[{"embeddable":true,"href":"https:\/\/ilfo.pl\/en\/wp-json\/wp\/v2\/users\/1"}],"replies":[{"embeddable":true,"href":"https:\/\/ilfo.pl\/en\/wp-json\/wp\/v2\/comments?post=1017"}],"version-history":[{"count":8,"href":"https:\/\/ilfo.pl\/en\/wp-json\/wp\/v2\/pages\/1017\/revisions"}],"predecessor-version":[{"id":1292,"href":"https:\/\/ilfo.pl\/en\/wp-json\/wp\/v2\/pages\/1017\/revisions\/1292"}],"up":[{"embeddable":true,"href":"https:\/\/ilfo.pl\/en\/wp-json\/wp\/v2\/pages\/759"}],"wp:attachment":[{"href":"https:\/\/ilfo.pl\/en\/wp-json\/wp\/v2\/media?parent=1017"}],"curies":[{"name":"wp","href":"https:\/\/api.w.org\/{rel}","templated":true}]}}