{"id":1083,"date":"2020-05-15T18:39:01","date_gmt":"2020-05-15T18:39:01","guid":{"rendered":"https:\/\/ilfo.pl\/?page_id=1083"},"modified":"2020-05-22T11:32:37","modified_gmt":"2020-05-22T11:32:37","slug":"jaroslaw-chalas","status":"publish","type":"page","link":"https:\/\/ilfo.pl\/en\/fundatorzy\/jaroslaw-chalas\/","title":{"rendered":"Jaros\u0142aw Cha\u0142as"},"content":{"rendered":"<h1>Jaros\u0142aw Cha\u0142as<\/h1>\n\t\t\t<a href=\"#drive\" target=\"_self\" role=\"button\" rel=\"noopener noreferrer\">\n\t\t\t\t\t\t\tFind out what drives us\n\t\t\t\t\t<\/a>\n\t\t\t\t<img loading=\"lazy\" src=\"https:\/\/ilfo.pl\/wp-content\/uploads\/bb-plugin\/cache\/jaroslaw_chalas-square.jpg\" alt=\"jaroslaw_chalas\" itemprop=\"image\" height=\"281\" width=\"217\" title=\"jaroslaw_chalas\" onerror=\"this.style.display='none'\"  \/>\n<h3>Jaros\u0142aw Cha\u0142as<\/h3>\t\t\n\t\t\t<em>Partner Zarzadzajacy<\/em><br \/>\n<em>Kancelaria Prawna Chalas i Wspolnicy<\/em>\n\t<p>Jest ekspertem z zakresu prawa procesowego, spor\u00f3w korporacyjnych, transakcji fuzji i przej\u0119\u0107. Specjalizuje si\u0119 r\u00f3wnie\u017c w prawie kontrakt\u00f3w. W ci\u0105gu ostatnich 25 lat reprezentowa\u0142 interesy najwi\u0119kszych polskich firm i zagranicznych korporacji. Doradza\u0142 w kilkudziesi\u0119ciu znanych projektach prywatyzacyjnych, restrukturyzacyjnych oraz inwestycyjnych czo\u0142owych przedsi\u0119biorstw na polskim rynku. <\/p>\n<p>Autor artyku\u0142\u00f3w i opracowa\u0144 dotycz\u0105cych prawa gospodarczego. Mentor i komentator zagadnie\u0144 prawnych tak\u017ce w takich obszarach jak: biznes, sport i show-biznes. Anga\u017cuje si\u0119 w liczne projekty z zakresu promocji kultury, m.in. dzia\u0142ania Fundacji ArtGang czy On Camera \u2013 International Film Events.<\/p>\n<p>Jest laureatem wielu nagr\u00f3d i wyr\u00f3\u017cnie\u0144, m.in. Optymista Roku 2017, Osobowo\u015b\u0107 Roku 2016, Top-5 partner\u00f3w zarz\u0105dzaj\u0105cych Gazety Finansowej 2016, Menad\u017cer Roku 2010.<\/p>","protected":false},"excerpt":{"rendered":"<p>Jaros\u0142aw Cha\u0142as Find out what drives us Jaros\u0142aw Cha\u0142as Partner Zarzadzajacy Kancelaria Prawna Chalas i Wspolnicy Jest ekspertem z zakresu prawa procesowego, spor\u00f3w korporacyjnych, transakcji fuzji i przej\u0119\u0107. Specjalizuje si\u0119 r\u00f3wnie\u017c w prawie kontrakt\u00f3w. W ci\u0105gu ostatnich 25 lat reprezentowa\u0142 interesy najwi\u0119kszych polskich firm i zagranicznych korporacji. Doradza\u0142 w kilkudziesi\u0119ciu znanych projektach prywatyzacyjnych, restrukturyzacyjnych oraz &#8230; <a title=\"Jaros\u0142aw Cha\u0142as\" class=\"read-more\" href=\"https:\/\/ilfo.pl\/en\/fundatorzy\/jaroslaw-chalas\/\">Read more<\/a><\/p>","protected":false},"author":1,"featured_media":0,"parent":759,"menu_order":20,"comment_status":"closed","ping_status":"closed","template":"","meta":[],"yoast_head":"<!-- This site is optimized with the Yoast SEO plugin v15.9.2 - https:\/\/yoast.com\/wordpress\/plugins\/seo\/ -->\n<title>Jaros\u0142aw Cha\u0142as - ILFO<\/title>\n<meta name=\"robots\" content=\"index, follow, max-snippet:-1, max-image-preview:large, max-video-preview:-1\" \/>\n<link rel=\"canonical\" href=\"https:\/\/ilfo.pl\/en\/fundatorzy\/jaroslaw-chalas\/\" \/>\n<meta property=\"og:locale\" content=\"en_GB\" \/>\n<meta property=\"og:type\" content=\"article\" \/>\n<meta property=\"og:title\" content=\"Jaros\u0142aw Cha\u0142as - ILFO\" \/>\n<meta property=\"og:description\" content=\"Jaros\u0142aw Cha\u0142as Find out what drives us Jaros\u0142aw Cha\u0142as Partner Zarzadzajacy Kancelaria Prawna Chalas i Wspolnicy Jest ekspertem z zakresu prawa procesowego, spor\u00f3w korporacyjnych, transakcji fuzji i przej\u0119\u0107. Specjalizuje si\u0119 r\u00f3wnie\u017c w prawie kontrakt\u00f3w. W ci\u0105gu ostatnich 25 lat reprezentowa\u0142 interesy najwi\u0119kszych polskich firm i zagranicznych korporacji. Doradza\u0142 w kilkudziesi\u0119ciu znanych projektach prywatyzacyjnych, restrukturyzacyjnych oraz ... Read more\" \/>\n<meta property=\"og:url\" content=\"https:\/\/ilfo.pl\/en\/fundatorzy\/jaroslaw-chalas\/\" \/>\n<meta property=\"og:site_name\" content=\"ILFO\" \/>\n<meta property=\"article:modified_time\" content=\"2020-05-22T11:32:37+00:00\" \/>\n<meta property=\"og:image\" content=\"https:\/\/ilfo.pl\/wp-content\/uploads\/bb-plugin\/cache\/jaroslaw_chalas-square.jpg\" \/>\n<meta name=\"twitter:card\" content=\"summary_large_image\" \/>\n<meta name=\"twitter:label1\" content=\"Estimated reading time\">\n\t<meta name=\"twitter:data1\" content=\"1 minute\">\n<script type=\"application\/ld+json\" class=\"yoast-schema-graph\">{\"@context\":\"https:\/\/schema.org\",\"@graph\":[{\"@type\":\"Organization\",\"@id\":\"https:\/\/ilfo.pl\/#organization\",\"name\":\"International Leaders Forum\",\"url\":\"https:\/\/ilfo.pl\/\",\"sameAs\":[],\"logo\":{\"@type\":\"ImageObject\",\"@id\":\"https:\/\/ilfo.pl\/#logo\",\"inLanguage\":\"en-GB\",\"url\":\"https:\/\/ilfo.pl\/wp-content\/uploads\/2020\/05\/logo_ilfo_color.png\",\"width\":933,\"height\":522,\"caption\":\"International Leaders Forum\"},\"image\":{\"@id\":\"https:\/\/ilfo.pl\/#logo\"}},{\"@type\":\"WebSite\",\"@id\":\"https:\/\/ilfo.pl\/#website\",\"url\":\"https:\/\/ilfo.pl\/\",\"name\":\"ILFO\",\"description\":\"International Leaders Forum\",\"publisher\":{\"@id\":\"https:\/\/ilfo.pl\/#organization\"},\"potentialAction\":[{\"@type\":\"SearchAction\",\"target\":\"https:\/\/ilfo.pl\/?s={search_term_string}\",\"query-input\":\"required name=search_term_string\"}],\"inLanguage\":\"en-GB\"},{\"@type\":\"ImageObject\",\"@id\":\"https:\/\/ilfo.pl\/fundatorzy\/jaroslaw-chalas\/#primaryimage\",\"inLanguage\":\"en-GB\",\"url\":\"https:\/\/ilfo.pl\/wp-content\/uploads\/bb-plugin\/cache\/jaroslaw_chalas-square.jpg\"},{\"@type\":\"WebPage\",\"@id\":\"https:\/\/ilfo.pl\/fundatorzy\/jaroslaw-chalas\/#webpage\",\"url\":\"https:\/\/ilfo.pl\/fundatorzy\/jaroslaw-chalas\/\",\"name\":\"Jaros\\u0142aw Cha\\u0142as - ILFO\",\"isPartOf\":{\"@id\":\"https:\/\/ilfo.pl\/#website\"},\"primaryImageOfPage\":{\"@id\":\"https:\/\/ilfo.pl\/fundatorzy\/jaroslaw-chalas\/#primaryimage\"},\"datePublished\":\"2020-05-15T18:39:01+00:00\",\"dateModified\":\"2020-05-22T11:32:37+00:00\",\"breadcrumb\":{\"@id\":\"https:\/\/ilfo.pl\/fundatorzy\/jaroslaw-chalas\/#breadcrumb\"},\"inLanguage\":\"en-GB\",\"potentialAction\":[{\"@type\":\"ReadAction\",\"target\":[\"https:\/\/ilfo.pl\/fundatorzy\/jaroslaw-chalas\/\"]}]},{\"@type\":\"BreadcrumbList\",\"@id\":\"https:\/\/ilfo.pl\/fundatorzy\/jaroslaw-chalas\/#breadcrumb\",\"itemListElement\":[{\"@type\":\"ListItem\",\"position\":1,\"item\":{\"@type\":\"WebPage\",\"@id\":\"https:\/\/ilfo.pl\/\",\"url\":\"https:\/\/ilfo.pl\/\",\"name\":\"Strona g\\u0142\\u00f3wna\"}},{\"@type\":\"ListItem\",\"position\":2,\"item\":{\"@type\":\"WebPage\",\"@id\":\"https:\/\/ilfo.pl\/fundatorzy\/\",\"url\":\"https:\/\/ilfo.pl\/fundatorzy\/\",\"name\":\"Fundatorzy\"}},{\"@type\":\"ListItem\",\"position\":3,\"item\":{\"@type\":\"WebPage\",\"@id\":\"https:\/\/ilfo.pl\/fundatorzy\/jaroslaw-chalas\/\",\"url\":\"https:\/\/ilfo.pl\/fundatorzy\/jaroslaw-chalas\/\",\"name\":\"Jaros\\u0142aw Cha\\u0142as\"}}]}]}<\/script>\n<!-- \/ Yoast SEO plugin. -->","_links":{"self":[{"href":"https:\/\/ilfo.pl\/en\/wp-json\/wp\/v2\/pages\/1083"}],"collection":[{"href":"https:\/\/ilfo.pl\/en\/wp-json\/wp\/v2\/pages"}],"about":[{"href":"https:\/\/ilfo.pl\/en\/wp-json\/wp\/v2\/types\/page"}],"author":[{"embeddable":true,"href":"https:\/\/ilfo.pl\/en\/wp-json\/wp\/v2\/users\/1"}],"replies":[{"embeddable":true,"href":"https:\/\/ilfo.pl\/en\/wp-json\/wp\/v2\/comments?post=1083"}],"version-history":[{"count":7,"href":"https:\/\/ilfo.pl\/en\/wp-json\/wp\/v2\/pages\/1083\/revisions"}],"predecessor-version":[{"id":1307,"href":"https:\/\/ilfo.pl\/en\/wp-json\/wp\/v2\/pages\/1083\/revisions\/1307"}],"up":[{"embeddable":true,"href":"https:\/\/ilfo.pl\/en\/wp-json\/wp\/v2\/pages\/759"}],"wp:attachment":[{"href":"https:\/\/ilfo.pl\/en\/wp-json\/wp\/v2\/media?parent=1083"}],"curies":[{"name":"wp","href":"https:\/\/api.w.org\/{rel}","templated":true}]}}