{"id":1087,"date":"2020-05-15T18:41:09","date_gmt":"2020-05-15T18:41:09","guid":{"rendered":"https:\/\/ilfo.pl\/?page_id=1087"},"modified":"2020-06-09T08:40:07","modified_gmt":"2020-06-09T08:40:07","slug":"robert-bednarski","status":"publish","type":"page","link":"https:\/\/ilfo.pl\/en\/fundatorzy\/robert-bednarski\/","title":{"rendered":"Robert Bednarski"},"content":{"rendered":"<h1>Robert Bednarski<\/h1>\n\t\t\t<a href=\"#drive\" target=\"_self\" role=\"button\" rel=\"noopener noreferrer\">\n\t\t\t\t\t\t\tFind out what drives us\n\t\t\t\t\t<\/a>\n\t\t\t\t<img loading=\"lazy\" src=\"https:\/\/ilfo.pl\/wp-content\/uploads\/bb-plugin\/cache\/ilfo_bednarski-square.jpg\" alt=\"ilfo_bednarski\" itemprop=\"image\" height=\"370\" width=\"556\" title=\"ilfo_bednarski\" onerror=\"this.style.display='none'\"  \/>\n<h3>Robert Bednarski<\/h3>\t\t\n\t\t\t<p><em>Dyrektor na Europ\u0119 \u015arodkowo-Wschodni\u0105 Facebook<\/em><\/p>\n\t<p>Jest cenionym liderem biznesowym i ekspertem w dziedzinie ekonomii, finans\u00f3w, reklamy, sprzeda\u017cy i zarz\u0105dzania. <\/p>\n<p>Zarz\u0105dza z warszawskiego biura dzia\u0142aniami Facebooka w dwunastu krajach\u00a0 Europy \u015arodkowo-Wschodniej, a tak\u017ce kieruje zespo\u0142em sprzeda\u017cy, wsp\u00f3\u0142pracuj\u0105c z klientami firmy w ca\u0142ym regionie. Wcze\u015bniej przez 15 lat pracowa\u0142 w Grupie Onet S.A., gdzie zajmowa\u0142 wysokie stanowiska kierownicze. Pe\u0142ni\u0142 m.in. funkcj\u0119 CFO i Prezesa Zarz\u0105du Grupy. Pod jego kierownictwem portal internetowy zmieni\u0142 si\u0119 w pr\u0119\u017cn\u0105 grup\u0119 medialn\u0105 z rosn\u0105cym portfolio nowych projekt\u00f3w i format\u00f3w reklamowych Onetu.<\/p>\n<p>Robert Bednarski jest doktorem nauk ekonomicznych, absolwentem Akademii Ekonomicznej w Krakowie. Jego pasj\u0105 s\u0105 sporty dru\u017cynowe, w szczeg\u00f3lno\u015bci siatk\u00f3wka, i motorowe. Uprawia r\u00f3wnie\u017c w\u0119dkarstwo wyczynowe sp\u0142awikowe i spinningowe. <\/p>","protected":false},"excerpt":{"rendered":"<p>Robert Bednarski Find out what drives us Robert Bednarski Dyrektor na Europ\u0119 \u015arodkowo-Wschodni\u0105 Facebook Jest cenionym liderem biznesowym i ekspertem w dziedzinie ekonomii, finans\u00f3w, reklamy, sprzeda\u017cy i zarz\u0105dzania. Zarz\u0105dza z warszawskiego biura dzia\u0142aniami Facebooka w dwunastu krajach\u00a0 Europy \u015arodkowo-Wschodniej, a tak\u017ce kieruje zespo\u0142em sprzeda\u017cy, wsp\u00f3\u0142pracuj\u0105c z klientami firmy w ca\u0142ym regionie. Wcze\u015bniej przez 15 lat &#8230; <a title=\"Robert Bednarski\" class=\"read-more\" href=\"https:\/\/ilfo.pl\/en\/fundatorzy\/robert-bednarski\/\">Read more<\/a><\/p>","protected":false},"author":1,"featured_media":0,"parent":759,"menu_order":20,"comment_status":"closed","ping_status":"closed","template":"","meta":[],"yoast_head":"<!-- This site is optimized with the Yoast SEO plugin v15.9.2 - https:\/\/yoast.com\/wordpress\/plugins\/seo\/ -->\n<title>Robert Bednarski - ILFO<\/title>\n<meta name=\"robots\" content=\"index, follow, max-snippet:-1, max-image-preview:large, max-video-preview:-1\" \/>\n<link rel=\"canonical\" href=\"https:\/\/ilfo.pl\/en\/fundatorzy\/robert-bednarski\/\" \/>\n<meta property=\"og:locale\" content=\"en_GB\" \/>\n<meta property=\"og:type\" content=\"article\" \/>\n<meta property=\"og:title\" content=\"Robert Bednarski - ILFO\" \/>\n<meta property=\"og:description\" content=\"Robert Bednarski Find out what drives us Robert Bednarski Dyrektor na Europ\u0119 \u015arodkowo-Wschodni\u0105 Facebook Jest cenionym liderem biznesowym i ekspertem w dziedzinie ekonomii, finans\u00f3w, reklamy, sprzeda\u017cy i zarz\u0105dzania. Zarz\u0105dza z warszawskiego biura dzia\u0142aniami Facebooka w dwunastu krajach\u00a0 Europy \u015arodkowo-Wschodniej, a tak\u017ce kieruje zespo\u0142em sprzeda\u017cy, wsp\u00f3\u0142pracuj\u0105c z klientami firmy w ca\u0142ym regionie. Wcze\u015bniej przez 15 lat ... Read more\" \/>\n<meta property=\"og:url\" content=\"https:\/\/ilfo.pl\/en\/fundatorzy\/robert-bednarski\/\" \/>\n<meta property=\"og:site_name\" content=\"ILFO\" \/>\n<meta property=\"article:modified_time\" content=\"2020-06-09T08:40:07+00:00\" \/>\n<meta property=\"og:image\" content=\"https:\/\/ilfo.pl\/wp-content\/uploads\/bb-plugin\/cache\/ilfo_bednarski-square.jpg\" \/>\n<meta name=\"twitter:card\" content=\"summary_large_image\" \/>\n<meta name=\"twitter:label1\" content=\"Estimated reading time\">\n\t<meta name=\"twitter:data1\" content=\"1 minute\">\n<script type=\"application\/ld+json\" class=\"yoast-schema-graph\">{\"@context\":\"https:\/\/schema.org\",\"@graph\":[{\"@type\":\"Organization\",\"@id\":\"https:\/\/ilfo.pl\/#organization\",\"name\":\"International Leaders Forum\",\"url\":\"https:\/\/ilfo.pl\/\",\"sameAs\":[],\"logo\":{\"@type\":\"ImageObject\",\"@id\":\"https:\/\/ilfo.pl\/#logo\",\"inLanguage\":\"en-GB\",\"url\":\"https:\/\/ilfo.pl\/wp-content\/uploads\/2020\/05\/logo_ilfo_color.png\",\"width\":933,\"height\":522,\"caption\":\"International Leaders Forum\"},\"image\":{\"@id\":\"https:\/\/ilfo.pl\/#logo\"}},{\"@type\":\"WebSite\",\"@id\":\"https:\/\/ilfo.pl\/#website\",\"url\":\"https:\/\/ilfo.pl\/\",\"name\":\"ILFO\",\"description\":\"International Leaders Forum\",\"publisher\":{\"@id\":\"https:\/\/ilfo.pl\/#organization\"},\"potentialAction\":[{\"@type\":\"SearchAction\",\"target\":\"https:\/\/ilfo.pl\/?s={search_term_string}\",\"query-input\":\"required name=search_term_string\"}],\"inLanguage\":\"en-GB\"},{\"@type\":\"ImageObject\",\"@id\":\"https:\/\/ilfo.pl\/fundatorzy\/robert-bednarski\/#primaryimage\",\"inLanguage\":\"en-GB\",\"url\":\"https:\/\/ilfo.pl\/wp-content\/uploads\/bb-plugin\/cache\/ilfo_bednarski-square.jpg\"},{\"@type\":\"WebPage\",\"@id\":\"https:\/\/ilfo.pl\/fundatorzy\/robert-bednarski\/#webpage\",\"url\":\"https:\/\/ilfo.pl\/fundatorzy\/robert-bednarski\/\",\"name\":\"Robert Bednarski - ILFO\",\"isPartOf\":{\"@id\":\"https:\/\/ilfo.pl\/#website\"},\"primaryImageOfPage\":{\"@id\":\"https:\/\/ilfo.pl\/fundatorzy\/robert-bednarski\/#primaryimage\"},\"datePublished\":\"2020-05-15T18:41:09+00:00\",\"dateModified\":\"2020-06-09T08:40:07+00:00\",\"breadcrumb\":{\"@id\":\"https:\/\/ilfo.pl\/fundatorzy\/robert-bednarski\/#breadcrumb\"},\"inLanguage\":\"en-GB\",\"potentialAction\":[{\"@type\":\"ReadAction\",\"target\":[\"https:\/\/ilfo.pl\/fundatorzy\/robert-bednarski\/\"]}]},{\"@type\":\"BreadcrumbList\",\"@id\":\"https:\/\/ilfo.pl\/fundatorzy\/robert-bednarski\/#breadcrumb\",\"itemListElement\":[{\"@type\":\"ListItem\",\"position\":1,\"item\":{\"@type\":\"WebPage\",\"@id\":\"https:\/\/ilfo.pl\/\",\"url\":\"https:\/\/ilfo.pl\/\",\"name\":\"Strona g\\u0142\\u00f3wna\"}},{\"@type\":\"ListItem\",\"position\":2,\"item\":{\"@type\":\"WebPage\",\"@id\":\"https:\/\/ilfo.pl\/fundatorzy\/\",\"url\":\"https:\/\/ilfo.pl\/fundatorzy\/\",\"name\":\"Fundatorzy\"}},{\"@type\":\"ListItem\",\"position\":3,\"item\":{\"@type\":\"WebPage\",\"@id\":\"https:\/\/ilfo.pl\/fundatorzy\/robert-bednarski\/\",\"url\":\"https:\/\/ilfo.pl\/fundatorzy\/robert-bednarski\/\",\"name\":\"Robert Bednarski\"}}]}]}<\/script>\n<!-- \/ Yoast SEO plugin. -->","_links":{"self":[{"href":"https:\/\/ilfo.pl\/en\/wp-json\/wp\/v2\/pages\/1087"}],"collection":[{"href":"https:\/\/ilfo.pl\/en\/wp-json\/wp\/v2\/pages"}],"about":[{"href":"https:\/\/ilfo.pl\/en\/wp-json\/wp\/v2\/types\/page"}],"author":[{"embeddable":true,"href":"https:\/\/ilfo.pl\/en\/wp-json\/wp\/v2\/users\/1"}],"replies":[{"embeddable":true,"href":"https:\/\/ilfo.pl\/en\/wp-json\/wp\/v2\/comments?post=1087"}],"version-history":[{"count":4,"href":"https:\/\/ilfo.pl\/en\/wp-json\/wp\/v2\/pages\/1087\/revisions"}],"predecessor-version":[{"id":1281,"href":"https:\/\/ilfo.pl\/en\/wp-json\/wp\/v2\/pages\/1087\/revisions\/1281"}],"up":[{"embeddable":true,"href":"https:\/\/ilfo.pl\/en\/wp-json\/wp\/v2\/pages\/759"}],"wp:attachment":[{"href":"https:\/\/ilfo.pl\/en\/wp-json\/wp\/v2\/media?parent=1087"}],"curies":[{"name":"wp","href":"https:\/\/api.w.org\/{rel}","templated":true}]}}