{"id":1099,"date":"2020-05-15T18:42:16","date_gmt":"2020-05-15T18:42:16","guid":{"rendered":"https:\/\/ilfo.pl\/?page_id=1099"},"modified":"2020-06-09T08:40:22","modified_gmt":"2020-06-09T08:40:22","slug":"artur-waliszewski","status":"publish","type":"page","link":"https:\/\/ilfo.pl\/en\/fundatorzy\/artur-waliszewski\/","title":{"rendered":"Artur Waliszewski"},"content":{"rendered":"<h1>Artur Waliszewski<\/h1>\n\t\t\t<a href=\"#drive\" target=\"_self\" role=\"button\" rel=\"noopener noreferrer\">\n\t\t\t\t\t\t\tFind out what drives us\n\t\t\t\t\t<\/a>\n\t\t\t\t<img loading=\"lazy\" src=\"https:\/\/ilfo.pl\/wp-content\/uploads\/bb-plugin\/cache\/Artur_Waliszewski--square.jpeg\" alt=\"Artur_Waliszewski\" itemprop=\"image\" height=\"500\" width=\"500\" title=\"Artur_Waliszewski\" onerror=\"this.style.display='none'\"  \/>\n<h3>Artur Waliszewski<\/h3>\t\t\n\t\t\t<p><em>Regional Business Director CEE, Google<\/em><\/p>\n\t<p>Wsp\u00f3\u0142tw\u00f3rca bran\u017cy internetowej w Polsce, uznany lider i ekspert rynku online na \u015bwiecie. Z Google zwi\u0105zany jest od 2006 roku. Od zera stworzy\u0142 polski oddzia\u0142 firmy pocz\u0105tkowo jako Country Business Manager, a nast\u0119pnie Country Business Director. Od 2010 roku pe\u0142ni funkcj\u0119 Regional Business Director<b> <\/b>i nadzoruje dzia\u0142alno\u015b\u0107 Google na kilkunastu rynkach Europy \u015arodkowo-Wschodniej. Jest odpowiedzialny m.in. za okre\u015blanie i wdra\u017canie strategii rozwoju biznesu w regionie. W 2019 roku zosta\u0142 r\u00f3wnie\u017c szefem oddzia\u0142u Google w Polsce. <\/p>\n<p>Przed do\u0142\u0105czeniem do Google by\u0142 cz\u0142onkiem zarz\u0105du i dyrektorem najwi\u0119kszego polskiego portalu internetowego Onet.pl, sp\u00f3\u0142ki, kt\u00f3r\u0105 wsp\u00f3\u0142tworzy\u0142 od jej pocz\u0105tk\u00f3w w 1996 roku. By\u0142 zawsze w grupie os\u00f3b \u015bci\u015ble odpowiedzialnych za jego powstawanie i rozw\u00f3j. Zasiada\u0142 m.in. w zarz\u0105dzie jako osoba odpowiedzialna za serwisy i us\u0142ugi portalu dla u\u017cytkownik\u00f3w ko\u0144cowych. <\/p>\n<p>Uko\u0144czy\u0142 studia na Wydziale Zarz\u0105dzania i Marketingu na Akademii Ekonomicznej w Krakowie.<\/p>","protected":false},"excerpt":{"rendered":"<p>Artur Waliszewski Find out what drives us Artur Waliszewski Regional Business Director CEE, Google Wsp\u00f3\u0142tw\u00f3rca bran\u017cy internetowej w Polsce, uznany lider i ekspert rynku online na \u015bwiecie. Z Google zwi\u0105zany jest od 2006 roku. Od zera stworzy\u0142 polski oddzia\u0142 firmy pocz\u0105tkowo jako Country Business Manager, a nast\u0119pnie Country Business Director. Od 2010 roku pe\u0142ni funkcj\u0119 &#8230; <a title=\"Artur Waliszewski\" class=\"read-more\" href=\"https:\/\/ilfo.pl\/en\/fundatorzy\/artur-waliszewski\/\">Read more<\/a><\/p>","protected":false},"author":1,"featured_media":0,"parent":759,"menu_order":20,"comment_status":"closed","ping_status":"closed","template":"","meta":[],"yoast_head":"<!-- This site is optimized with the Yoast SEO plugin v15.9.2 - https:\/\/yoast.com\/wordpress\/plugins\/seo\/ -->\n<title>Artur Waliszewski - ILFO<\/title>\n<meta name=\"robots\" content=\"index, follow, max-snippet:-1, max-image-preview:large, max-video-preview:-1\" \/>\n<link rel=\"canonical\" href=\"https:\/\/ilfo.pl\/en\/fundatorzy\/artur-waliszewski\/\" \/>\n<meta property=\"og:locale\" content=\"en_GB\" \/>\n<meta property=\"og:type\" content=\"article\" \/>\n<meta property=\"og:title\" content=\"Artur Waliszewski - ILFO\" \/>\n<meta property=\"og:description\" content=\"Artur Waliszewski Find out what drives us Artur Waliszewski Regional Business Director CEE, Google Wsp\u00f3\u0142tw\u00f3rca bran\u017cy internetowej w Polsce, uznany lider i ekspert rynku online na \u015bwiecie. Z Google zwi\u0105zany jest od 2006 roku. Od zera stworzy\u0142 polski oddzia\u0142 firmy pocz\u0105tkowo jako Country Business Manager, a nast\u0119pnie Country Business Director. Od 2010 roku pe\u0142ni funkcj\u0119 ... Read more\" \/>\n<meta property=\"og:url\" content=\"https:\/\/ilfo.pl\/en\/fundatorzy\/artur-waliszewski\/\" \/>\n<meta property=\"og:site_name\" content=\"ILFO\" \/>\n<meta property=\"article:modified_time\" content=\"2020-06-09T08:40:22+00:00\" \/>\n<meta property=\"og:image\" content=\"https:\/\/ilfo.pl\/wp-content\/uploads\/bb-plugin\/cache\/Artur_Waliszewski--square.jpeg\" \/>\n<meta name=\"twitter:card\" content=\"summary_large_image\" \/>\n<meta name=\"twitter:label1\" content=\"Estimated reading time\">\n\t<meta name=\"twitter:data1\" content=\"1 minute\">\n<script type=\"application\/ld+json\" class=\"yoast-schema-graph\">{\"@context\":\"https:\/\/schema.org\",\"@graph\":[{\"@type\":\"Organization\",\"@id\":\"https:\/\/ilfo.pl\/#organization\",\"name\":\"International Leaders Forum\",\"url\":\"https:\/\/ilfo.pl\/\",\"sameAs\":[],\"logo\":{\"@type\":\"ImageObject\",\"@id\":\"https:\/\/ilfo.pl\/#logo\",\"inLanguage\":\"en-GB\",\"url\":\"https:\/\/ilfo.pl\/wp-content\/uploads\/2020\/05\/logo_ilfo_color.png\",\"width\":933,\"height\":522,\"caption\":\"International Leaders Forum\"},\"image\":{\"@id\":\"https:\/\/ilfo.pl\/#logo\"}},{\"@type\":\"WebSite\",\"@id\":\"https:\/\/ilfo.pl\/#website\",\"url\":\"https:\/\/ilfo.pl\/\",\"name\":\"ILFO\",\"description\":\"International Leaders Forum\",\"publisher\":{\"@id\":\"https:\/\/ilfo.pl\/#organization\"},\"potentialAction\":[{\"@type\":\"SearchAction\",\"target\":\"https:\/\/ilfo.pl\/?s={search_term_string}\",\"query-input\":\"required name=search_term_string\"}],\"inLanguage\":\"en-GB\"},{\"@type\":\"ImageObject\",\"@id\":\"https:\/\/ilfo.pl\/fundatorzy\/artur-waliszewski\/#primaryimage\",\"inLanguage\":\"en-GB\",\"url\":\"https:\/\/ilfo.pl\/wp-content\/uploads\/bb-plugin\/cache\/Artur_Waliszewski--square.jpeg\"},{\"@type\":\"WebPage\",\"@id\":\"https:\/\/ilfo.pl\/fundatorzy\/artur-waliszewski\/#webpage\",\"url\":\"https:\/\/ilfo.pl\/fundatorzy\/artur-waliszewski\/\",\"name\":\"Artur Waliszewski - ILFO\",\"isPartOf\":{\"@id\":\"https:\/\/ilfo.pl\/#website\"},\"primaryImageOfPage\":{\"@id\":\"https:\/\/ilfo.pl\/fundatorzy\/artur-waliszewski\/#primaryimage\"},\"datePublished\":\"2020-05-15T18:42:16+00:00\",\"dateModified\":\"2020-06-09T08:40:22+00:00\",\"breadcrumb\":{\"@id\":\"https:\/\/ilfo.pl\/fundatorzy\/artur-waliszewski\/#breadcrumb\"},\"inLanguage\":\"en-GB\",\"potentialAction\":[{\"@type\":\"ReadAction\",\"target\":[\"https:\/\/ilfo.pl\/fundatorzy\/artur-waliszewski\/\"]}]},{\"@type\":\"BreadcrumbList\",\"@id\":\"https:\/\/ilfo.pl\/fundatorzy\/artur-waliszewski\/#breadcrumb\",\"itemListElement\":[{\"@type\":\"ListItem\",\"position\":1,\"item\":{\"@type\":\"WebPage\",\"@id\":\"https:\/\/ilfo.pl\/\",\"url\":\"https:\/\/ilfo.pl\/\",\"name\":\"Strona g\\u0142\\u00f3wna\"}},{\"@type\":\"ListItem\",\"position\":2,\"item\":{\"@type\":\"WebPage\",\"@id\":\"https:\/\/ilfo.pl\/fundatorzy\/\",\"url\":\"https:\/\/ilfo.pl\/fundatorzy\/\",\"name\":\"Fundatorzy\"}},{\"@type\":\"ListItem\",\"position\":3,\"item\":{\"@type\":\"WebPage\",\"@id\":\"https:\/\/ilfo.pl\/fundatorzy\/artur-waliszewski\/\",\"url\":\"https:\/\/ilfo.pl\/fundatorzy\/artur-waliszewski\/\",\"name\":\"Artur Waliszewski\"}}]}]}<\/script>\n<!-- \/ Yoast SEO plugin. -->","_links":{"self":[{"href":"https:\/\/ilfo.pl\/en\/wp-json\/wp\/v2\/pages\/1099"}],"collection":[{"href":"https:\/\/ilfo.pl\/en\/wp-json\/wp\/v2\/pages"}],"about":[{"href":"https:\/\/ilfo.pl\/en\/wp-json\/wp\/v2\/types\/page"}],"author":[{"embeddable":true,"href":"https:\/\/ilfo.pl\/en\/wp-json\/wp\/v2\/users\/1"}],"replies":[{"embeddable":true,"href":"https:\/\/ilfo.pl\/en\/wp-json\/wp\/v2\/comments?post=1099"}],"version-history":[{"count":7,"href":"https:\/\/ilfo.pl\/en\/wp-json\/wp\/v2\/pages\/1099\/revisions"}],"predecessor-version":[{"id":1282,"href":"https:\/\/ilfo.pl\/en\/wp-json\/wp\/v2\/pages\/1099\/revisions\/1282"}],"up":[{"embeddable":true,"href":"https:\/\/ilfo.pl\/en\/wp-json\/wp\/v2\/pages\/759"}],"wp:attachment":[{"href":"https:\/\/ilfo.pl\/en\/wp-json\/wp\/v2\/media?parent=1099"}],"curies":[{"name":"wp","href":"https:\/\/api.w.org\/{rel}","templated":true}]}}