{"id":1105,"date":"2020-05-15T18:52:06","date_gmt":"2020-05-15T18:52:06","guid":{"rendered":"https:\/\/ilfo.pl\/?page_id=1105"},"modified":"2020-05-22T11:33:21","modified_gmt":"2020-05-22T11:33:21","slug":"monika-rajska-wolinska","status":"publish","type":"page","link":"https:\/\/ilfo.pl\/en\/fundatorzy\/monika-rajska-wolinska\/","title":{"rendered":"Monika Rajska-Woli\u0144ska"},"content":{"rendered":"<h1>Monika Rajska-Woli\u0144ska<\/h1>\n\t\t\t<a href=\"#drive\" target=\"_self\" role=\"button\" rel=\"noopener noreferrer\">\n\t\t\t\t\t\t\tFind out what drives us\n\t\t\t\t\t<\/a>\n\t\t\t\t<img loading=\"lazy\" src=\"https:\/\/ilfo.pl\/wp-content\/uploads\/bb-plugin\/cache\/ilfo-rajska-square.jpeg\" alt=\"ilfo-rajska\" itemprop=\"image\" height=\"853\" width=\"1280\" title=\"ilfo-rajska\" onerror=\"this.style.display='none'\"  \/>\n<h3>Monika Rajska-Woli\u0144ska<\/h3>\t\t\n\t\t\t<p><em>Partner Zarz\u0105dzaj\u0105ca Colliers International<\/em><\/p>\n<p><em><strong>Cz\u0142onek Zarz\u0105du Fundacji ILFO<\/strong><\/em><\/p>\n\t<p>Liderka biznesu i mened\u017cer z kilkunastoletnim do\u015bwiadczeniem w sektorze nieruchomo\u015bci. <\/p>\n<p>Stanowisko partnera zarz\u0105dzaj\u0105cego Colliers obj\u0119\u0142a w 2011 roku. Odpowiada za ca\u0142o\u015b\u0107 dzia\u0142a\u0144 strategicznych i operacyjnych firmy. Pod jej przewodnictwem przych\u00f3d firmy wzr\u00f3s\u0142 o blisko 100 procent, a zatrudnienie w firmie o niemal 70 procent. Jest jednym z dziewi\u0119ciu cz\u0142onk\u00f3w wchodz\u0105cych w sk\u0142ad zarz\u0105du Colliers EMEA Board, kt\u00f3ry okre\u015bla kierunki rozwoju firmy w Europie, na Bliskim Wschodzie i w Afryce. Pod przewodnictwem Moniki firma zosta\u0142a uhonorowana licznymi nagrodami przyznawanymi m.in. przez Eurobuild, CiJ, CEEQA, International Property Awards.<\/p>\n<p>Od lat wspiera aktywizacj\u0119 kobiet w biznesie, m.in. jako mentorka w Fundacji Liderek Biznesu. Miar\u0105 jej osi\u0105gni\u0119\u0107 s\u0105 liczne nagrody i wyr\u00f3\u017cnienia. Znalaz\u0142a si\u0119 w gronie laureat\u00f3w plebiscytu BrandMe CEO 2019, kt\u00f3ry odby\u0142 si\u0119 pod has\u0142em \u201eLiderzy XXI wieku\u201d, konkursu Top Woman in Real Estate, gdzie zwyci\u0119\u017cy\u0142a w kategorii Influencer of the Year oraz 10. edycji konkursu Sukces Pisany Szmink\u0105 Bizneswoman Roku, w kt\u00f3rym zdoby\u0142a tytu\u0142 Female Champion of Change.<\/p>\n<p>W 2015 roku zosta\u0142a uhonorowana tytu\u0142em Profesjonalisty Roku w presti\u017cowym konkursie bran\u017cowym CEE Quality Awards. Dwukrotnie znalaz\u0142a si\u0119 r\u00f3wnie\u017c w gronie stu najbardziej przedsi\u0119biorczych kobiet w Polsce w rankingu Pulsu Biznesu \u201e100 Kobiet Biznesu\u201d. Jest cz\u0142onkiem Royal Institution of Chartered Surveyors, a tak\u017ce Young Presidents\u2019 Organization.<\/p>","protected":false},"excerpt":{"rendered":"<p>Monika Rajska-Woli\u0144ska Find out what drives us Monika Rajska-Woli\u0144ska Partner Zarz\u0105dzaj\u0105ca Colliers International Cz\u0142onek Zarz\u0105du Fundacji ILFO Liderka biznesu i mened\u017cer z kilkunastoletnim do\u015bwiadczeniem w sektorze nieruchomo\u015bci. Stanowisko partnera zarz\u0105dzaj\u0105cego Colliers obj\u0119\u0142a w 2011 roku. Odpowiada za ca\u0142o\u015b\u0107 dzia\u0142a\u0144 strategicznych i operacyjnych firmy. Pod jej przewodnictwem przych\u00f3d firmy wzr\u00f3s\u0142 o blisko 100 procent, a zatrudnienie &#8230; <a title=\"Monika Rajska-Woli\u0144ska\" class=\"read-more\" href=\"https:\/\/ilfo.pl\/en\/fundatorzy\/monika-rajska-wolinska\/\">Read more<\/a><\/p>","protected":false},"author":1,"featured_media":0,"parent":759,"menu_order":20,"comment_status":"closed","ping_status":"closed","template":"","meta":[],"yoast_head":"<!-- This site is optimized with the Yoast SEO plugin v15.9.2 - https:\/\/yoast.com\/wordpress\/plugins\/seo\/ -->\n<title>Monika Rajska-Woli\u0144ska - ILFO<\/title>\n<meta name=\"robots\" content=\"index, follow, max-snippet:-1, max-image-preview:large, max-video-preview:-1\" \/>\n<link rel=\"canonical\" href=\"https:\/\/ilfo.pl\/en\/fundatorzy\/monika-rajska-wolinska\/\" \/>\n<meta property=\"og:locale\" content=\"en_GB\" \/>\n<meta property=\"og:type\" content=\"article\" \/>\n<meta property=\"og:title\" content=\"Monika Rajska-Woli\u0144ska - ILFO\" \/>\n<meta property=\"og:description\" content=\"Monika Rajska-Woli\u0144ska Find out what drives us Monika Rajska-Woli\u0144ska Partner Zarz\u0105dzaj\u0105ca Colliers International Cz\u0142onek Zarz\u0105du Fundacji ILFO Liderka biznesu i mened\u017cer z kilkunastoletnim do\u015bwiadczeniem w sektorze nieruchomo\u015bci. Stanowisko partnera zarz\u0105dzaj\u0105cego Colliers obj\u0119\u0142a w 2011 roku. Odpowiada za ca\u0142o\u015b\u0107 dzia\u0142a\u0144 strategicznych i operacyjnych firmy. Pod jej przewodnictwem przych\u00f3d firmy wzr\u00f3s\u0142 o blisko 100 procent, a zatrudnienie ... Read more\" \/>\n<meta property=\"og:url\" content=\"https:\/\/ilfo.pl\/en\/fundatorzy\/monika-rajska-wolinska\/\" \/>\n<meta property=\"og:site_name\" content=\"ILFO\" \/>\n<meta property=\"article:modified_time\" content=\"2020-05-22T11:33:21+00:00\" \/>\n<meta property=\"og:image\" content=\"https:\/\/ilfo.pl\/wp-content\/uploads\/bb-plugin\/cache\/ilfo-rajska-square.jpeg\" \/>\n<meta name=\"twitter:card\" content=\"summary_large_image\" \/>\n<meta name=\"twitter:label1\" content=\"Estimated reading time\">\n\t<meta name=\"twitter:data1\" content=\"1 minute\">\n<script type=\"application\/ld+json\" class=\"yoast-schema-graph\">{\"@context\":\"https:\/\/schema.org\",\"@graph\":[{\"@type\":\"Organization\",\"@id\":\"https:\/\/ilfo.pl\/#organization\",\"name\":\"International Leaders Forum\",\"url\":\"https:\/\/ilfo.pl\/\",\"sameAs\":[],\"logo\":{\"@type\":\"ImageObject\",\"@id\":\"https:\/\/ilfo.pl\/#logo\",\"inLanguage\":\"en-GB\",\"url\":\"https:\/\/ilfo.pl\/wp-content\/uploads\/2020\/05\/logo_ilfo_color.png\",\"width\":933,\"height\":522,\"caption\":\"International Leaders Forum\"},\"image\":{\"@id\":\"https:\/\/ilfo.pl\/#logo\"}},{\"@type\":\"WebSite\",\"@id\":\"https:\/\/ilfo.pl\/#website\",\"url\":\"https:\/\/ilfo.pl\/\",\"name\":\"ILFO\",\"description\":\"International Leaders Forum\",\"publisher\":{\"@id\":\"https:\/\/ilfo.pl\/#organization\"},\"potentialAction\":[{\"@type\":\"SearchAction\",\"target\":\"https:\/\/ilfo.pl\/?s={search_term_string}\",\"query-input\":\"required name=search_term_string\"}],\"inLanguage\":\"en-GB\"},{\"@type\":\"ImageObject\",\"@id\":\"https:\/\/ilfo.pl\/fundatorzy\/monika-rajska-wolinska\/#primaryimage\",\"inLanguage\":\"en-GB\",\"url\":\"https:\/\/ilfo.pl\/wp-content\/uploads\/bb-plugin\/cache\/ilfo-rajska-square.jpeg\"},{\"@type\":\"WebPage\",\"@id\":\"https:\/\/ilfo.pl\/fundatorzy\/monika-rajska-wolinska\/#webpage\",\"url\":\"https:\/\/ilfo.pl\/fundatorzy\/monika-rajska-wolinska\/\",\"name\":\"Monika Rajska-Woli\\u0144ska - ILFO\",\"isPartOf\":{\"@id\":\"https:\/\/ilfo.pl\/#website\"},\"primaryImageOfPage\":{\"@id\":\"https:\/\/ilfo.pl\/fundatorzy\/monika-rajska-wolinska\/#primaryimage\"},\"datePublished\":\"2020-05-15T18:52:06+00:00\",\"dateModified\":\"2020-05-22T11:33:21+00:00\",\"breadcrumb\":{\"@id\":\"https:\/\/ilfo.pl\/fundatorzy\/monika-rajska-wolinska\/#breadcrumb\"},\"inLanguage\":\"en-GB\",\"potentialAction\":[{\"@type\":\"ReadAction\",\"target\":[\"https:\/\/ilfo.pl\/fundatorzy\/monika-rajska-wolinska\/\"]}]},{\"@type\":\"BreadcrumbList\",\"@id\":\"https:\/\/ilfo.pl\/fundatorzy\/monika-rajska-wolinska\/#breadcrumb\",\"itemListElement\":[{\"@type\":\"ListItem\",\"position\":1,\"item\":{\"@type\":\"WebPage\",\"@id\":\"https:\/\/ilfo.pl\/\",\"url\":\"https:\/\/ilfo.pl\/\",\"name\":\"Strona g\\u0142\\u00f3wna\"}},{\"@type\":\"ListItem\",\"position\":2,\"item\":{\"@type\":\"WebPage\",\"@id\":\"https:\/\/ilfo.pl\/fundatorzy\/\",\"url\":\"https:\/\/ilfo.pl\/fundatorzy\/\",\"name\":\"Fundatorzy\"}},{\"@type\":\"ListItem\",\"position\":3,\"item\":{\"@type\":\"WebPage\",\"@id\":\"https:\/\/ilfo.pl\/fundatorzy\/monika-rajska-wolinska\/\",\"url\":\"https:\/\/ilfo.pl\/fundatorzy\/monika-rajska-wolinska\/\",\"name\":\"Monika Rajska-Woli\\u0144ska\"}}]}]}<\/script>\n<!-- \/ Yoast SEO plugin. -->","_links":{"self":[{"href":"https:\/\/ilfo.pl\/en\/wp-json\/wp\/v2\/pages\/1105"}],"collection":[{"href":"https:\/\/ilfo.pl\/en\/wp-json\/wp\/v2\/pages"}],"about":[{"href":"https:\/\/ilfo.pl\/en\/wp-json\/wp\/v2\/types\/page"}],"author":[{"embeddable":true,"href":"https:\/\/ilfo.pl\/en\/wp-json\/wp\/v2\/users\/1"}],"replies":[{"embeddable":true,"href":"https:\/\/ilfo.pl\/en\/wp-json\/wp\/v2\/comments?post=1105"}],"version-history":[{"count":8,"href":"https:\/\/ilfo.pl\/en\/wp-json\/wp\/v2\/pages\/1105\/revisions"}],"predecessor-version":[{"id":1308,"href":"https:\/\/ilfo.pl\/en\/wp-json\/wp\/v2\/pages\/1105\/revisions\/1308"}],"up":[{"embeddable":true,"href":"https:\/\/ilfo.pl\/en\/wp-json\/wp\/v2\/pages\/759"}],"wp:attachment":[{"href":"https:\/\/ilfo.pl\/en\/wp-json\/wp\/v2\/media?parent=1105"}],"curies":[{"name":"wp","href":"https:\/\/api.w.org\/{rel}","templated":true}]}}