{"id":1111,"date":"2020-05-15T18:54:32","date_gmt":"2020-05-15T18:54:32","guid":{"rendered":"https:\/\/ilfo.pl\/?page_id=1111"},"modified":"2020-06-09T08:40:37","modified_gmt":"2020-06-09T08:40:37","slug":"anna-rulkiewicz","status":"publish","type":"page","link":"https:\/\/ilfo.pl\/en\/fundatorzy\/anna-rulkiewicz\/","title":{"rendered":"Anna Rulkiewicz"},"content":{"rendered":"<h1>Anna Rulkiewicz<\/h1>\n\t\t\t<a href=\"#drive\" target=\"_self\" role=\"button\" rel=\"noopener noreferrer\">\n\t\t\t\t\t\t\tFind out what drives us\n\t\t\t\t\t<\/a>\n\t\t\t\t<img loading=\"lazy\" src=\"https:\/\/ilfo.pl\/wp-content\/uploads\/bb-plugin\/cache\/ilfo_anna_rulkiewicz-e1589922464682-1024x967-square.jpg\" alt=\"ilfo_anna_rulkiewicz\" itemprop=\"image\" height=\"967\" width=\"1024\" title=\"ilfo_anna_rulkiewicz\" onerror=\"this.style.display='none'\"  \/>\n<h3>Anna Rulkiewicz<\/h3>\t\t\n\t\t\t<p><em>Prezes Zarz\u0105du LUX MED Sp. z o.o.<\/em><\/p>\n\t<p>Funkcj\u0119 Prezes Grupy LUX MED obj\u0119\u0142a w 2007 r., a od ko\u0144ca 2011 r. jest r\u00f3wnie\u017c Dyrektorem Zarz\u0105dzaj\u0105cym LMG F\u00f6rs\u00e4krings AB, kt\u00f3rego oddzia\u0142 dzia\u0142a w Polsce pod mark\u0105 LUX MED Ubezpieczenia.<\/p>\n<p>Uko\u0144czy\u0142a Stanford Executive Program na Stanford University Graduate School of Business. Jest tak\u017ce absolwentk\u0105 Uniwersytetu im. Miko\u0142aja Kopernika w Toruniu i Uniwersytetu w Hamburgu, studi\u00f3w podyplomowych w Polsko-Francuskim Instytucie Ubezpiecze\u0144 przy Instytucie Francuskim oraz cyklu szkole\u0144 z zakresu m.in. zarz\u0105dzania, sprzeda\u017cy, komunikacji, marketingu (w tym 3-letnich studi\u00f3w mened\u017cerskich) w ramach certyfikowanego programu bran\u017cy ubezpieczeniowej LIMRA &#8222;Marketing Strategies for Executive Advancement&#8221; (LIMRA Executive Development Group). <\/p>\n<p>Uczestniczy w pracach zespo\u0142u problemowego ds. us\u0142ug publicznych powo\u0142anego w ramach Rady Dialogu Spo\u0142ecznego. Jest r\u00f3wnie\u017c wiceprzewodnicz\u0105c\u0105 Rady Polskiego Komitetu Olimpijskiego. W lipcu 2016 r. zosta\u0142a mianowana Wiceprezydentem Pracodawc\u00f3w RP a w czerwcu 2017 r. zosta\u0142a wybrana na kolejn\u0105 kadencj\u0119 na stanowisko Prezesa Pracodawc\u00f3w Medycyny Prywatnej. W 2018 r. zosta\u0142a powo\u0142ana przez Ministra Zdrowia do Rady Spo\u0142ecznej og\u00f3lnopolskiej debaty \u201eWsp\u00f3lnie dla Zdrowia &#8211; s\u0142uchamy, rozmawiamy, dzia\u0142amy&#8221;. Zasiada r\u00f3wnie\u017c w Kapitule programu prowadzonego przez Ministerstwo Zdrowia &#8211; \u201ePracoDawca Zdrowia&#8221;. W latach 2013-2017 pe\u0142ni\u0142a funkcj\u0119 Cz\u0142onka Rady Nadzorczej Banku Handlowego SA (Citi Handlowy).<\/p>","protected":false},"excerpt":{"rendered":"<p>Anna Rulkiewicz Find out what drives us Anna Rulkiewicz Prezes Zarz\u0105du LUX MED Sp. z o.o. Funkcj\u0119 Prezes Grupy LUX MED obj\u0119\u0142a w 2007 r., a od ko\u0144ca 2011 r. jest r\u00f3wnie\u017c Dyrektorem Zarz\u0105dzaj\u0105cym LMG F\u00f6rs\u00e4krings AB, kt\u00f3rego oddzia\u0142 dzia\u0142a w Polsce pod mark\u0105 LUX MED Ubezpieczenia. Uko\u0144czy\u0142a Stanford Executive Program na Stanford University Graduate &#8230; <a title=\"Anna Rulkiewicz\" class=\"read-more\" href=\"https:\/\/ilfo.pl\/en\/fundatorzy\/anna-rulkiewicz\/\">Read more<\/a><\/p>","protected":false},"author":1,"featured_media":0,"parent":759,"menu_order":20,"comment_status":"closed","ping_status":"closed","template":"","meta":[],"yoast_head":"<!-- This site is optimized with the Yoast SEO plugin v15.9.2 - https:\/\/yoast.com\/wordpress\/plugins\/seo\/ -->\n<title>Anna Rulkiewicz - ILFO<\/title>\n<meta name=\"robots\" content=\"index, follow, max-snippet:-1, max-image-preview:large, max-video-preview:-1\" \/>\n<link rel=\"canonical\" href=\"https:\/\/ilfo.pl\/en\/fundatorzy\/anna-rulkiewicz\/\" \/>\n<meta property=\"og:locale\" content=\"en_GB\" \/>\n<meta property=\"og:type\" content=\"article\" \/>\n<meta property=\"og:title\" content=\"Anna Rulkiewicz - ILFO\" \/>\n<meta property=\"og:description\" content=\"Anna Rulkiewicz Find out what drives us Anna Rulkiewicz Prezes Zarz\u0105du LUX MED Sp. z o.o. Funkcj\u0119 Prezes Grupy LUX MED obj\u0119\u0142a w 2007 r., a od ko\u0144ca 2011 r. jest r\u00f3wnie\u017c Dyrektorem Zarz\u0105dzaj\u0105cym LMG F\u00f6rs\u00e4krings AB, kt\u00f3rego oddzia\u0142 dzia\u0142a w Polsce pod mark\u0105 LUX MED Ubezpieczenia. Uko\u0144czy\u0142a Stanford Executive Program na Stanford University Graduate ... Read more\" \/>\n<meta property=\"og:url\" content=\"https:\/\/ilfo.pl\/en\/fundatorzy\/anna-rulkiewicz\/\" \/>\n<meta property=\"og:site_name\" content=\"ILFO\" \/>\n<meta property=\"article:modified_time\" content=\"2020-06-09T08:40:37+00:00\" \/>\n<meta property=\"og:image\" content=\"https:\/\/ilfo.pl\/wp-content\/uploads\/bb-plugin\/cache\/ilfo_anna_rulkiewicz-e1589922464682-1024x967-square.jpg\" \/>\n<meta name=\"twitter:card\" content=\"summary_large_image\" \/>\n<meta name=\"twitter:label1\" content=\"Estimated reading time\">\n\t<meta name=\"twitter:data1\" content=\"1 minute\">\n<script type=\"application\/ld+json\" class=\"yoast-schema-graph\">{\"@context\":\"https:\/\/schema.org\",\"@graph\":[{\"@type\":\"Organization\",\"@id\":\"https:\/\/ilfo.pl\/#organization\",\"name\":\"International Leaders Forum\",\"url\":\"https:\/\/ilfo.pl\/\",\"sameAs\":[],\"logo\":{\"@type\":\"ImageObject\",\"@id\":\"https:\/\/ilfo.pl\/#logo\",\"inLanguage\":\"en-GB\",\"url\":\"https:\/\/ilfo.pl\/wp-content\/uploads\/2020\/05\/logo_ilfo_color.png\",\"width\":933,\"height\":522,\"caption\":\"International Leaders Forum\"},\"image\":{\"@id\":\"https:\/\/ilfo.pl\/#logo\"}},{\"@type\":\"WebSite\",\"@id\":\"https:\/\/ilfo.pl\/#website\",\"url\":\"https:\/\/ilfo.pl\/\",\"name\":\"ILFO\",\"description\":\"International Leaders Forum\",\"publisher\":{\"@id\":\"https:\/\/ilfo.pl\/#organization\"},\"potentialAction\":[{\"@type\":\"SearchAction\",\"target\":\"https:\/\/ilfo.pl\/?s={search_term_string}\",\"query-input\":\"required name=search_term_string\"}],\"inLanguage\":\"en-GB\"},{\"@type\":\"ImageObject\",\"@id\":\"https:\/\/ilfo.pl\/fundatorzy\/anna-rulkiewicz\/#primaryimage\",\"inLanguage\":\"en-GB\",\"url\":\"https:\/\/ilfo.pl\/wp-content\/uploads\/bb-plugin\/cache\/ilfo_anna_rulkiewicz-e1589922464682-1024x967-square.jpg\"},{\"@type\":\"WebPage\",\"@id\":\"https:\/\/ilfo.pl\/fundatorzy\/anna-rulkiewicz\/#webpage\",\"url\":\"https:\/\/ilfo.pl\/fundatorzy\/anna-rulkiewicz\/\",\"name\":\"Anna Rulkiewicz - ILFO\",\"isPartOf\":{\"@id\":\"https:\/\/ilfo.pl\/#website\"},\"primaryImageOfPage\":{\"@id\":\"https:\/\/ilfo.pl\/fundatorzy\/anna-rulkiewicz\/#primaryimage\"},\"datePublished\":\"2020-05-15T18:54:32+00:00\",\"dateModified\":\"2020-06-09T08:40:37+00:00\",\"breadcrumb\":{\"@id\":\"https:\/\/ilfo.pl\/fundatorzy\/anna-rulkiewicz\/#breadcrumb\"},\"inLanguage\":\"en-GB\",\"potentialAction\":[{\"@type\":\"ReadAction\",\"target\":[\"https:\/\/ilfo.pl\/fundatorzy\/anna-rulkiewicz\/\"]}]},{\"@type\":\"BreadcrumbList\",\"@id\":\"https:\/\/ilfo.pl\/fundatorzy\/anna-rulkiewicz\/#breadcrumb\",\"itemListElement\":[{\"@type\":\"ListItem\",\"position\":1,\"item\":{\"@type\":\"WebPage\",\"@id\":\"https:\/\/ilfo.pl\/\",\"url\":\"https:\/\/ilfo.pl\/\",\"name\":\"Strona g\\u0142\\u00f3wna\"}},{\"@type\":\"ListItem\",\"position\":2,\"item\":{\"@type\":\"WebPage\",\"@id\":\"https:\/\/ilfo.pl\/fundatorzy\/\",\"url\":\"https:\/\/ilfo.pl\/fundatorzy\/\",\"name\":\"Fundatorzy\"}},{\"@type\":\"ListItem\",\"position\":3,\"item\":{\"@type\":\"WebPage\",\"@id\":\"https:\/\/ilfo.pl\/fundatorzy\/anna-rulkiewicz\/\",\"url\":\"https:\/\/ilfo.pl\/fundatorzy\/anna-rulkiewicz\/\",\"name\":\"Anna Rulkiewicz\"}}]}]}<\/script>\n<!-- \/ Yoast SEO plugin. -->","_links":{"self":[{"href":"https:\/\/ilfo.pl\/en\/wp-json\/wp\/v2\/pages\/1111"}],"collection":[{"href":"https:\/\/ilfo.pl\/en\/wp-json\/wp\/v2\/pages"}],"about":[{"href":"https:\/\/ilfo.pl\/en\/wp-json\/wp\/v2\/types\/page"}],"author":[{"embeddable":true,"href":"https:\/\/ilfo.pl\/en\/wp-json\/wp\/v2\/users\/1"}],"replies":[{"embeddable":true,"href":"https:\/\/ilfo.pl\/en\/wp-json\/wp\/v2\/comments?post=1111"}],"version-history":[{"count":6,"href":"https:\/\/ilfo.pl\/en\/wp-json\/wp\/v2\/pages\/1111\/revisions"}],"predecessor-version":[{"id":1284,"href":"https:\/\/ilfo.pl\/en\/wp-json\/wp\/v2\/pages\/1111\/revisions\/1284"}],"up":[{"embeddable":true,"href":"https:\/\/ilfo.pl\/en\/wp-json\/wp\/v2\/pages\/759"}],"wp:attachment":[{"href":"https:\/\/ilfo.pl\/en\/wp-json\/wp\/v2\/media?parent=1111"}],"curies":[{"name":"wp","href":"https:\/\/api.w.org\/{rel}","templated":true}]}}