{"id":1114,"date":"2020-05-15T18:55:37","date_gmt":"2020-05-15T18:55:37","guid":{"rendered":"https:\/\/ilfo.pl\/?page_id=1114"},"modified":"2020-05-22T11:34:17","modified_gmt":"2020-05-22T11:34:17","slug":"piotr-czarnecki","status":"publish","type":"page","link":"https:\/\/ilfo.pl\/en\/fundatorzy\/piotr-czarnecki\/","title":{"rendered":"Piotr Czarnecki"},"content":{"rendered":"<h1>Piotr Czarnecki<\/h1>\n\t\t\t<a href=\"#drive\" target=\"_self\" role=\"button\" rel=\"noopener noreferrer\">\n\t\t\t\t\t\t\tFind out what drives us\n\t\t\t\t\t<\/a>\n\t\t\t\t<img loading=\"lazy\" src=\"https:\/\/ilfo.pl\/wp-content\/uploads\/bb-plugin\/cache\/ilfo_czarnecki-square.jpeg\" alt=\"ilfo_czarnecki\" itemprop=\"image\" height=\"702\" width=\"1024\" title=\"ilfo_czarnecki\" onerror=\"this.style.display='none'\"  \/>\n<h3>Piotr Czarnecki<\/h3>\t\t\n\t\t\t<em>Wykladowca Uniwersytecki, Uniwersytet SWPS<\/em><br \/>\n<em>byly Prezes Zarzadu Raiffeisen Bank Polska<\/em>\n<p><strong><em>Cz\u0142onek Zarz\u0105du Fundacji ILFO<\/em><\/strong><\/p>\n\t<p>W latach 1990-2002 pe\u0142ni\u0142 mened\u017cerskie funkcje w Polskim Banku Rozwoju, Kredyt Banku, Rabobanku, Telekomunikacji Polskiej oraz by\u0142 prezesem Zarz\u0105du sp\u00f3\u0142ki Getin SP S.A., kt\u00f3r\u0105 z sukcesem wprowadzi\u0142 na Gie\u0142d\u0119 Papier\u00f3w Warto\u015bciowych w Warszawie. W latach 2003 &#8211; 2018 kierowa\u0142 jako Prezes Zarz\u0105du i Dyrektor Generalny Raiffeisen Bank Polska, a od pocz\u0105tku 2013 r. po\u0142\u0105czonym Raiffeisen Polbank. <\/p>\n<p>Jest absolwentem Politechniki Warszawskiej na kierunku Organizacja i Zarz\u0105dzanie. W roku 1994 uko\u0144czy\u0142 studia podyplomowe na Harvard University na kierunku Investment Appraisal and Management, a w 2006 The Columbia Senior Executive Program na Columbia University.<\/p>\n<p>Jest muzykiem (flecist\u0105) i ch\u00f3rzyst\u0105 z ponad 45-letnim sta\u017cem. \u015apiewa\u0142 w wielu warszawskich ch\u00f3rach i zespo\u0142ach kameralnych, ostatnio w m\u0119skim zespole wokalnym Des Singers.<\/p>","protected":false},"excerpt":{"rendered":"<p>Piotr Czarnecki Find out what drives us Piotr Czarnecki Wykladowca Uniwersytecki, Uniwersytet SWPS byly Prezes Zarzadu Raiffeisen Bank Polska Cz\u0142onek Zarz\u0105du Fundacji ILFO W latach 1990-2002 pe\u0142ni\u0142 mened\u017cerskie funkcje w Polskim Banku Rozwoju, Kredyt Banku, Rabobanku, Telekomunikacji Polskiej oraz by\u0142 prezesem Zarz\u0105du sp\u00f3\u0142ki Getin SP S.A., kt\u00f3r\u0105 z sukcesem wprowadzi\u0142 na Gie\u0142d\u0119 Papier\u00f3w Warto\u015bciowych w &#8230; <a title=\"Piotr Czarnecki\" class=\"read-more\" href=\"https:\/\/ilfo.pl\/en\/fundatorzy\/piotr-czarnecki\/\">Read more<\/a><\/p>","protected":false},"author":1,"featured_media":0,"parent":759,"menu_order":20,"comment_status":"closed","ping_status":"closed","template":"","meta":[],"yoast_head":"<!-- This site is optimized with the Yoast SEO plugin v15.9.2 - https:\/\/yoast.com\/wordpress\/plugins\/seo\/ -->\n<title>Piotr Czarnecki - ILFO<\/title>\n<meta name=\"robots\" content=\"index, follow, max-snippet:-1, max-image-preview:large, max-video-preview:-1\" \/>\n<link rel=\"canonical\" href=\"https:\/\/ilfo.pl\/en\/fundatorzy\/piotr-czarnecki\/\" \/>\n<meta property=\"og:locale\" content=\"en_GB\" \/>\n<meta property=\"og:type\" content=\"article\" \/>\n<meta property=\"og:title\" content=\"Piotr Czarnecki - ILFO\" \/>\n<meta property=\"og:description\" content=\"Piotr Czarnecki Find out what drives us Piotr Czarnecki Wykladowca Uniwersytecki, Uniwersytet SWPS byly Prezes Zarzadu Raiffeisen Bank Polska Cz\u0142onek Zarz\u0105du Fundacji ILFO W latach 1990-2002 pe\u0142ni\u0142 mened\u017cerskie funkcje w Polskim Banku Rozwoju, Kredyt Banku, Rabobanku, Telekomunikacji Polskiej oraz by\u0142 prezesem Zarz\u0105du sp\u00f3\u0142ki Getin SP S.A., kt\u00f3r\u0105 z sukcesem wprowadzi\u0142 na Gie\u0142d\u0119 Papier\u00f3w Warto\u015bciowych w ... Read more\" \/>\n<meta property=\"og:url\" content=\"https:\/\/ilfo.pl\/en\/fundatorzy\/piotr-czarnecki\/\" \/>\n<meta property=\"og:site_name\" content=\"ILFO\" \/>\n<meta property=\"article:modified_time\" content=\"2020-05-22T11:34:17+00:00\" \/>\n<meta property=\"og:image\" content=\"https:\/\/ilfo.pl\/wp-content\/uploads\/bb-plugin\/cache\/ilfo_czarnecki-square.jpeg\" \/>\n<meta name=\"twitter:card\" content=\"summary_large_image\" \/>\n<meta name=\"twitter:label1\" content=\"Estimated reading time\">\n\t<meta name=\"twitter:data1\" content=\"1 minute\">\n<script type=\"application\/ld+json\" class=\"yoast-schema-graph\">{\"@context\":\"https:\/\/schema.org\",\"@graph\":[{\"@type\":\"Organization\",\"@id\":\"https:\/\/ilfo.pl\/#organization\",\"name\":\"International Leaders Forum\",\"url\":\"https:\/\/ilfo.pl\/\",\"sameAs\":[],\"logo\":{\"@type\":\"ImageObject\",\"@id\":\"https:\/\/ilfo.pl\/#logo\",\"inLanguage\":\"en-GB\",\"url\":\"https:\/\/ilfo.pl\/wp-content\/uploads\/2020\/05\/logo_ilfo_color.png\",\"width\":933,\"height\":522,\"caption\":\"International Leaders Forum\"},\"image\":{\"@id\":\"https:\/\/ilfo.pl\/#logo\"}},{\"@type\":\"WebSite\",\"@id\":\"https:\/\/ilfo.pl\/#website\",\"url\":\"https:\/\/ilfo.pl\/\",\"name\":\"ILFO\",\"description\":\"International Leaders Forum\",\"publisher\":{\"@id\":\"https:\/\/ilfo.pl\/#organization\"},\"potentialAction\":[{\"@type\":\"SearchAction\",\"target\":\"https:\/\/ilfo.pl\/?s={search_term_string}\",\"query-input\":\"required name=search_term_string\"}],\"inLanguage\":\"en-GB\"},{\"@type\":\"ImageObject\",\"@id\":\"https:\/\/ilfo.pl\/fundatorzy\/piotr-czarnecki\/#primaryimage\",\"inLanguage\":\"en-GB\",\"url\":\"https:\/\/ilfo.pl\/wp-content\/uploads\/bb-plugin\/cache\/ilfo_czarnecki-square.jpeg\"},{\"@type\":\"WebPage\",\"@id\":\"https:\/\/ilfo.pl\/fundatorzy\/piotr-czarnecki\/#webpage\",\"url\":\"https:\/\/ilfo.pl\/fundatorzy\/piotr-czarnecki\/\",\"name\":\"Piotr Czarnecki - ILFO\",\"isPartOf\":{\"@id\":\"https:\/\/ilfo.pl\/#website\"},\"primaryImageOfPage\":{\"@id\":\"https:\/\/ilfo.pl\/fundatorzy\/piotr-czarnecki\/#primaryimage\"},\"datePublished\":\"2020-05-15T18:55:37+00:00\",\"dateModified\":\"2020-05-22T11:34:17+00:00\",\"breadcrumb\":{\"@id\":\"https:\/\/ilfo.pl\/fundatorzy\/piotr-czarnecki\/#breadcrumb\"},\"inLanguage\":\"en-GB\",\"potentialAction\":[{\"@type\":\"ReadAction\",\"target\":[\"https:\/\/ilfo.pl\/fundatorzy\/piotr-czarnecki\/\"]}]},{\"@type\":\"BreadcrumbList\",\"@id\":\"https:\/\/ilfo.pl\/fundatorzy\/piotr-czarnecki\/#breadcrumb\",\"itemListElement\":[{\"@type\":\"ListItem\",\"position\":1,\"item\":{\"@type\":\"WebPage\",\"@id\":\"https:\/\/ilfo.pl\/\",\"url\":\"https:\/\/ilfo.pl\/\",\"name\":\"Strona g\\u0142\\u00f3wna\"}},{\"@type\":\"ListItem\",\"position\":2,\"item\":{\"@type\":\"WebPage\",\"@id\":\"https:\/\/ilfo.pl\/fundatorzy\/\",\"url\":\"https:\/\/ilfo.pl\/fundatorzy\/\",\"name\":\"Fundatorzy\"}},{\"@type\":\"ListItem\",\"position\":3,\"item\":{\"@type\":\"WebPage\",\"@id\":\"https:\/\/ilfo.pl\/fundatorzy\/piotr-czarnecki\/\",\"url\":\"https:\/\/ilfo.pl\/fundatorzy\/piotr-czarnecki\/\",\"name\":\"Piotr Czarnecki\"}}]}]}<\/script>\n<!-- \/ Yoast SEO plugin. -->","_links":{"self":[{"href":"https:\/\/ilfo.pl\/en\/wp-json\/wp\/v2\/pages\/1114"}],"collection":[{"href":"https:\/\/ilfo.pl\/en\/wp-json\/wp\/v2\/pages"}],"about":[{"href":"https:\/\/ilfo.pl\/en\/wp-json\/wp\/v2\/types\/page"}],"author":[{"embeddable":true,"href":"https:\/\/ilfo.pl\/en\/wp-json\/wp\/v2\/users\/1"}],"replies":[{"embeddable":true,"href":"https:\/\/ilfo.pl\/en\/wp-json\/wp\/v2\/comments?post=1114"}],"version-history":[{"count":8,"href":"https:\/\/ilfo.pl\/en\/wp-json\/wp\/v2\/pages\/1114\/revisions"}],"predecessor-version":[{"id":1309,"href":"https:\/\/ilfo.pl\/en\/wp-json\/wp\/v2\/pages\/1114\/revisions\/1309"}],"up":[{"embeddable":true,"href":"https:\/\/ilfo.pl\/en\/wp-json\/wp\/v2\/pages\/759"}],"wp:attachment":[{"href":"https:\/\/ilfo.pl\/en\/wp-json\/wp\/v2\/media?parent=1114"}],"curies":[{"name":"wp","href":"https:\/\/api.w.org\/{rel}","templated":true}]}}