{"id":1118,"date":"2020-05-15T18:57:20","date_gmt":"2020-05-15T18:57:20","guid":{"rendered":"https:\/\/ilfo.pl\/?page_id=1118"},"modified":"2020-05-22T11:35:24","modified_gmt":"2020-05-22T11:35:24","slug":"michal-kobosko","status":"publish","type":"page","link":"https:\/\/ilfo.pl\/en\/fundatorzy\/michal-kobosko\/","title":{"rendered":"Micha\u0142 Kobosko"},"content":{"rendered":"<h1>Micha\u0142 Kobosko<\/h1>\n\t\t\t<a href=\"#drive\" target=\"_self\" role=\"button\" rel=\"noopener noreferrer\">\n\t\t\t\t\t\t\tFind out what drives us\n\t\t\t\t\t<\/a>\n\t\t\t\t<img loading=\"lazy\" src=\"https:\/\/ilfo.pl\/wp-content\/uploads\/bb-plugin\/cache\/ilfo_kobosko-square.jpg\" alt=\"ilfo_kobosko\" itemprop=\"image\" height=\"533\" width=\"799\" title=\"ilfo_kobosko\" onerror=\"this.style.display='none'\"  \/>\n<h3>Micha\u0142 Kobosko<\/h3>\t\t\n\t\t\t<em>Dziennikarz, menedzer mediow<\/em><br \/>\n<em>byly szef Atlantic Council<\/em>\n\t<p>Dziennikarz i redaktor naczelny wiod\u0105cych polskich medi\u00f3w, komentator prasowy, telewizyjny i radiowy. By\u0142y szef polskiego oddzia\u0142u waszyngto\u0144skiego think tanku Atlantic Council, szef sztabu wyborczego Szymona Ho\u0142owni w wyborach prezydenckich 2020 roku. <\/p>\n<p>Jako dyrektor polskiego biura Atlantic Council odpowiada\u0142 m.in. za organizacj\u0119 i agend\u0119 corocznej transatlantyckiej konferencji Wroc\u0142aw Global Forum. Wcze\u015bniej przez ponad 20 lat wsp\u00f3\u0142tworzy\u0142 polski rynek medialny. Pocz\u0105tkowo jako dziennikarz w dziale ekonomicznym Gazety Wyborczej, nast\u0119pnie w latach 1996-2003 wsp\u00f3\u0142tworzy\u0142 dziennik i portal internetowy Pulsu Biznesu, a od 2004 r. zwi\u0105zany z wydawnictwem Axel Springer Polska, gdzie kierowa\u0142 kolejno miesi\u0119cznikiem Forbes i tygodnikiem Newsweek Polska. W 2009 r. kierowa\u0142 projektem po\u0142\u0105czenia redakcji Dziennika Polska Europa \u015awiat i Gazety Prawnej. W jej efekcie zosta\u0142 pierwszym redaktorem naczelnym Dziennika Gazety Prawnej. W latach 2011-12 przeprowadzi\u0142 projekt uruchomienia pisma \u201eBloomberg Businessweek Polska\u201c, a nast\u0119pnie by\u0142 przez ponad rok redaktorem naczelnym tygodnika \u201eWprost\u201c.<\/p>\n<p>Wsp\u00f3\u0142tworzy\u0142 i prowadzi\u0142 programy radiowe (RMF FM) i telewizyjne (Polsat News, Wirtualna Polska). By\u0142 moderatorem i gospodarzem licznych konferencji, kongres\u00f3w i paneli dyskusyjnych, jurorem konkurs\u00f3w dziennikarskich. Zasiada w jury konkursu Grand Press (od 2000), jest cz\u0142onkiem kapitu\u0142y Nagrody im. Les\u0142awa A. Pagi, cz\u0142onkiem Rady Fundacji M\u0142odzie\u017cowej Przedsi\u0119biorczo\u015bci i wsp\u00f3\u0142za\u0142o\u017cycielem International Leaders Forum.<\/p>","protected":false},"excerpt":{"rendered":"<p>Micha\u0142 Kobosko Find out what drives us Micha\u0142 Kobosko Dziennikarz, menedzer mediow byly szef Atlantic Council Dziennikarz i redaktor naczelny wiod\u0105cych polskich medi\u00f3w, komentator prasowy, telewizyjny i radiowy. By\u0142y szef polskiego oddzia\u0142u waszyngto\u0144skiego think tanku Atlantic Council, szef sztabu wyborczego Szymona Ho\u0142owni w wyborach prezydenckich 2020 roku. Jako dyrektor polskiego biura Atlantic Council odpowiada\u0142 m.in. &#8230; <a title=\"Micha\u0142 Kobosko\" class=\"read-more\" href=\"https:\/\/ilfo.pl\/en\/fundatorzy\/michal-kobosko\/\">Read more<\/a><\/p>","protected":false},"author":1,"featured_media":0,"parent":759,"menu_order":20,"comment_status":"closed","ping_status":"closed","template":"","meta":[],"yoast_head":"<!-- This site is optimized with the Yoast SEO plugin v15.9.2 - https:\/\/yoast.com\/wordpress\/plugins\/seo\/ -->\n<title>Micha\u0142 Kobosko - ILFO<\/title>\n<meta name=\"robots\" content=\"index, follow, max-snippet:-1, max-image-preview:large, max-video-preview:-1\" \/>\n<link rel=\"canonical\" href=\"https:\/\/ilfo.pl\/en\/fundatorzy\/michal-kobosko\/\" \/>\n<meta property=\"og:locale\" content=\"en_GB\" \/>\n<meta property=\"og:type\" content=\"article\" \/>\n<meta property=\"og:title\" content=\"Micha\u0142 Kobosko - ILFO\" \/>\n<meta property=\"og:description\" content=\"Micha\u0142 Kobosko Find out what drives us Micha\u0142 Kobosko Dziennikarz, menedzer mediow byly szef Atlantic Council Dziennikarz i redaktor naczelny wiod\u0105cych polskich medi\u00f3w, komentator prasowy, telewizyjny i radiowy. By\u0142y szef polskiego oddzia\u0142u waszyngto\u0144skiego think tanku Atlantic Council, szef sztabu wyborczego Szymona Ho\u0142owni w wyborach prezydenckich 2020 roku. Jako dyrektor polskiego biura Atlantic Council odpowiada\u0142 m.in. ... Read more\" \/>\n<meta property=\"og:url\" content=\"https:\/\/ilfo.pl\/en\/fundatorzy\/michal-kobosko\/\" \/>\n<meta property=\"og:site_name\" content=\"ILFO\" \/>\n<meta property=\"article:modified_time\" content=\"2020-05-22T11:35:24+00:00\" \/>\n<meta property=\"og:image\" content=\"https:\/\/ilfo.pl\/wp-content\/uploads\/bb-plugin\/cache\/ilfo_kobosko-square.jpg\" \/>\n<meta name=\"twitter:card\" content=\"summary_large_image\" \/>\n<meta name=\"twitter:label1\" content=\"Estimated reading time\">\n\t<meta name=\"twitter:data1\" content=\"1 minute\">\n<script type=\"application\/ld+json\" class=\"yoast-schema-graph\">{\"@context\":\"https:\/\/schema.org\",\"@graph\":[{\"@type\":\"Organization\",\"@id\":\"https:\/\/ilfo.pl\/#organization\",\"name\":\"International Leaders Forum\",\"url\":\"https:\/\/ilfo.pl\/\",\"sameAs\":[],\"logo\":{\"@type\":\"ImageObject\",\"@id\":\"https:\/\/ilfo.pl\/#logo\",\"inLanguage\":\"en-GB\",\"url\":\"https:\/\/ilfo.pl\/wp-content\/uploads\/2020\/05\/logo_ilfo_color.png\",\"width\":933,\"height\":522,\"caption\":\"International Leaders Forum\"},\"image\":{\"@id\":\"https:\/\/ilfo.pl\/#logo\"}},{\"@type\":\"WebSite\",\"@id\":\"https:\/\/ilfo.pl\/#website\",\"url\":\"https:\/\/ilfo.pl\/\",\"name\":\"ILFO\",\"description\":\"International Leaders Forum\",\"publisher\":{\"@id\":\"https:\/\/ilfo.pl\/#organization\"},\"potentialAction\":[{\"@type\":\"SearchAction\",\"target\":\"https:\/\/ilfo.pl\/?s={search_term_string}\",\"query-input\":\"required name=search_term_string\"}],\"inLanguage\":\"en-GB\"},{\"@type\":\"ImageObject\",\"@id\":\"https:\/\/ilfo.pl\/fundatorzy\/michal-kobosko\/#primaryimage\",\"inLanguage\":\"en-GB\",\"url\":\"https:\/\/ilfo.pl\/wp-content\/uploads\/bb-plugin\/cache\/ilfo_kobosko-square.jpg\"},{\"@type\":\"WebPage\",\"@id\":\"https:\/\/ilfo.pl\/fundatorzy\/michal-kobosko\/#webpage\",\"url\":\"https:\/\/ilfo.pl\/fundatorzy\/michal-kobosko\/\",\"name\":\"Micha\\u0142 Kobosko - ILFO\",\"isPartOf\":{\"@id\":\"https:\/\/ilfo.pl\/#website\"},\"primaryImageOfPage\":{\"@id\":\"https:\/\/ilfo.pl\/fundatorzy\/michal-kobosko\/#primaryimage\"},\"datePublished\":\"2020-05-15T18:57:20+00:00\",\"dateModified\":\"2020-05-22T11:35:24+00:00\",\"breadcrumb\":{\"@id\":\"https:\/\/ilfo.pl\/fundatorzy\/michal-kobosko\/#breadcrumb\"},\"inLanguage\":\"en-GB\",\"potentialAction\":[{\"@type\":\"ReadAction\",\"target\":[\"https:\/\/ilfo.pl\/fundatorzy\/michal-kobosko\/\"]}]},{\"@type\":\"BreadcrumbList\",\"@id\":\"https:\/\/ilfo.pl\/fundatorzy\/michal-kobosko\/#breadcrumb\",\"itemListElement\":[{\"@type\":\"ListItem\",\"position\":1,\"item\":{\"@type\":\"WebPage\",\"@id\":\"https:\/\/ilfo.pl\/\",\"url\":\"https:\/\/ilfo.pl\/\",\"name\":\"Strona g\\u0142\\u00f3wna\"}},{\"@type\":\"ListItem\",\"position\":2,\"item\":{\"@type\":\"WebPage\",\"@id\":\"https:\/\/ilfo.pl\/fundatorzy\/\",\"url\":\"https:\/\/ilfo.pl\/fundatorzy\/\",\"name\":\"Fundatorzy\"}},{\"@type\":\"ListItem\",\"position\":3,\"item\":{\"@type\":\"WebPage\",\"@id\":\"https:\/\/ilfo.pl\/fundatorzy\/michal-kobosko\/\",\"url\":\"https:\/\/ilfo.pl\/fundatorzy\/michal-kobosko\/\",\"name\":\"Micha\\u0142 Kobosko\"}}]}]}<\/script>\n<!-- \/ Yoast SEO plugin. -->","_links":{"self":[{"href":"https:\/\/ilfo.pl\/en\/wp-json\/wp\/v2\/pages\/1118"}],"collection":[{"href":"https:\/\/ilfo.pl\/en\/wp-json\/wp\/v2\/pages"}],"about":[{"href":"https:\/\/ilfo.pl\/en\/wp-json\/wp\/v2\/types\/page"}],"author":[{"embeddable":true,"href":"https:\/\/ilfo.pl\/en\/wp-json\/wp\/v2\/users\/1"}],"replies":[{"embeddable":true,"href":"https:\/\/ilfo.pl\/en\/wp-json\/wp\/v2\/comments?post=1118"}],"version-history":[{"count":5,"href":"https:\/\/ilfo.pl\/en\/wp-json\/wp\/v2\/pages\/1118\/revisions"}],"predecessor-version":[{"id":1310,"href":"https:\/\/ilfo.pl\/en\/wp-json\/wp\/v2\/pages\/1118\/revisions\/1310"}],"up":[{"embeddable":true,"href":"https:\/\/ilfo.pl\/en\/wp-json\/wp\/v2\/pages\/759"}],"wp:attachment":[{"href":"https:\/\/ilfo.pl\/en\/wp-json\/wp\/v2\/media?parent=1118"}],"curies":[{"name":"wp","href":"https:\/\/api.w.org\/{rel}","templated":true}]}}