{"id":1123,"date":"2020-05-15T19:00:46","date_gmt":"2020-05-15T19:00:46","guid":{"rendered":"https:\/\/ilfo.pl\/?page_id=1123"},"modified":"2024-04-08T09:27:30","modified_gmt":"2024-04-08T09:27:30","slug":"bartosz-skwarczek","status":"publish","type":"page","link":"https:\/\/ilfo.pl\/en\/fundatorzy\/bartosz-skwarczek\/","title":{"rendered":"Bartosz Skwarczek"},"content":{"rendered":"<h1>Bartosz Skwarczek <\/h1>\n\t\t\t<a href=\"#drive\" target=\"_self\" role=\"button\" rel=\"noopener\">\n\t\t\t\t\t\t\tFind out what drives us\n\t\t\t\t\t<\/a>\n\t\t\t\t<img loading=\"lazy\" src=\"https:\/\/ilfo.pl\/wp-content\/uploads\/bb-plugin\/cache\/bartosz_skwarczek_square-square.jpg\" alt=\"bartosz_skwarczek_square\" itemprop=\"image\" height=\"793\" width=\"793\" title=\"bartosz_skwarczek_square\" onerror=\"this.style.display='none'\"  \/>\n<h3>Bartosz Skwarczek<\/h3>\t\t\n\t\t\t<p>Za\u0142o\u017cyciel i Przewodnicz\u0105cy Rady Nadzorczej Grupy Kapita\u0142owej G2A<\/p>\n\t<p>Przedsi\u0119biorca, trener i mentor. Prezes i wsp\u00f3\u0142za\u0142o\u017cyciel G2A.COM, sp\u00f3\u0142ki dzia\u0142aj\u0105cej w obszarze Fin-Tech. <\/p>\n<p>Firma rozpocz\u0119\u0142a dzia\u0142alno\u015b\u0107 w 2010 roku, dzisiaj jest najszybciej na \u015bwiecie rozwijaj\u0105c\u0105 si\u0119 platform\u0105 produkt\u00f3w cyfrowych. Pod kierownictwem Bartosza G2A.COM zdoby\u0142a i obs\u0142uguje ponad 10 milion\u00f3w klient\u00f3w z prawie 200 kraj\u00f3w, staj\u0105c si\u0119 globalnym liderem bran\u017cy z siln\u0105 specjalizacj\u0105 w e-commerce, p\u0142atno\u015bciach, rzeczywisto\u015bci wirtualnej oraz druku 3D. W rzeszowskiej siedzibie zatrudnia ponad 700 os\u00f3b z 33 kraj\u00f3w. <\/p>\n<p>Bartosz jest absolwentem dw\u00f3ch program\u00f3w mened\u017cerskich Harvard University, Akademii G\u00f3rniczo Hutniczej oraz Szko\u0142y G\u0142\u00f3wnej Handlowej oraz cz\u0142onkiem CEO Round Table i londy\u0144skiego Royal Society of Art &amp; Commerce (RSA). Prywatnie jest pasjonatem sportu i psychologii osi\u0105gni\u0119\u0107 oraz mi\u0142o\u015bnikiem zwierz\u0105t.<\/p>","protected":false},"excerpt":{"rendered":"<p>Bartosz Skwarczek Find out what drives us Bartosz Skwarczek Za\u0142o\u017cyciel i Przewodnicz\u0105cy Rady Nadzorczej Grupy Kapita\u0142owej G2A Przedsi\u0119biorca, trener i mentor. Prezes i wsp\u00f3\u0142za\u0142o\u017cyciel G2A.COM, sp\u00f3\u0142ki dzia\u0142aj\u0105cej w obszarze Fin-Tech. Firma rozpocz\u0119\u0142a dzia\u0142alno\u015b\u0107 w 2010 roku, dzisiaj jest najszybciej na \u015bwiecie rozwijaj\u0105c\u0105 si\u0119 platform\u0105 produkt\u00f3w cyfrowych. Pod kierownictwem Bartosza G2A.COM zdoby\u0142a i obs\u0142uguje ponad 10 &#8230; <a title=\"Bartosz Skwarczek\" class=\"read-more\" href=\"https:\/\/ilfo.pl\/en\/fundatorzy\/bartosz-skwarczek\/\">Read more<\/a><\/p>","protected":false},"author":1,"featured_media":0,"parent":759,"menu_order":20,"comment_status":"closed","ping_status":"closed","template":"","meta":[],"yoast_head":"<!-- This site is optimized with the Yoast SEO plugin v15.9.2 - https:\/\/yoast.com\/wordpress\/plugins\/seo\/ -->\n<title>Bartosz Skwarczek - ILFO<\/title>\n<meta name=\"robots\" content=\"index, follow, max-snippet:-1, max-image-preview:large, max-video-preview:-1\" \/>\n<link rel=\"canonical\" href=\"https:\/\/ilfo.pl\/en\/fundatorzy\/bartosz-skwarczek\/\" \/>\n<meta property=\"og:locale\" content=\"en_GB\" \/>\n<meta property=\"og:type\" content=\"article\" \/>\n<meta property=\"og:title\" content=\"Bartosz Skwarczek - ILFO\" \/>\n<meta property=\"og:description\" content=\"Bartosz Skwarczek Find out what drives us Bartosz Skwarczek Za\u0142o\u017cyciel i Przewodnicz\u0105cy Rady Nadzorczej Grupy Kapita\u0142owej G2A Przedsi\u0119biorca, trener i mentor. Prezes i wsp\u00f3\u0142za\u0142o\u017cyciel G2A.COM, sp\u00f3\u0142ki dzia\u0142aj\u0105cej w obszarze Fin-Tech. Firma rozpocz\u0119\u0142a dzia\u0142alno\u015b\u0107 w 2010 roku, dzisiaj jest najszybciej na \u015bwiecie rozwijaj\u0105c\u0105 si\u0119 platform\u0105 produkt\u00f3w cyfrowych. Pod kierownictwem Bartosza G2A.COM zdoby\u0142a i obs\u0142uguje ponad 10 ... Read more\" \/>\n<meta property=\"og:url\" content=\"https:\/\/ilfo.pl\/en\/fundatorzy\/bartosz-skwarczek\/\" \/>\n<meta property=\"og:site_name\" content=\"ILFO\" \/>\n<meta property=\"article:modified_time\" content=\"2024-04-08T09:27:30+00:00\" \/>\n<meta property=\"og:image\" content=\"https:\/\/ilfo.pl\/wp-content\/uploads\/bb-plugin\/cache\/bartosz_skwarczek_square-square.jpg\" \/>\n<meta name=\"twitter:card\" content=\"summary_large_image\" \/>\n<meta name=\"twitter:label1\" content=\"Estimated reading time\">\n\t<meta name=\"twitter:data1\" content=\"1 minute\">\n<script type=\"application\/ld+json\" class=\"yoast-schema-graph\">{\"@context\":\"https:\/\/schema.org\",\"@graph\":[{\"@type\":\"Organization\",\"@id\":\"https:\/\/ilfo.pl\/#organization\",\"name\":\"International Leaders Forum\",\"url\":\"https:\/\/ilfo.pl\/\",\"sameAs\":[],\"logo\":{\"@type\":\"ImageObject\",\"@id\":\"https:\/\/ilfo.pl\/#logo\",\"inLanguage\":\"en-GB\",\"url\":\"https:\/\/ilfo.pl\/wp-content\/uploads\/2020\/05\/logo_ilfo_color.png\",\"width\":933,\"height\":522,\"caption\":\"International Leaders Forum\"},\"image\":{\"@id\":\"https:\/\/ilfo.pl\/#logo\"}},{\"@type\":\"WebSite\",\"@id\":\"https:\/\/ilfo.pl\/#website\",\"url\":\"https:\/\/ilfo.pl\/\",\"name\":\"ILFO\",\"description\":\"International Leaders Forum\",\"publisher\":{\"@id\":\"https:\/\/ilfo.pl\/#organization\"},\"potentialAction\":[{\"@type\":\"SearchAction\",\"target\":\"https:\/\/ilfo.pl\/?s={search_term_string}\",\"query-input\":\"required name=search_term_string\"}],\"inLanguage\":\"en-GB\"},{\"@type\":\"ImageObject\",\"@id\":\"https:\/\/ilfo.pl\/fundatorzy\/bartosz-skwarczek\/#primaryimage\",\"inLanguage\":\"en-GB\",\"url\":\"https:\/\/ilfo.pl\/wp-content\/uploads\/bb-plugin\/cache\/bartosz_skwarczek_square-square.jpg\"},{\"@type\":\"WebPage\",\"@id\":\"https:\/\/ilfo.pl\/fundatorzy\/bartosz-skwarczek\/#webpage\",\"url\":\"https:\/\/ilfo.pl\/fundatorzy\/bartosz-skwarczek\/\",\"name\":\"Bartosz Skwarczek - ILFO\",\"isPartOf\":{\"@id\":\"https:\/\/ilfo.pl\/#website\"},\"primaryImageOfPage\":{\"@id\":\"https:\/\/ilfo.pl\/fundatorzy\/bartosz-skwarczek\/#primaryimage\"},\"datePublished\":\"2020-05-15T19:00:46+00:00\",\"dateModified\":\"2024-04-08T09:27:30+00:00\",\"breadcrumb\":{\"@id\":\"https:\/\/ilfo.pl\/fundatorzy\/bartosz-skwarczek\/#breadcrumb\"},\"inLanguage\":\"en-GB\",\"potentialAction\":[{\"@type\":\"ReadAction\",\"target\":[\"https:\/\/ilfo.pl\/fundatorzy\/bartosz-skwarczek\/\"]}]},{\"@type\":\"BreadcrumbList\",\"@id\":\"https:\/\/ilfo.pl\/fundatorzy\/bartosz-skwarczek\/#breadcrumb\",\"itemListElement\":[{\"@type\":\"ListItem\",\"position\":1,\"item\":{\"@type\":\"WebPage\",\"@id\":\"https:\/\/ilfo.pl\/\",\"url\":\"https:\/\/ilfo.pl\/\",\"name\":\"Strona g\\u0142\\u00f3wna\"}},{\"@type\":\"ListItem\",\"position\":2,\"item\":{\"@type\":\"WebPage\",\"@id\":\"https:\/\/ilfo.pl\/fundatorzy\/\",\"url\":\"https:\/\/ilfo.pl\/fundatorzy\/\",\"name\":\"Fundatorzy\"}},{\"@type\":\"ListItem\",\"position\":3,\"item\":{\"@type\":\"WebPage\",\"@id\":\"https:\/\/ilfo.pl\/fundatorzy\/bartosz-skwarczek\/\",\"url\":\"https:\/\/ilfo.pl\/fundatorzy\/bartosz-skwarczek\/\",\"name\":\"Bartosz Skwarczek\"}}]}]}<\/script>\n<!-- \/ Yoast SEO plugin. -->","_links":{"self":[{"href":"https:\/\/ilfo.pl\/en\/wp-json\/wp\/v2\/pages\/1123"}],"collection":[{"href":"https:\/\/ilfo.pl\/en\/wp-json\/wp\/v2\/pages"}],"about":[{"href":"https:\/\/ilfo.pl\/en\/wp-json\/wp\/v2\/types\/page"}],"author":[{"embeddable":true,"href":"https:\/\/ilfo.pl\/en\/wp-json\/wp\/v2\/users\/1"}],"replies":[{"embeddable":true,"href":"https:\/\/ilfo.pl\/en\/wp-json\/wp\/v2\/comments?post=1123"}],"version-history":[{"count":7,"href":"https:\/\/ilfo.pl\/en\/wp-json\/wp\/v2\/pages\/1123\/revisions"}],"predecessor-version":[{"id":1618,"href":"https:\/\/ilfo.pl\/en\/wp-json\/wp\/v2\/pages\/1123\/revisions\/1618"}],"up":[{"embeddable":true,"href":"https:\/\/ilfo.pl\/en\/wp-json\/wp\/v2\/pages\/759"}],"wp:attachment":[{"href":"https:\/\/ilfo.pl\/en\/wp-json\/wp\/v2\/media?parent=1123"}],"curies":[{"name":"wp","href":"https:\/\/api.w.org\/{rel}","templated":true}]}}