{"id":1126,"date":"2020-05-15T19:02:36","date_gmt":"2020-05-15T19:02:36","guid":{"rendered":"https:\/\/ilfo.pl\/?page_id=1126"},"modified":"2020-05-26T18:27:03","modified_gmt":"2020-05-26T18:27:03","slug":"olga-grygier","status":"publish","type":"page","link":"https:\/\/ilfo.pl\/en\/fundatorzy\/olga-grygier\/","title":{"rendered":"Olga Grygier"},"content":{"rendered":"<h1>Olga Grygier<\/h1>\n\t\t\t<a href=\"#drive\" target=\"_self\" role=\"button\" rel=\"noopener noreferrer\">\n\t\t\t\t\t\t\tFind out what drives us\n\t\t\t\t\t<\/a>\n\t\t\t\t<img loading=\"lazy\" src=\"https:\/\/ilfo.pl\/wp-content\/uploads\/bb-plugin\/cache\/Olga_Grygier-square.jpg\" alt=\"Olga_Grygier\" itemprop=\"image\" height=\"400\" width=\"400\" title=\"Olga_Grygier\" onerror=\"this.style.display='none'\"  \/>\n<h3>Olga Grygier<\/h3>\t\t\n\t\t\t<em>Doradca biznesowy, Mentorka<\/em><br \/>\n<em>byla CEO PwC w Europie \u015arodkowo-Wschodniej (CEE)<br \/>\nProtocol Officer<br \/>\n<\/em>\n\t<p>Promotorka odpowiedzialnego przyw\u00f3dztwa, z bogat\u0105 wiedz\u0105 i do\u015bwiadczeniem w zakresie prywatyzacji, fuzji i przej\u0119\u0107, restrukturyzacji i PPP zdobytym w Wielkiej Brytanii, Polsce i innych krajach Europy \u015arodkowej.<\/p>\n<p>Przez wiele lat swojej kariery zawodowej zwi\u0105zana by\u0142a z PwC. W 1991 roku rozpocz\u0119\u0142a prac\u0119 w londy\u0144skim oddziale firmy, gdzie z czasem zacz\u0119\u0142a pe\u0142ni\u0107 funkcj\u0119 partnera w zespole doradztwa finansowego dla sektora energetycznego.\u00a0W roku 2009 stan\u0119\u0142a na czele ca\u0142ego polskiego oddzia\u0142u firmy, zatrudniaj\u0105cego ponad 1500 os\u00f3b. 1 lipca 2014 r. zosta\u0142a prezesem PwC w Europie \u015arodkowo-Wschodniej (CEE), odpowiedzialnym za 29 kraj\u00f3w, 300 partner\u00f3w i 12 000 pracownik\u00f3w. W ramach tej roli by\u0142a cz\u0142onkiem Rady Strategicznej PwC, w sk\u0142ad kt\u00f3rej wchodzi 20 czo\u0142owych lider\u00f3w sieci PwC. <\/p>\n<p>Od chwili powrotu do Polski w 2004 r. bra\u0142a aktywny udzia\u0142 w przemianach polskiej gospodarki doradzaj\u0105c klientom przy kluczowych projektach w sektorze energetycznym, gazowym, g\u00f3rniczym a tak\u017ce przy projektach z zakresu rozwoju infrastruktury. Ma bogate do\u015bwiadczenie w doradztwie dla rz\u0105d\u00f3w, urz\u0119d\u00f3w i gmin oraz wiod\u0105cych mi\u0119dzynarodowych koncern\u00f3w z sektora energetycznego i infrastruktury. Jest cz\u0142onkiem Instytutu Bieg\u0142ych Rewident\u00f3w w Anglii i Walii.<\/p>","protected":false},"excerpt":{"rendered":"<p>Olga Grygier Find out what drives us Olga Grygier Doradca biznesowy, Mentorka byla CEO PwC w Europie \u015arodkowo-Wschodniej (CEE) Protocol Officer Promotorka odpowiedzialnego przyw\u00f3dztwa, z bogat\u0105 wiedz\u0105 i do\u015bwiadczeniem w zakresie prywatyzacji, fuzji i przej\u0119\u0107, restrukturyzacji i PPP zdobytym w Wielkiej Brytanii, Polsce i innych krajach Europy \u015arodkowej. Przez wiele lat swojej kariery zawodowej zwi\u0105zana &#8230; <a title=\"Olga Grygier\" class=\"read-more\" href=\"https:\/\/ilfo.pl\/en\/fundatorzy\/olga-grygier\/\">Read more<\/a><\/p>","protected":false},"author":1,"featured_media":0,"parent":759,"menu_order":20,"comment_status":"closed","ping_status":"closed","template":"","meta":[],"yoast_head":"<!-- This site is optimized with the Yoast SEO plugin v15.9.2 - https:\/\/yoast.com\/wordpress\/plugins\/seo\/ -->\n<title>Olga Grygier - ILFO<\/title>\n<meta name=\"robots\" content=\"index, follow, max-snippet:-1, max-image-preview:large, max-video-preview:-1\" \/>\n<link rel=\"canonical\" href=\"https:\/\/ilfo.pl\/en\/fundatorzy\/olga-grygier\/\" \/>\n<meta property=\"og:locale\" content=\"en_GB\" \/>\n<meta property=\"og:type\" content=\"article\" \/>\n<meta property=\"og:title\" content=\"Olga Grygier - ILFO\" \/>\n<meta property=\"og:description\" content=\"Olga Grygier Find out what drives us Olga Grygier Doradca biznesowy, Mentorka byla CEO PwC w Europie \u015arodkowo-Wschodniej (CEE) Protocol Officer Promotorka odpowiedzialnego przyw\u00f3dztwa, z bogat\u0105 wiedz\u0105 i do\u015bwiadczeniem w zakresie prywatyzacji, fuzji i przej\u0119\u0107, restrukturyzacji i PPP zdobytym w Wielkiej Brytanii, Polsce i innych krajach Europy \u015arodkowej. Przez wiele lat swojej kariery zawodowej zwi\u0105zana ... Read more\" \/>\n<meta property=\"og:url\" content=\"https:\/\/ilfo.pl\/en\/fundatorzy\/olga-grygier\/\" \/>\n<meta property=\"og:site_name\" content=\"ILFO\" \/>\n<meta property=\"article:modified_time\" content=\"2020-05-26T18:27:03+00:00\" \/>\n<meta property=\"og:image\" content=\"https:\/\/ilfo.pl\/wp-content\/uploads\/bb-plugin\/cache\/Olga_Grygier-square.jpg\" \/>\n<meta name=\"twitter:card\" content=\"summary_large_image\" \/>\n<meta name=\"twitter:label1\" content=\"Estimated reading time\">\n\t<meta name=\"twitter:data1\" content=\"1 minute\">\n<script type=\"application\/ld+json\" class=\"yoast-schema-graph\">{\"@context\":\"https:\/\/schema.org\",\"@graph\":[{\"@type\":\"Organization\",\"@id\":\"https:\/\/ilfo.pl\/#organization\",\"name\":\"International Leaders Forum\",\"url\":\"https:\/\/ilfo.pl\/\",\"sameAs\":[],\"logo\":{\"@type\":\"ImageObject\",\"@id\":\"https:\/\/ilfo.pl\/#logo\",\"inLanguage\":\"en-GB\",\"url\":\"https:\/\/ilfo.pl\/wp-content\/uploads\/2020\/05\/logo_ilfo_color.png\",\"width\":933,\"height\":522,\"caption\":\"International Leaders Forum\"},\"image\":{\"@id\":\"https:\/\/ilfo.pl\/#logo\"}},{\"@type\":\"WebSite\",\"@id\":\"https:\/\/ilfo.pl\/#website\",\"url\":\"https:\/\/ilfo.pl\/\",\"name\":\"ILFO\",\"description\":\"International Leaders Forum\",\"publisher\":{\"@id\":\"https:\/\/ilfo.pl\/#organization\"},\"potentialAction\":[{\"@type\":\"SearchAction\",\"target\":\"https:\/\/ilfo.pl\/?s={search_term_string}\",\"query-input\":\"required name=search_term_string\"}],\"inLanguage\":\"en-GB\"},{\"@type\":\"ImageObject\",\"@id\":\"https:\/\/ilfo.pl\/fundatorzy\/olga-grygier\/#primaryimage\",\"inLanguage\":\"en-GB\",\"url\":\"https:\/\/ilfo.pl\/wp-content\/uploads\/bb-plugin\/cache\/Olga_Grygier-square.jpg\"},{\"@type\":\"WebPage\",\"@id\":\"https:\/\/ilfo.pl\/fundatorzy\/olga-grygier\/#webpage\",\"url\":\"https:\/\/ilfo.pl\/fundatorzy\/olga-grygier\/\",\"name\":\"Olga Grygier - ILFO\",\"isPartOf\":{\"@id\":\"https:\/\/ilfo.pl\/#website\"},\"primaryImageOfPage\":{\"@id\":\"https:\/\/ilfo.pl\/fundatorzy\/olga-grygier\/#primaryimage\"},\"datePublished\":\"2020-05-15T19:02:36+00:00\",\"dateModified\":\"2020-05-26T18:27:03+00:00\",\"breadcrumb\":{\"@id\":\"https:\/\/ilfo.pl\/fundatorzy\/olga-grygier\/#breadcrumb\"},\"inLanguage\":\"en-GB\",\"potentialAction\":[{\"@type\":\"ReadAction\",\"target\":[\"https:\/\/ilfo.pl\/fundatorzy\/olga-grygier\/\"]}]},{\"@type\":\"BreadcrumbList\",\"@id\":\"https:\/\/ilfo.pl\/fundatorzy\/olga-grygier\/#breadcrumb\",\"itemListElement\":[{\"@type\":\"ListItem\",\"position\":1,\"item\":{\"@type\":\"WebPage\",\"@id\":\"https:\/\/ilfo.pl\/\",\"url\":\"https:\/\/ilfo.pl\/\",\"name\":\"Strona g\\u0142\\u00f3wna\"}},{\"@type\":\"ListItem\",\"position\":2,\"item\":{\"@type\":\"WebPage\",\"@id\":\"https:\/\/ilfo.pl\/fundatorzy\/\",\"url\":\"https:\/\/ilfo.pl\/fundatorzy\/\",\"name\":\"Fundatorzy\"}},{\"@type\":\"ListItem\",\"position\":3,\"item\":{\"@type\":\"WebPage\",\"@id\":\"https:\/\/ilfo.pl\/fundatorzy\/olga-grygier\/\",\"url\":\"https:\/\/ilfo.pl\/fundatorzy\/olga-grygier\/\",\"name\":\"Olga Grygier\"}}]}]}<\/script>\n<!-- \/ Yoast SEO plugin. -->","_links":{"self":[{"href":"https:\/\/ilfo.pl\/en\/wp-json\/wp\/v2\/pages\/1126"}],"collection":[{"href":"https:\/\/ilfo.pl\/en\/wp-json\/wp\/v2\/pages"}],"about":[{"href":"https:\/\/ilfo.pl\/en\/wp-json\/wp\/v2\/types\/page"}],"author":[{"embeddable":true,"href":"https:\/\/ilfo.pl\/en\/wp-json\/wp\/v2\/users\/1"}],"replies":[{"embeddable":true,"href":"https:\/\/ilfo.pl\/en\/wp-json\/wp\/v2\/comments?post=1126"}],"version-history":[{"count":8,"href":"https:\/\/ilfo.pl\/en\/wp-json\/wp\/v2\/pages\/1126\/revisions"}],"predecessor-version":[{"id":1322,"href":"https:\/\/ilfo.pl\/en\/wp-json\/wp\/v2\/pages\/1126\/revisions\/1322"}],"up":[{"embeddable":true,"href":"https:\/\/ilfo.pl\/en\/wp-json\/wp\/v2\/pages\/759"}],"wp:attachment":[{"href":"https:\/\/ilfo.pl\/en\/wp-json\/wp\/v2\/media?parent=1126"}],"curies":[{"name":"wp","href":"https:\/\/api.w.org\/{rel}","templated":true}]}}