{"id":1129,"date":"2020-05-15T19:26:40","date_gmt":"2020-05-15T19:26:40","guid":{"rendered":"https:\/\/ilfo.pl\/?page_id=1129"},"modified":"2020-06-09T08:42:35","modified_gmt":"2020-06-09T08:42:35","slug":"miroslaw-janik","status":"publish","type":"page","link":"https:\/\/ilfo.pl\/en\/fundatorzy\/miroslaw-janik\/","title":{"rendered":"Miros\u0142aw Janik"},"content":{"rendered":"<h1>Miros\u0142aw Janik<\/h1>\n\t\t\t<a href=\"#drive\" target=\"_self\" role=\"button\" rel=\"noopener noreferrer\">\n\t\t\t\t\t\t\tFind out what drives us\n\t\t\t\t\t<\/a>\n\t\t\t\t<img loading=\"lazy\" src=\"https:\/\/ilfo.pl\/wp-content\/uploads\/bb-plugin\/cache\/ilfo_miroslaw_janik-square.png\" alt=\"ilfo_miroslaw_janik\" itemprop=\"image\" height=\"400\" width=\"400\" title=\"ilfo_miroslaw_janik\" onerror=\"this.style.display='none'\"  \/>\n<h3>Miros\u0142aw Janik<\/h3>\t\t\n\t\t\t<p><em>CEO, Senior VP, Non-Executive Director<\/em><\/p>\n<p><strong><em>Cz\u0142onek Rady Fundacji ILFO<\/em><\/strong><\/p>\n\t<p>Wizjoner, leader rynku IT w Europie \u015arodkowo-Wschodniej, a ostatnio Fundraising Placement Agent do najwi\u0119kszych VC w regionie.<\/p>\n<p>Jest specjalist\u0105 w zakresie wprowadzania nowych przedsi\u0119wzi\u0119\u0107 na rynek, skalowania biznes\u00f3w, strategicznych alians\u00f3w, przej\u0119\u0107 i reorganizacji a tak\u017ce zarz\u0105dzania strategicznego dojrza\u0142ymi organizacjami. Swoje do\u015bwiadczenie wyni\u00f3s\u0142 z wieloletniej pracy na rzecz mi\u0119dzynarodowych korporacji i start-up\u00f3w w kraju i zagranic\u0105. Pracowa\u0142 na stanowiskach <i>executive<\/i> i <i>non-executive<\/i> w wielu firmach polskich, niemieckich, ameryka\u0144skich, rosyjskich, brytyjskich i malta\u0144skich, raportuj\u0105c bezpo\u015brednio lub po\u015brednio do takich akcjonariuszy jak np. Goldman Sachs czy KKR. Przyczyni\u0142 si\u0119 do wystandaryzowania i zoptymalizowania proces\u00f3w w globalnej korporacji poprzez odpowiednie wymodelowanie struktur sprzeda\u017cowych, serwisowych i zbudowanie hub\u2019\u00f3w shared serwisowych: Global Customer Care Centre w Warszawie, Szczecinie i Jekaterynburgu, Global Delivery Centre w Katowicach i Kijowie, EMEA Business Service w Warszawie.<\/p>\n<p>Wiedz\u0119 z zakresu ekonomii, finans\u00f3w, marketingu, rachunkowo\u015bci, zarz\u0105dzania strategicznego oraz HR zdoby\u0142 w Harvard Business School (General Management Program), INSEAD (Non Executive Directors \u2013 Certyfikat w grudniu 2018), Rotterdam School of Business &amp; GFKM, SGH i Krakowski Uniwersytet Ekonomiczny. Jest fanem innowacji, cyfryzacji i nowych technologii.<\/p>","protected":false},"excerpt":{"rendered":"<p>Miros\u0142aw Janik Find out what drives us Miros\u0142aw Janik CEO, Senior VP, Non-Executive Director Cz\u0142onek Rady Fundacji ILFO Wizjoner, leader rynku IT w Europie \u015arodkowo-Wschodniej, a ostatnio Fundraising Placement Agent do najwi\u0119kszych VC w regionie. Jest specjalist\u0105 w zakresie wprowadzania nowych przedsi\u0119wzi\u0119\u0107 na rynek, skalowania biznes\u00f3w, strategicznych alians\u00f3w, przej\u0119\u0107 i reorganizacji a tak\u017ce zarz\u0105dzania strategicznego &#8230; <a title=\"Miros\u0142aw Janik\" class=\"read-more\" href=\"https:\/\/ilfo.pl\/en\/fundatorzy\/miroslaw-janik\/\">Read more<\/a><\/p>","protected":false},"author":1,"featured_media":0,"parent":759,"menu_order":20,"comment_status":"closed","ping_status":"closed","template":"","meta":[],"yoast_head":"<!-- This site is optimized with the Yoast SEO plugin v15.9.2 - https:\/\/yoast.com\/wordpress\/plugins\/seo\/ -->\n<title>Miros\u0142aw Janik - ILFO<\/title>\n<meta name=\"robots\" content=\"index, follow, max-snippet:-1, max-image-preview:large, max-video-preview:-1\" \/>\n<link rel=\"canonical\" href=\"https:\/\/ilfo.pl\/en\/fundatorzy\/miroslaw-janik\/\" \/>\n<meta property=\"og:locale\" content=\"en_GB\" \/>\n<meta property=\"og:type\" content=\"article\" \/>\n<meta property=\"og:title\" content=\"Miros\u0142aw Janik - ILFO\" \/>\n<meta property=\"og:description\" content=\"Miros\u0142aw Janik Find out what drives us Miros\u0142aw Janik CEO, Senior VP, Non-Executive Director Cz\u0142onek Rady Fundacji ILFO Wizjoner, leader rynku IT w Europie \u015arodkowo-Wschodniej, a ostatnio Fundraising Placement Agent do najwi\u0119kszych VC w regionie. Jest specjalist\u0105 w zakresie wprowadzania nowych przedsi\u0119wzi\u0119\u0107 na rynek, skalowania biznes\u00f3w, strategicznych alians\u00f3w, przej\u0119\u0107 i reorganizacji a tak\u017ce zarz\u0105dzania strategicznego ... Read more\" \/>\n<meta property=\"og:url\" content=\"https:\/\/ilfo.pl\/en\/fundatorzy\/miroslaw-janik\/\" \/>\n<meta property=\"og:site_name\" content=\"ILFO\" \/>\n<meta property=\"article:modified_time\" content=\"2020-06-09T08:42:35+00:00\" \/>\n<meta property=\"og:image\" content=\"https:\/\/ilfo.pl\/wp-content\/uploads\/bb-plugin\/cache\/ilfo_miroslaw_janik-square.png\" \/>\n<meta name=\"twitter:card\" content=\"summary_large_image\" \/>\n<meta name=\"twitter:label1\" content=\"Estimated reading time\">\n\t<meta name=\"twitter:data1\" content=\"1 minute\">\n<script type=\"application\/ld+json\" class=\"yoast-schema-graph\">{\"@context\":\"https:\/\/schema.org\",\"@graph\":[{\"@type\":\"Organization\",\"@id\":\"https:\/\/ilfo.pl\/#organization\",\"name\":\"International Leaders Forum\",\"url\":\"https:\/\/ilfo.pl\/\",\"sameAs\":[],\"logo\":{\"@type\":\"ImageObject\",\"@id\":\"https:\/\/ilfo.pl\/#logo\",\"inLanguage\":\"en-GB\",\"url\":\"https:\/\/ilfo.pl\/wp-content\/uploads\/2020\/05\/logo_ilfo_color.png\",\"width\":933,\"height\":522,\"caption\":\"International Leaders Forum\"},\"image\":{\"@id\":\"https:\/\/ilfo.pl\/#logo\"}},{\"@type\":\"WebSite\",\"@id\":\"https:\/\/ilfo.pl\/#website\",\"url\":\"https:\/\/ilfo.pl\/\",\"name\":\"ILFO\",\"description\":\"International Leaders Forum\",\"publisher\":{\"@id\":\"https:\/\/ilfo.pl\/#organization\"},\"potentialAction\":[{\"@type\":\"SearchAction\",\"target\":\"https:\/\/ilfo.pl\/?s={search_term_string}\",\"query-input\":\"required name=search_term_string\"}],\"inLanguage\":\"en-GB\"},{\"@type\":\"ImageObject\",\"@id\":\"https:\/\/ilfo.pl\/fundatorzy\/miroslaw-janik\/#primaryimage\",\"inLanguage\":\"en-GB\",\"url\":\"https:\/\/ilfo.pl\/wp-content\/uploads\/bb-plugin\/cache\/ilfo_miroslaw_janik-square.png\"},{\"@type\":\"WebPage\",\"@id\":\"https:\/\/ilfo.pl\/fundatorzy\/miroslaw-janik\/#webpage\",\"url\":\"https:\/\/ilfo.pl\/fundatorzy\/miroslaw-janik\/\",\"name\":\"Miros\\u0142aw Janik - ILFO\",\"isPartOf\":{\"@id\":\"https:\/\/ilfo.pl\/#website\"},\"primaryImageOfPage\":{\"@id\":\"https:\/\/ilfo.pl\/fundatorzy\/miroslaw-janik\/#primaryimage\"},\"datePublished\":\"2020-05-15T19:26:40+00:00\",\"dateModified\":\"2020-06-09T08:42:35+00:00\",\"breadcrumb\":{\"@id\":\"https:\/\/ilfo.pl\/fundatorzy\/miroslaw-janik\/#breadcrumb\"},\"inLanguage\":\"en-GB\",\"potentialAction\":[{\"@type\":\"ReadAction\",\"target\":[\"https:\/\/ilfo.pl\/fundatorzy\/miroslaw-janik\/\"]}]},{\"@type\":\"BreadcrumbList\",\"@id\":\"https:\/\/ilfo.pl\/fundatorzy\/miroslaw-janik\/#breadcrumb\",\"itemListElement\":[{\"@type\":\"ListItem\",\"position\":1,\"item\":{\"@type\":\"WebPage\",\"@id\":\"https:\/\/ilfo.pl\/\",\"url\":\"https:\/\/ilfo.pl\/\",\"name\":\"Strona g\\u0142\\u00f3wna\"}},{\"@type\":\"ListItem\",\"position\":2,\"item\":{\"@type\":\"WebPage\",\"@id\":\"https:\/\/ilfo.pl\/fundatorzy\/\",\"url\":\"https:\/\/ilfo.pl\/fundatorzy\/\",\"name\":\"Fundatorzy\"}},{\"@type\":\"ListItem\",\"position\":3,\"item\":{\"@type\":\"WebPage\",\"@id\":\"https:\/\/ilfo.pl\/fundatorzy\/miroslaw-janik\/\",\"url\":\"https:\/\/ilfo.pl\/fundatorzy\/miroslaw-janik\/\",\"name\":\"Miros\\u0142aw Janik\"}}]}]}<\/script>\n<!-- \/ Yoast SEO plugin. -->","_links":{"self":[{"href":"https:\/\/ilfo.pl\/en\/wp-json\/wp\/v2\/pages\/1129"}],"collection":[{"href":"https:\/\/ilfo.pl\/en\/wp-json\/wp\/v2\/pages"}],"about":[{"href":"https:\/\/ilfo.pl\/en\/wp-json\/wp\/v2\/types\/page"}],"author":[{"embeddable":true,"href":"https:\/\/ilfo.pl\/en\/wp-json\/wp\/v2\/users\/1"}],"replies":[{"embeddable":true,"href":"https:\/\/ilfo.pl\/en\/wp-json\/wp\/v2\/comments?post=1129"}],"version-history":[{"count":5,"href":"https:\/\/ilfo.pl\/en\/wp-json\/wp\/v2\/pages\/1129\/revisions"}],"predecessor-version":[{"id":1293,"href":"https:\/\/ilfo.pl\/en\/wp-json\/wp\/v2\/pages\/1129\/revisions\/1293"}],"up":[{"embeddable":true,"href":"https:\/\/ilfo.pl\/en\/wp-json\/wp\/v2\/pages\/759"}],"wp:attachment":[{"href":"https:\/\/ilfo.pl\/en\/wp-json\/wp\/v2\/media?parent=1129"}],"curies":[{"name":"wp","href":"https:\/\/api.w.org\/{rel}","templated":true}]}}