{"id":1132,"date":"2020-05-15T19:30:04","date_gmt":"2020-05-15T19:30:04","guid":{"rendered":"https:\/\/ilfo.pl\/?page_id=1132"},"modified":"2020-06-09T08:42:51","modified_gmt":"2020-06-09T08:42:51","slug":"beata-monka","status":"publish","type":"page","link":"https:\/\/ilfo.pl\/en\/fundatorzy\/beata-monka\/","title":{"rendered":"Beata Mo\u0144ka"},"content":{"rendered":"<h1>Beata Mo\u0144ka<\/h1>\n\t\t\t<a href=\"#drive\" target=\"_self\" role=\"button\" rel=\"noopener noreferrer\">\n\t\t\t\t\t\t\tFind out what drives us\n\t\t\t\t\t<\/a>\n\t\t\t\t<img loading=\"lazy\" src=\"https:\/\/ilfo.pl\/wp-content\/uploads\/bb-plugin\/cache\/Monka_PW_043-square.jpg\" alt=\"19.05.2020 Warszawa, n\/z Beata Monka, Pawel Zielewski Forbesfot. Piotr Waniorek\/zelaznastudio.pl\" itemprop=\"image\" height=\"793\" width=\"800\" title=\"Monka_PW_043\" onerror=\"this.style.display='none'\"  \/>\n<h3>Beata Mo\u0144ka<\/h3>\t\t\n\t\t\t<em>Business Partner, Business Partnering Solutions<\/em><br \/>\n<em>Ringier Axel Springer Polska<\/em>\n<p><em><strong>Prezes Zarz\u0105du Fundacji ILFO<\/strong><\/em><\/p>\n\t<p>Ekonomistka &#8211; Absolwentka SGH\/Handel Zagraniczny oraz Swinburne University of Technology w Melbourne\/ Business Faculty, mened\u017cer i liderka biznesu z do\u015bwiadczeniem na kluczowych stanowiskach w zarz\u0105dach, radach nadzorczych czo\u0142owych firm polskich i zagranicznych &#8211; m.in. Omnicom Group, Axel Springer Polska, WPP holding (Young &amp; Rubicam Brands), CANAL+ Cyfrowy\/ Vivendi, GBC (Rzeczpospolita, Parkiet, Bloomberg). Business Partner, Business Partnering Solutions, Ringier Axel Springer Polska. Cz\u0142onkini Rady Nadzorczej Raiffeisen International i Komitetu Audytu.<\/p>\n<p>Zarz\u0105dza\u0142a z\u0142o\u017conymi projektami biznesowymi na konkurencyjnych rynkach w sektorach TMTE (technologia, media, telekomunikacja, rozrywka), FMCG, motoryzacji, bankowo\u015bci i start-up\u00f3w. Doradca kadr zarz\u0105dzaj\u0105cych w obszarze restrukturyzacji i zarz\u0105dzania zmian\u0105, opracowywania i wdra\u017cania strategii rozwoju biznesu, fuzji i przej\u0119\u0107, transformacji digitalowej, kreowania marki osobistej i korporacyjnej, odpowiedzialnego przyw\u00f3dztwa oraz budowania skutecznych i trwa\u0142ych partnerstw biznesowych. , promotorka odpowiedzialnego przyw\u00f3dztwa oraz aktywizacji i wzmacniania pozycji kobiet w biznesie. Certyfikowany mentor EMCC. Wyk\u0142adowca na Akademii Leona Ko\u017ami\u0144skiego.<\/p>\n<p>Pomys\u0142odawczyni i organizatorka licznych konferencji, seminari\u00f3w, program\u00f3w, webinari\u00f3w i spotka\u0144 lider\u00f3w promuj\u0105cych zasady autentycznego przyw\u00f3dztwa, przedsi\u0119biorczo\u015bci, rozwoju osobistego i skutecznego reagowania na dynamicznie zmieniaj\u0105c\u0105 si\u0119 rzeczywisto\u015b\u0107. By\u0142a ekspertem UE ds. ma\u0142ych i \u015brednich przedsi\u0119biorstw oraz w dziedzinie innowacji ,cz\u0142onkini jury w konkursie Women Innovators in Europe. Cz\u0142onkini Young Presidents Organization (Education Chair YPO Gold) oraz innych organizacji polskich i mi\u0119dzynarodowych.<\/p>","protected":false},"excerpt":{"rendered":"<p>Beata Mo\u0144ka Find out what drives us Beata Mo\u0144ka Business Partner, Business Partnering Solutions Ringier Axel Springer Polska Prezes Zarz\u0105du Fundacji ILFO Ekonomistka &#8211; Absolwentka SGH\/Handel Zagraniczny oraz Swinburne University of Technology w Melbourne\/ Business Faculty, mened\u017cer i liderka biznesu z do\u015bwiadczeniem na kluczowych stanowiskach w zarz\u0105dach, radach nadzorczych czo\u0142owych firm polskich i zagranicznych &#8211; &#8230; <a title=\"Beata Mo\u0144ka\" class=\"read-more\" href=\"https:\/\/ilfo.pl\/en\/fundatorzy\/beata-monka\/\">Read more<\/a><\/p>","protected":false},"author":1,"featured_media":0,"parent":759,"menu_order":20,"comment_status":"closed","ping_status":"closed","template":"","meta":[],"yoast_head":"<!-- This site is optimized with the Yoast SEO plugin v15.9.2 - https:\/\/yoast.com\/wordpress\/plugins\/seo\/ -->\n<title>Beata Mo\u0144ka - ILFO<\/title>\n<meta name=\"robots\" content=\"index, follow, max-snippet:-1, max-image-preview:large, max-video-preview:-1\" \/>\n<link rel=\"canonical\" href=\"https:\/\/ilfo.pl\/en\/fundatorzy\/beata-monka\/\" \/>\n<meta property=\"og:locale\" content=\"en_GB\" \/>\n<meta property=\"og:type\" content=\"article\" \/>\n<meta property=\"og:title\" content=\"Beata Mo\u0144ka - ILFO\" \/>\n<meta property=\"og:description\" content=\"Beata Mo\u0144ka Find out what drives us Beata Mo\u0144ka Business Partner, Business Partnering Solutions Ringier Axel Springer Polska Prezes Zarz\u0105du Fundacji ILFO Ekonomistka &#8211; Absolwentka SGH\/Handel Zagraniczny oraz Swinburne University of Technology w Melbourne\/ Business Faculty, mened\u017cer i liderka biznesu z do\u015bwiadczeniem na kluczowych stanowiskach w zarz\u0105dach, radach nadzorczych czo\u0142owych firm polskich i zagranicznych &#8211; ... Read more\" \/>\n<meta property=\"og:url\" content=\"https:\/\/ilfo.pl\/en\/fundatorzy\/beata-monka\/\" \/>\n<meta property=\"og:site_name\" content=\"ILFO\" \/>\n<meta property=\"article:modified_time\" content=\"2020-06-09T08:42:51+00:00\" \/>\n<meta property=\"og:image\" content=\"https:\/\/ilfo.pl\/wp-content\/uploads\/bb-plugin\/cache\/Monka_PW_043-square.jpg\" \/>\n<meta name=\"twitter:card\" content=\"summary_large_image\" \/>\n<meta name=\"twitter:label1\" content=\"Estimated reading time\">\n\t<meta name=\"twitter:data1\" content=\"1 minute\">\n<script type=\"application\/ld+json\" class=\"yoast-schema-graph\">{\"@context\":\"https:\/\/schema.org\",\"@graph\":[{\"@type\":\"Organization\",\"@id\":\"https:\/\/ilfo.pl\/#organization\",\"name\":\"International Leaders Forum\",\"url\":\"https:\/\/ilfo.pl\/\",\"sameAs\":[],\"logo\":{\"@type\":\"ImageObject\",\"@id\":\"https:\/\/ilfo.pl\/#logo\",\"inLanguage\":\"en-GB\",\"url\":\"https:\/\/ilfo.pl\/wp-content\/uploads\/2020\/05\/logo_ilfo_color.png\",\"width\":933,\"height\":522,\"caption\":\"International Leaders Forum\"},\"image\":{\"@id\":\"https:\/\/ilfo.pl\/#logo\"}},{\"@type\":\"WebSite\",\"@id\":\"https:\/\/ilfo.pl\/#website\",\"url\":\"https:\/\/ilfo.pl\/\",\"name\":\"ILFO\",\"description\":\"International Leaders Forum\",\"publisher\":{\"@id\":\"https:\/\/ilfo.pl\/#organization\"},\"potentialAction\":[{\"@type\":\"SearchAction\",\"target\":\"https:\/\/ilfo.pl\/?s={search_term_string}\",\"query-input\":\"required name=search_term_string\"}],\"inLanguage\":\"en-GB\"},{\"@type\":\"ImageObject\",\"@id\":\"https:\/\/ilfo.pl\/fundatorzy\/beata-monka\/#primaryimage\",\"inLanguage\":\"en-GB\",\"url\":\"https:\/\/ilfo.pl\/wp-content\/uploads\/bb-plugin\/cache\/Monka_PW_043-square.jpg\"},{\"@type\":\"WebPage\",\"@id\":\"https:\/\/ilfo.pl\/fundatorzy\/beata-monka\/#webpage\",\"url\":\"https:\/\/ilfo.pl\/fundatorzy\/beata-monka\/\",\"name\":\"Beata Mo\\u0144ka - ILFO\",\"isPartOf\":{\"@id\":\"https:\/\/ilfo.pl\/#website\"},\"primaryImageOfPage\":{\"@id\":\"https:\/\/ilfo.pl\/fundatorzy\/beata-monka\/#primaryimage\"},\"datePublished\":\"2020-05-15T19:30:04+00:00\",\"dateModified\":\"2020-06-09T08:42:51+00:00\",\"breadcrumb\":{\"@id\":\"https:\/\/ilfo.pl\/fundatorzy\/beata-monka\/#breadcrumb\"},\"inLanguage\":\"en-GB\",\"potentialAction\":[{\"@type\":\"ReadAction\",\"target\":[\"https:\/\/ilfo.pl\/fundatorzy\/beata-monka\/\"]}]},{\"@type\":\"BreadcrumbList\",\"@id\":\"https:\/\/ilfo.pl\/fundatorzy\/beata-monka\/#breadcrumb\",\"itemListElement\":[{\"@type\":\"ListItem\",\"position\":1,\"item\":{\"@type\":\"WebPage\",\"@id\":\"https:\/\/ilfo.pl\/\",\"url\":\"https:\/\/ilfo.pl\/\",\"name\":\"Strona g\\u0142\\u00f3wna\"}},{\"@type\":\"ListItem\",\"position\":2,\"item\":{\"@type\":\"WebPage\",\"@id\":\"https:\/\/ilfo.pl\/fundatorzy\/\",\"url\":\"https:\/\/ilfo.pl\/fundatorzy\/\",\"name\":\"Fundatorzy\"}},{\"@type\":\"ListItem\",\"position\":3,\"item\":{\"@type\":\"WebPage\",\"@id\":\"https:\/\/ilfo.pl\/fundatorzy\/beata-monka\/\",\"url\":\"https:\/\/ilfo.pl\/fundatorzy\/beata-monka\/\",\"name\":\"Beata Mo\\u0144ka\"}}]}]}<\/script>\n<!-- \/ Yoast SEO plugin. -->","_links":{"self":[{"href":"https:\/\/ilfo.pl\/en\/wp-json\/wp\/v2\/pages\/1132"}],"collection":[{"href":"https:\/\/ilfo.pl\/en\/wp-json\/wp\/v2\/pages"}],"about":[{"href":"https:\/\/ilfo.pl\/en\/wp-json\/wp\/v2\/types\/page"}],"author":[{"embeddable":true,"href":"https:\/\/ilfo.pl\/en\/wp-json\/wp\/v2\/users\/1"}],"replies":[{"embeddable":true,"href":"https:\/\/ilfo.pl\/en\/wp-json\/wp\/v2\/comments?post=1132"}],"version-history":[{"count":11,"href":"https:\/\/ilfo.pl\/en\/wp-json\/wp\/v2\/pages\/1132\/revisions"}],"predecessor-version":[{"id":1311,"href":"https:\/\/ilfo.pl\/en\/wp-json\/wp\/v2\/pages\/1132\/revisions\/1311"}],"up":[{"embeddable":true,"href":"https:\/\/ilfo.pl\/en\/wp-json\/wp\/v2\/pages\/759"}],"wp:attachment":[{"href":"https:\/\/ilfo.pl\/en\/wp-json\/wp\/v2\/media?parent=1132"}],"curies":[{"name":"wp","href":"https:\/\/api.w.org\/{rel}","templated":true}]}}