{"id":1135,"date":"2020-05-15T19:31:55","date_gmt":"2020-05-15T19:31:55","guid":{"rendered":"https:\/\/ilfo.pl\/?page_id=1135"},"modified":"2020-06-09T08:43:10","modified_gmt":"2020-06-09T08:43:10","slug":"tomasz-tyc","status":"publish","type":"page","link":"https:\/\/ilfo.pl\/en\/fundatorzy\/tomasz-tyc\/","title":{"rendered":"Tomasz Tyc"},"content":{"rendered":"<h1>Tomasz Tyc<\/h1>\n\t\t\t<a href=\"#drive\" target=\"_self\" role=\"button\" rel=\"noopener noreferrer\">\n\t\t\t\t\t\t\tFind out what drives us\n\t\t\t\t\t<\/a>\n\t\t\t\t<img loading=\"lazy\" src=\"https:\/\/ilfo.pl\/wp-content\/uploads\/bb-plugin\/cache\/ilfo_tomasz_tyc-e1589922503829-square.jpg\" alt=\"ilfo_tomasz_tyc\" itemprop=\"image\" height=\"828\" width=\"851\" title=\"ilfo_tomasz_tyc\" onerror=\"this.style.display='none'\"  \/>\n<h3>Tomasz Tyc<\/h3>\t\t\n\t\t\t<p><em>Prezes Zarz\u0105du PROBET S.A. w Katowicach<\/em><\/p>\n<p><strong><em>Cz\u0142onek Rady Fundacji ILFO<\/em><\/strong><\/p>\n\t<p>Przedsi\u0119biorca i za\u0142o\u017cyciel w 1986 roku jednej z pierwszych w wojew\u00f3dztwie \u015bl\u0105skim sp\u00f3\u0142ek z ograniczon\u0105 odpowiedzialno\u015bci\u0105 pod nazw\u0105 Przedsi\u0119biorstwo Projektowo \u2013 Wdro\u017ceniowe Budownictwa Probet Sp. z o.o. Funkcjonuj\u0105ca obecnie pod nazw\u0105 Probet S.A. firma stanowi trzon klastra budowlanego obejmuj\u0105cego firmy: Polbet S.A., Autostrada II Biuro Projekt\u00f3w Sp. z o.o., True Trade &amp; Technology Sp. z o.o., \u015al\u0105skie Laboratoria Budowlane LAB-SYSTEM Sp. z o.o oraz Integral Sp. z o.o. Jej dzia\u0142alno\u015b\u0107 polega na tworzeniu warunk\u00f3w do rozwoju i wsp\u00f3\u0142pracy firm dzia\u0142aj\u0105cych w klastrze, korzystaj\u0105cych wzajemnie z komplementarnych umiej\u0119tno\u015bci, technologii i infrastruktury. <\/p>\n<p>Za dzia\u0142alno\u015b\u0107 gospodarcz\u0105, a w szczeg\u00f3lno\u015bci za wdro\u017cenie modelu klastra przemys\u0142owego, wk\u0142ad w rozw\u00f3j bran\u017cy budowlanej i regionu \u015bl\u0105skiego, firma PROBET oraz jej prezes Tomasz Tyc otrzymali wiele nagr\u00f3d i wyr\u00f3\u017cnie\u0144, m.in. Odznak\u0119 Honorow\u0105 za Zas\u0142ugi dla Rozwoju Gospodarki RP, Z\u0142ot\u0105 Odznak\u0119 Honorow\u0105 za Zas\u0142ugi dla Wojew\u00f3dztwa \u015al\u0105skiego, Z\u0142oty Laur Umiej\u0119tno\u015bci i Kompetencji w kategorii \u201eMened\u017cer, lider spo\u0142eczno- gospodarczy\u201d (2009), statuetk\u0119 \u201eCezar \u015al\u0105skiego Biznesu\u201d oraz Diament do tej nagrody przyznane przez Lo\u017c\u0119 Katowick\u0105 BCC (2012), Srebrn\u0105 Odznak\u0119 Honorow\u0105 Polskiej Izby In\u017cynier\u00f3w Budownictwa, Z\u0142ot\u0105 Odznak\u0119 \u201eZas\u0142u\u017cony dla Budownictwa\u201d dla Zbiorowo\u015bci (2011) oraz WIELK\u0104 NAGROD\u0118 Z LAUREM Prezydenta \u015al\u0105skiej Izby Budownictwa dla Tomasz Tyca z mianem Autorytet Budownictwa i Gospodarki \u015al\u0105skiej (2010).<\/p>","protected":false},"excerpt":{"rendered":"<p>Tomasz Tyc Find out what drives us Tomasz Tyc Prezes Zarz\u0105du PROBET S.A. w Katowicach Cz\u0142onek Rady Fundacji ILFO Przedsi\u0119biorca i za\u0142o\u017cyciel w 1986 roku jednej z pierwszych w wojew\u00f3dztwie \u015bl\u0105skim sp\u00f3\u0142ek z ograniczon\u0105 odpowiedzialno\u015bci\u0105 pod nazw\u0105 Przedsi\u0119biorstwo Projektowo \u2013 Wdro\u017ceniowe Budownictwa Probet Sp. z o.o. Funkcjonuj\u0105ca obecnie pod nazw\u0105 Probet S.A. firma stanowi trzon &#8230; <a title=\"Tomasz Tyc\" class=\"read-more\" href=\"https:\/\/ilfo.pl\/en\/fundatorzy\/tomasz-tyc\/\">Read more<\/a><\/p>","protected":false},"author":1,"featured_media":0,"parent":759,"menu_order":20,"comment_status":"closed","ping_status":"closed","template":"","meta":[],"yoast_head":"<!-- This site is optimized with the Yoast SEO plugin v15.9.2 - https:\/\/yoast.com\/wordpress\/plugins\/seo\/ -->\n<title>Tomasz Tyc - ILFO<\/title>\n<meta name=\"robots\" content=\"index, follow, max-snippet:-1, max-image-preview:large, max-video-preview:-1\" \/>\n<link rel=\"canonical\" href=\"https:\/\/ilfo.pl\/en\/fundatorzy\/tomasz-tyc\/\" \/>\n<meta property=\"og:locale\" content=\"en_GB\" \/>\n<meta property=\"og:type\" content=\"article\" \/>\n<meta property=\"og:title\" content=\"Tomasz Tyc - ILFO\" \/>\n<meta property=\"og:description\" content=\"Tomasz Tyc Find out what drives us Tomasz Tyc Prezes Zarz\u0105du PROBET S.A. w Katowicach Cz\u0142onek Rady Fundacji ILFO Przedsi\u0119biorca i za\u0142o\u017cyciel w 1986 roku jednej z pierwszych w wojew\u00f3dztwie \u015bl\u0105skim sp\u00f3\u0142ek z ograniczon\u0105 odpowiedzialno\u015bci\u0105 pod nazw\u0105 Przedsi\u0119biorstwo Projektowo \u2013 Wdro\u017ceniowe Budownictwa Probet Sp. z o.o. Funkcjonuj\u0105ca obecnie pod nazw\u0105 Probet S.A. firma stanowi trzon ... Read more\" \/>\n<meta property=\"og:url\" content=\"https:\/\/ilfo.pl\/en\/fundatorzy\/tomasz-tyc\/\" \/>\n<meta property=\"og:site_name\" content=\"ILFO\" \/>\n<meta property=\"article:modified_time\" content=\"2020-06-09T08:43:10+00:00\" \/>\n<meta property=\"og:image\" content=\"https:\/\/ilfo.pl\/wp-content\/uploads\/bb-plugin\/cache\/ilfo_tomasz_tyc-e1589922503829-square.jpg\" \/>\n<meta name=\"twitter:card\" content=\"summary_large_image\" \/>\n<meta name=\"twitter:label1\" content=\"Estimated reading time\">\n\t<meta name=\"twitter:data1\" content=\"1 minute\">\n<script type=\"application\/ld+json\" class=\"yoast-schema-graph\">{\"@context\":\"https:\/\/schema.org\",\"@graph\":[{\"@type\":\"Organization\",\"@id\":\"https:\/\/ilfo.pl\/#organization\",\"name\":\"International Leaders Forum\",\"url\":\"https:\/\/ilfo.pl\/\",\"sameAs\":[],\"logo\":{\"@type\":\"ImageObject\",\"@id\":\"https:\/\/ilfo.pl\/#logo\",\"inLanguage\":\"en-GB\",\"url\":\"https:\/\/ilfo.pl\/wp-content\/uploads\/2020\/05\/logo_ilfo_color.png\",\"width\":933,\"height\":522,\"caption\":\"International Leaders Forum\"},\"image\":{\"@id\":\"https:\/\/ilfo.pl\/#logo\"}},{\"@type\":\"WebSite\",\"@id\":\"https:\/\/ilfo.pl\/#website\",\"url\":\"https:\/\/ilfo.pl\/\",\"name\":\"ILFO\",\"description\":\"International Leaders Forum\",\"publisher\":{\"@id\":\"https:\/\/ilfo.pl\/#organization\"},\"potentialAction\":[{\"@type\":\"SearchAction\",\"target\":\"https:\/\/ilfo.pl\/?s={search_term_string}\",\"query-input\":\"required name=search_term_string\"}],\"inLanguage\":\"en-GB\"},{\"@type\":\"ImageObject\",\"@id\":\"https:\/\/ilfo.pl\/fundatorzy\/tomasz-tyc\/#primaryimage\",\"inLanguage\":\"en-GB\",\"url\":\"https:\/\/ilfo.pl\/wp-content\/uploads\/bb-plugin\/cache\/ilfo_tomasz_tyc-e1589922503829-square.jpg\"},{\"@type\":\"WebPage\",\"@id\":\"https:\/\/ilfo.pl\/fundatorzy\/tomasz-tyc\/#webpage\",\"url\":\"https:\/\/ilfo.pl\/fundatorzy\/tomasz-tyc\/\",\"name\":\"Tomasz Tyc - ILFO\",\"isPartOf\":{\"@id\":\"https:\/\/ilfo.pl\/#website\"},\"primaryImageOfPage\":{\"@id\":\"https:\/\/ilfo.pl\/fundatorzy\/tomasz-tyc\/#primaryimage\"},\"datePublished\":\"2020-05-15T19:31:55+00:00\",\"dateModified\":\"2020-06-09T08:43:10+00:00\",\"breadcrumb\":{\"@id\":\"https:\/\/ilfo.pl\/fundatorzy\/tomasz-tyc\/#breadcrumb\"},\"inLanguage\":\"en-GB\",\"potentialAction\":[{\"@type\":\"ReadAction\",\"target\":[\"https:\/\/ilfo.pl\/fundatorzy\/tomasz-tyc\/\"]}]},{\"@type\":\"BreadcrumbList\",\"@id\":\"https:\/\/ilfo.pl\/fundatorzy\/tomasz-tyc\/#breadcrumb\",\"itemListElement\":[{\"@type\":\"ListItem\",\"position\":1,\"item\":{\"@type\":\"WebPage\",\"@id\":\"https:\/\/ilfo.pl\/\",\"url\":\"https:\/\/ilfo.pl\/\",\"name\":\"Strona g\\u0142\\u00f3wna\"}},{\"@type\":\"ListItem\",\"position\":2,\"item\":{\"@type\":\"WebPage\",\"@id\":\"https:\/\/ilfo.pl\/fundatorzy\/\",\"url\":\"https:\/\/ilfo.pl\/fundatorzy\/\",\"name\":\"Fundatorzy\"}},{\"@type\":\"ListItem\",\"position\":3,\"item\":{\"@type\":\"WebPage\",\"@id\":\"https:\/\/ilfo.pl\/fundatorzy\/tomasz-tyc\/\",\"url\":\"https:\/\/ilfo.pl\/fundatorzy\/tomasz-tyc\/\",\"name\":\"Tomasz Tyc\"}}]}]}<\/script>\n<!-- \/ Yoast SEO plugin. -->","_links":{"self":[{"href":"https:\/\/ilfo.pl\/en\/wp-json\/wp\/v2\/pages\/1135"}],"collection":[{"href":"https:\/\/ilfo.pl\/en\/wp-json\/wp\/v2\/pages"}],"about":[{"href":"https:\/\/ilfo.pl\/en\/wp-json\/wp\/v2\/types\/page"}],"author":[{"embeddable":true,"href":"https:\/\/ilfo.pl\/en\/wp-json\/wp\/v2\/users\/1"}],"replies":[{"embeddable":true,"href":"https:\/\/ilfo.pl\/en\/wp-json\/wp\/v2\/comments?post=1135"}],"version-history":[{"count":9,"href":"https:\/\/ilfo.pl\/en\/wp-json\/wp\/v2\/pages\/1135\/revisions"}],"predecessor-version":[{"id":1296,"href":"https:\/\/ilfo.pl\/en\/wp-json\/wp\/v2\/pages\/1135\/revisions\/1296"}],"up":[{"embeddable":true,"href":"https:\/\/ilfo.pl\/en\/wp-json\/wp\/v2\/pages\/759"}],"wp:attachment":[{"href":"https:\/\/ilfo.pl\/en\/wp-json\/wp\/v2\/media?parent=1135"}],"curies":[{"name":"wp","href":"https:\/\/api.w.org\/{rel}","templated":true}]}}