{"id":1317,"date":"2020-05-26T18:18:49","date_gmt":"2020-05-26T18:18:49","guid":{"rendered":"https:\/\/ilfo.pl\/?page_id=1317"},"modified":"2020-06-09T08:43:33","modified_gmt":"2020-06-09T08:43:33","slug":"bozena-lesniewska","status":"publish","type":"page","link":"https:\/\/ilfo.pl\/en\/fundatorzy\/bozena-lesniewska\/","title":{"rendered":"Bo\u017cena Le\u015bniewska"},"content":{"rendered":"<h1>Bo\u017cena Le\u015bniewska<\/h1>\n\t\t\t<a href=\"#drive\" target=\"_self\" role=\"button\" rel=\"noopener noreferrer\">\n\t\t\t\t\t\t\tFind out what drives us\n\t\t\t\t\t<\/a>\n\t\t\t\t<img loading=\"lazy\" src=\"https:\/\/ilfo.pl\/wp-content\/uploads\/bb-plugin\/cache\/lesniewska-square.jpg\" alt=\"lesniewska\" itemprop=\"image\" height=\"953\" width=\"953\" title=\"lesniewska\" onerror=\"this.style.display='none'\"  \/>\n<h3>Bo\u017cena Le\u015bniewska<\/h3>\t\t\n\t\t\t<em>Wiceprezes Zarz\u0105du Orange Polska<\/em><br \/>\n<em>Education Officer<\/em>\n\t<p>Od ponad dwudziestu lat zawodowo zwi\u0105zana z zarz\u0105dzaniem i bran\u017c\u0105 technologiczn\u0105. Obecnie, jako Wiceprezes Zarz\u0105du Orange Polska, odpowiada za rynek biznesowy oraz sp\u00f3\u0142ki Integrated Solutions i BlueSoft.<\/p>\n<p>Absolwentka Uniwersytetu Jagiello\u0144skiego, APP w Szkole Biznesu Politechniki Warszawskiej oraz AMP na INSEAD. Sprawuje funkcje cz\u0142onka Rady Odpowiedzialnego Przyw\u00f3dztwa przy Forum Odpowiedzialnego Biznesu, Stowarzyszenia LiderShe, stowarzyszenia Professional Women Network.<\/p>\n<p>Finalistka mi\u0119dzynarodowego konkursu Women In Sales Awards 2014 w kategorii Best Woman Sales Director oraz VII edycji konkursu Bizneswoman Roku. W 2016 roku zosta\u0142a uznana przez Instytut Innowacyjna Gospodarka za jedn\u0105 z dziesi\u0119ciu najbardziej wp\u0142ywowych kobiet zarz\u0105dzaj\u0105cych polskim sektorem teleinformatycznym.<\/p>\n<p>Aktywna mentorka w programach wspieraj\u0105cych rozw\u00f3j m\u0142odych lider\u00f3w m.in. Fundacji Vital Voices, Fundacji Edukacyjnej Perspektywy i Fundacji Przedsi\u0119biorczo\u015bci Kobiet. Wsp\u00f3\u0142autorka pierwszych w Europie studi\u00f3w dla kobiet \u2013 Akademii Przyw\u00f3dztwa Kobiet na Akademii Leona Ko\u017ami\u0144skiego.<\/p>","protected":false},"excerpt":{"rendered":"<p>Bo\u017cena Le\u015bniewska Find out what drives us Bo\u017cena Le\u015bniewska Wiceprezes Zarz\u0105du Orange Polska Education Officer Od ponad dwudziestu lat zawodowo zwi\u0105zana z zarz\u0105dzaniem i bran\u017c\u0105 technologiczn\u0105. Obecnie, jako Wiceprezes Zarz\u0105du Orange Polska, odpowiada za rynek biznesowy oraz sp\u00f3\u0142ki Integrated Solutions i BlueSoft. Absolwentka Uniwersytetu Jagiello\u0144skiego, APP w Szkole Biznesu Politechniki Warszawskiej oraz AMP na INSEAD. &#8230; <a title=\"Bo\u017cena Le\u015bniewska\" class=\"read-more\" href=\"https:\/\/ilfo.pl\/en\/fundatorzy\/bozena-lesniewska\/\">Read more<\/a><\/p>","protected":false},"author":1,"featured_media":0,"parent":759,"menu_order":20,"comment_status":"closed","ping_status":"closed","template":"","meta":[],"yoast_head":"<!-- This site is optimized with the Yoast SEO plugin v15.9.2 - https:\/\/yoast.com\/wordpress\/plugins\/seo\/ -->\n<title>Bo\u017cena Le\u015bniewska - ILFO<\/title>\n<meta name=\"robots\" content=\"index, follow, max-snippet:-1, max-image-preview:large, max-video-preview:-1\" \/>\n<link rel=\"canonical\" href=\"https:\/\/ilfo.pl\/en\/fundatorzy\/bozena-lesniewska\/\" \/>\n<meta property=\"og:locale\" content=\"en_GB\" \/>\n<meta property=\"og:type\" content=\"article\" \/>\n<meta property=\"og:title\" content=\"Bo\u017cena Le\u015bniewska - ILFO\" \/>\n<meta property=\"og:description\" content=\"Bo\u017cena Le\u015bniewska Find out what drives us Bo\u017cena Le\u015bniewska Wiceprezes Zarz\u0105du Orange Polska Education Officer Od ponad dwudziestu lat zawodowo zwi\u0105zana z zarz\u0105dzaniem i bran\u017c\u0105 technologiczn\u0105. Obecnie, jako Wiceprezes Zarz\u0105du Orange Polska, odpowiada za rynek biznesowy oraz sp\u00f3\u0142ki Integrated Solutions i BlueSoft. Absolwentka Uniwersytetu Jagiello\u0144skiego, APP w Szkole Biznesu Politechniki Warszawskiej oraz AMP na INSEAD. ... Read more\" \/>\n<meta property=\"og:url\" content=\"https:\/\/ilfo.pl\/en\/fundatorzy\/bozena-lesniewska\/\" \/>\n<meta property=\"og:site_name\" content=\"ILFO\" \/>\n<meta property=\"article:modified_time\" content=\"2020-06-09T08:43:33+00:00\" \/>\n<meta property=\"og:image\" content=\"https:\/\/ilfo.pl\/wp-content\/uploads\/bb-plugin\/cache\/lesniewska-square.jpg\" \/>\n<meta name=\"twitter:card\" content=\"summary_large_image\" \/>\n<meta name=\"twitter:label1\" content=\"Estimated reading time\">\n\t<meta name=\"twitter:data1\" content=\"1 minute\">\n<script type=\"application\/ld+json\" class=\"yoast-schema-graph\">{\"@context\":\"https:\/\/schema.org\",\"@graph\":[{\"@type\":\"Organization\",\"@id\":\"https:\/\/ilfo.pl\/#organization\",\"name\":\"International Leaders Forum\",\"url\":\"https:\/\/ilfo.pl\/\",\"sameAs\":[],\"logo\":{\"@type\":\"ImageObject\",\"@id\":\"https:\/\/ilfo.pl\/#logo\",\"inLanguage\":\"en-GB\",\"url\":\"https:\/\/ilfo.pl\/wp-content\/uploads\/2020\/05\/logo_ilfo_color.png\",\"width\":933,\"height\":522,\"caption\":\"International Leaders Forum\"},\"image\":{\"@id\":\"https:\/\/ilfo.pl\/#logo\"}},{\"@type\":\"WebSite\",\"@id\":\"https:\/\/ilfo.pl\/#website\",\"url\":\"https:\/\/ilfo.pl\/\",\"name\":\"ILFO\",\"description\":\"International Leaders Forum\",\"publisher\":{\"@id\":\"https:\/\/ilfo.pl\/#organization\"},\"potentialAction\":[{\"@type\":\"SearchAction\",\"target\":\"https:\/\/ilfo.pl\/?s={search_term_string}\",\"query-input\":\"required name=search_term_string\"}],\"inLanguage\":\"en-GB\"},{\"@type\":\"ImageObject\",\"@id\":\"https:\/\/ilfo.pl\/fundatorzy\/bozena-lesniewska\/#primaryimage\",\"inLanguage\":\"en-GB\",\"url\":\"https:\/\/ilfo.pl\/wp-content\/uploads\/bb-plugin\/cache\/lesniewska-square.jpg\"},{\"@type\":\"WebPage\",\"@id\":\"https:\/\/ilfo.pl\/fundatorzy\/bozena-lesniewska\/#webpage\",\"url\":\"https:\/\/ilfo.pl\/fundatorzy\/bozena-lesniewska\/\",\"name\":\"Bo\\u017cena Le\\u015bniewska - ILFO\",\"isPartOf\":{\"@id\":\"https:\/\/ilfo.pl\/#website\"},\"primaryImageOfPage\":{\"@id\":\"https:\/\/ilfo.pl\/fundatorzy\/bozena-lesniewska\/#primaryimage\"},\"datePublished\":\"2020-05-26T18:18:49+00:00\",\"dateModified\":\"2020-06-09T08:43:33+00:00\",\"breadcrumb\":{\"@id\":\"https:\/\/ilfo.pl\/fundatorzy\/bozena-lesniewska\/#breadcrumb\"},\"inLanguage\":\"en-GB\",\"potentialAction\":[{\"@type\":\"ReadAction\",\"target\":[\"https:\/\/ilfo.pl\/fundatorzy\/bozena-lesniewska\/\"]}]},{\"@type\":\"BreadcrumbList\",\"@id\":\"https:\/\/ilfo.pl\/fundatorzy\/bozena-lesniewska\/#breadcrumb\",\"itemListElement\":[{\"@type\":\"ListItem\",\"position\":1,\"item\":{\"@type\":\"WebPage\",\"@id\":\"https:\/\/ilfo.pl\/\",\"url\":\"https:\/\/ilfo.pl\/\",\"name\":\"Strona g\\u0142\\u00f3wna\"}},{\"@type\":\"ListItem\",\"position\":2,\"item\":{\"@type\":\"WebPage\",\"@id\":\"https:\/\/ilfo.pl\/fundatorzy\/\",\"url\":\"https:\/\/ilfo.pl\/fundatorzy\/\",\"name\":\"Fundatorzy\"}},{\"@type\":\"ListItem\",\"position\":3,\"item\":{\"@type\":\"WebPage\",\"@id\":\"https:\/\/ilfo.pl\/fundatorzy\/bozena-lesniewska\/\",\"url\":\"https:\/\/ilfo.pl\/fundatorzy\/bozena-lesniewska\/\",\"name\":\"Bo\\u017cena Le\\u015bniewska\"}}]}]}<\/script>\n<!-- \/ Yoast SEO plugin. -->","_links":{"self":[{"href":"https:\/\/ilfo.pl\/en\/wp-json\/wp\/v2\/pages\/1317"}],"collection":[{"href":"https:\/\/ilfo.pl\/en\/wp-json\/wp\/v2\/pages"}],"about":[{"href":"https:\/\/ilfo.pl\/en\/wp-json\/wp\/v2\/types\/page"}],"author":[{"embeddable":true,"href":"https:\/\/ilfo.pl\/en\/wp-json\/wp\/v2\/users\/1"}],"replies":[{"embeddable":true,"href":"https:\/\/ilfo.pl\/en\/wp-json\/wp\/v2\/comments?post=1317"}],"version-history":[{"count":3,"href":"https:\/\/ilfo.pl\/en\/wp-json\/wp\/v2\/pages\/1317\/revisions"}],"predecessor-version":[{"id":1325,"href":"https:\/\/ilfo.pl\/en\/wp-json\/wp\/v2\/pages\/1317\/revisions\/1325"}],"up":[{"embeddable":true,"href":"https:\/\/ilfo.pl\/en\/wp-json\/wp\/v2\/pages\/759"}],"wp:attachment":[{"href":"https:\/\/ilfo.pl\/en\/wp-json\/wp\/v2\/media?parent=1317"}],"curies":[{"name":"wp","href":"https:\/\/api.w.org\/{rel}","templated":true}]}}