{"id":1333,"date":"2020-06-09T06:58:05","date_gmt":"2020-06-09T06:58:05","guid":{"rendered":"https:\/\/ilfo.pl\/?page_id=1333"},"modified":"2020-06-09T07:01:01","modified_gmt":"2020-06-09T07:01:01","slug":"stanislaw-dziekonski","status":"publish","type":"page","link":"https:\/\/ilfo.pl\/en\/fundatorzy\/stanislaw-dziekonski\/","title":{"rendered":"Stanis\u0142aw Dzieko\u0144ski"},"content":{"rendered":"<h1>Stanis\u0142aw Dzieko\u0144ski<\/h1>\n\t\t\t<a href=\"#drive\" target=\"_self\" role=\"button\" rel=\"noopener noreferrer\">\n\t\t\t\t\t\t\tFind out what drives us\n\t\t\t\t\t<\/a>\n\t\t\t\t<img loading=\"lazy\" src=\"https:\/\/ilfo.pl\/wp-content\/uploads\/bb-plugin\/cache\/dziekonski-square.jpg\" alt=\"dziekonski\" itemprop=\"image\" height=\"848\" width=\"854\" title=\"dziekonski\" onerror=\"this.style.display='none'\"  \/>\n<h3>Stanis\u0142aw Dzieko\u0144ski<\/h3>\t\t\n\t\t\t<p><em>Prof. dr hab.<\/em><\/p>\n<p><strong><em>Rektor Uniwersytetu Kardyna\u0142a Wyszy\u0144skiego w Warszawie<\/em><\/strong><\/p>\n\t<p>Prof. dr hab. Stanis\u0142aw Dzieko\u0144ski &#8211; profesor nauk spo\u0142ecznych w dycyplinie pedagogika. Rektor Uniwersytetu Kardyna\u0142a Stefana Wyszy\u0144skiego w Warszawie. Doktor Honoris Causa Wschodnioeurpoejskiego Uniwersytetu Narodowego im.\u0141esi Ukrainki w \u0141ucku. Autor licznych publikacji z dziedziny nauk spo\u0142ecznych i humanistycznych. Autor wywiad\u00f3w podejmuj\u0105cych tematyk\u0119 zwi\u0105zk\u00f3w nauki i biznesu. Recenzent w przewodach doktorskich, habilitacyjnych oraz post\u0119powa\u0144 w sprawie nadania tytu\u0142u profesora i tytu\u0142u doktora honoris causa. Bra\u0142 udzia\u0142 w licznych wymianach mi\u0119dzynarodowych. Prelegent konferencji naukowych o tematyce spo\u0142eczno &#8211; gospodarczej. Cz\u0142onek licznych gremi\u00f3w naukowych i doradczych. Z jego inicjatywy w Uniwersytecie Kardyna\u0142a Stefana Wyszy\u0144skiego w Warszawie powsta\u0142y Centra badawcze technologii informatycznych i cyfrowych oraz Uniwersytet przyj\u0105\u0142 jako jeden z wiod\u0105cych kierunk\u00f3w rozwoju obszary nauki zwi\u0105zane z technologiami cyfrowymi.<\/p>","protected":false},"excerpt":{"rendered":"<p>Stanis\u0142aw Dzieko\u0144ski Find out what drives us Stanis\u0142aw Dzieko\u0144ski Prof. dr hab. Rektor Uniwersytetu Kardyna\u0142a Wyszy\u0144skiego w Warszawie Prof. dr hab. Stanis\u0142aw Dzieko\u0144ski &#8211; profesor nauk spo\u0142ecznych w dycyplinie pedagogika. Rektor Uniwersytetu Kardyna\u0142a Stefana Wyszy\u0144skiego w Warszawie. Doktor Honoris Causa Wschodnioeurpoejskiego Uniwersytetu Narodowego im.\u0141esi Ukrainki w \u0141ucku. Autor licznych publikacji z dziedziny nauk spo\u0142ecznych i &#8230; <a title=\"Stanis\u0142aw Dzieko\u0144ski\" class=\"read-more\" href=\"https:\/\/ilfo.pl\/en\/fundatorzy\/stanislaw-dziekonski\/\">Read more<\/a><\/p>","protected":false},"author":1,"featured_media":0,"parent":759,"menu_order":20,"comment_status":"closed","ping_status":"closed","template":"","meta":[],"yoast_head":"<!-- This site is optimized with the Yoast SEO plugin v15.9.2 - https:\/\/yoast.com\/wordpress\/plugins\/seo\/ -->\n<title>Stanis\u0142aw Dzieko\u0144ski - ILFO<\/title>\n<meta name=\"robots\" content=\"index, follow, max-snippet:-1, max-image-preview:large, max-video-preview:-1\" \/>\n<link rel=\"canonical\" href=\"https:\/\/ilfo.pl\/en\/fundatorzy\/stanislaw-dziekonski\/\" \/>\n<meta property=\"og:locale\" content=\"en_GB\" \/>\n<meta property=\"og:type\" content=\"article\" \/>\n<meta property=\"og:title\" content=\"Stanis\u0142aw Dzieko\u0144ski - ILFO\" \/>\n<meta property=\"og:description\" content=\"Stanis\u0142aw Dzieko\u0144ski Find out what drives us Stanis\u0142aw Dzieko\u0144ski Prof. dr hab. Rektor Uniwersytetu Kardyna\u0142a Wyszy\u0144skiego w Warszawie Prof. dr hab. Stanis\u0142aw Dzieko\u0144ski &#8211; profesor nauk spo\u0142ecznych w dycyplinie pedagogika. Rektor Uniwersytetu Kardyna\u0142a Stefana Wyszy\u0144skiego w Warszawie. Doktor Honoris Causa Wschodnioeurpoejskiego Uniwersytetu Narodowego im.\u0141esi Ukrainki w \u0141ucku. Autor licznych publikacji z dziedziny nauk spo\u0142ecznych i ... Read more\" \/>\n<meta property=\"og:url\" content=\"https:\/\/ilfo.pl\/en\/fundatorzy\/stanislaw-dziekonski\/\" \/>\n<meta property=\"og:site_name\" content=\"ILFO\" \/>\n<meta property=\"article:modified_time\" content=\"2020-06-09T07:01:01+00:00\" \/>\n<meta property=\"og:image\" content=\"https:\/\/ilfo.pl\/wp-content\/uploads\/bb-plugin\/cache\/dziekonski-square.jpg\" \/>\n<meta name=\"twitter:card\" content=\"summary_large_image\" \/>\n<meta name=\"twitter:label1\" content=\"Estimated reading time\">\n\t<meta name=\"twitter:data1\" content=\"1 minute\">\n<script type=\"application\/ld+json\" class=\"yoast-schema-graph\">{\"@context\":\"https:\/\/schema.org\",\"@graph\":[{\"@type\":\"Organization\",\"@id\":\"https:\/\/ilfo.pl\/#organization\",\"name\":\"International Leaders Forum\",\"url\":\"https:\/\/ilfo.pl\/\",\"sameAs\":[],\"logo\":{\"@type\":\"ImageObject\",\"@id\":\"https:\/\/ilfo.pl\/#logo\",\"inLanguage\":\"en-GB\",\"url\":\"https:\/\/ilfo.pl\/wp-content\/uploads\/2020\/05\/logo_ilfo_color.png\",\"width\":933,\"height\":522,\"caption\":\"International Leaders Forum\"},\"image\":{\"@id\":\"https:\/\/ilfo.pl\/#logo\"}},{\"@type\":\"WebSite\",\"@id\":\"https:\/\/ilfo.pl\/#website\",\"url\":\"https:\/\/ilfo.pl\/\",\"name\":\"ILFO\",\"description\":\"International Leaders Forum\",\"publisher\":{\"@id\":\"https:\/\/ilfo.pl\/#organization\"},\"potentialAction\":[{\"@type\":\"SearchAction\",\"target\":\"https:\/\/ilfo.pl\/?s={search_term_string}\",\"query-input\":\"required name=search_term_string\"}],\"inLanguage\":\"en-GB\"},{\"@type\":\"ImageObject\",\"@id\":\"https:\/\/ilfo.pl\/fundatorzy\/stanislaw-dziekonski\/#primaryimage\",\"inLanguage\":\"en-GB\",\"url\":\"https:\/\/ilfo.pl\/wp-content\/uploads\/bb-plugin\/cache\/dziekonski-square.jpg\"},{\"@type\":\"WebPage\",\"@id\":\"https:\/\/ilfo.pl\/fundatorzy\/stanislaw-dziekonski\/#webpage\",\"url\":\"https:\/\/ilfo.pl\/fundatorzy\/stanislaw-dziekonski\/\",\"name\":\"Stanis\\u0142aw Dzieko\\u0144ski - ILFO\",\"isPartOf\":{\"@id\":\"https:\/\/ilfo.pl\/#website\"},\"primaryImageOfPage\":{\"@id\":\"https:\/\/ilfo.pl\/fundatorzy\/stanislaw-dziekonski\/#primaryimage\"},\"datePublished\":\"2020-06-09T06:58:05+00:00\",\"dateModified\":\"2020-06-09T07:01:01+00:00\",\"breadcrumb\":{\"@id\":\"https:\/\/ilfo.pl\/fundatorzy\/stanislaw-dziekonski\/#breadcrumb\"},\"inLanguage\":\"en-GB\",\"potentialAction\":[{\"@type\":\"ReadAction\",\"target\":[\"https:\/\/ilfo.pl\/fundatorzy\/stanislaw-dziekonski\/\"]}]},{\"@type\":\"BreadcrumbList\",\"@id\":\"https:\/\/ilfo.pl\/fundatorzy\/stanislaw-dziekonski\/#breadcrumb\",\"itemListElement\":[{\"@type\":\"ListItem\",\"position\":1,\"item\":{\"@type\":\"WebPage\",\"@id\":\"https:\/\/ilfo.pl\/\",\"url\":\"https:\/\/ilfo.pl\/\",\"name\":\"Strona g\\u0142\\u00f3wna\"}},{\"@type\":\"ListItem\",\"position\":2,\"item\":{\"@type\":\"WebPage\",\"@id\":\"https:\/\/ilfo.pl\/fundatorzy\/\",\"url\":\"https:\/\/ilfo.pl\/fundatorzy\/\",\"name\":\"Fundatorzy\"}},{\"@type\":\"ListItem\",\"position\":3,\"item\":{\"@type\":\"WebPage\",\"@id\":\"https:\/\/ilfo.pl\/fundatorzy\/stanislaw-dziekonski\/\",\"url\":\"https:\/\/ilfo.pl\/fundatorzy\/stanislaw-dziekonski\/\",\"name\":\"Stanis\\u0142aw Dzieko\\u0144ski\"}}]}]}<\/script>\n<!-- \/ Yoast SEO plugin. -->","_links":{"self":[{"href":"https:\/\/ilfo.pl\/en\/wp-json\/wp\/v2\/pages\/1333"}],"collection":[{"href":"https:\/\/ilfo.pl\/en\/wp-json\/wp\/v2\/pages"}],"about":[{"href":"https:\/\/ilfo.pl\/en\/wp-json\/wp\/v2\/types\/page"}],"author":[{"embeddable":true,"href":"https:\/\/ilfo.pl\/en\/wp-json\/wp\/v2\/users\/1"}],"replies":[{"embeddable":true,"href":"https:\/\/ilfo.pl\/en\/wp-json\/wp\/v2\/comments?post=1333"}],"version-history":[{"count":4,"href":"https:\/\/ilfo.pl\/en\/wp-json\/wp\/v2\/pages\/1333\/revisions"}],"predecessor-version":[{"id":1338,"href":"https:\/\/ilfo.pl\/en\/wp-json\/wp\/v2\/pages\/1333\/revisions\/1338"}],"up":[{"embeddable":true,"href":"https:\/\/ilfo.pl\/en\/wp-json\/wp\/v2\/pages\/759"}],"wp:attachment":[{"href":"https:\/\/ilfo.pl\/en\/wp-json\/wp\/v2\/media?parent=1333"}],"curies":[{"name":"wp","href":"https:\/\/api.w.org\/{rel}","templated":true}]}}