{"id":1341,"date":"2020-06-09T07:03:37","date_gmt":"2020-06-09T07:03:37","guid":{"rendered":"https:\/\/ilfo.pl\/?page_id=1341"},"modified":"2020-06-09T08:44:29","modified_gmt":"2020-06-09T08:44:29","slug":"cezary-wojcik","status":"publish","type":"page","link":"https:\/\/ilfo.pl\/en\/fundatorzy\/cezary-wojcik\/","title":{"rendered":"Cezary W\u00f3jcik"},"content":{"rendered":"<h1>Cezary W\u00f3jcik<\/h1>\n\t\t\t<a href=\"#drive\" target=\"_self\" role=\"button\" rel=\"noopener noreferrer\">\n\t\t\t\t\t\t\tFind out what drives us\n\t\t\t\t\t<\/a>\n\t\t\t\t<img loading=\"lazy\" src=\"https:\/\/ilfo.pl\/wp-content\/uploads\/bb-plugin\/cache\/Cesary_Wojcik-square.jpg\" alt=\"Cesary_Wojcik\" itemprop=\"image\" height=\"1105\" width=\"1174\" title=\"Cesary_Wojcik\" onerror=\"this.style.display='none'\"  \/>\n<h3>Cezary W\u00f3jcik<\/h3>\t\t\n\t\t\t<p><em>Prof. dr hab.<\/em><\/p>\n<p><strong><em>Za\u0142o\u017cyciel i Dyrektor Center for Leadership<\/em><\/strong><\/p>\n\tZa\u0142o\u017cyciel i dyrektor Center for Leadership, profesor przyw\u00f3dztwa i finans\u00f3w SGH.\nStudiowa\u0142 na Uniwersytecie Harvarda, gdzie\u00a0<a href=\"http:\/\/m.in\/\" target=\"_blank\" rel=\"noopener noreferrer\" data-saferedirecturl=\"https:\/\/www.google.com\/url?q=http:\/\/m.in&amp;source=gmail&amp;ust=1591685372688000&amp;usg=AFQjCNGA88SWPaD7JrMGe-8TF6-jICl5fA\">m.in<\/a>. uko\u0144czy\u0142 Master Class for Leadership Educators. Jest tak\u017ce absolwentem program\u00f3w z zakresu zarz\u0105dzania i przyw\u00f3dztwa na IESE Business School i HEC Paris.\nWyr\u00f3\u017cniony Letter of Achievement za wk\u0142ad w rozw\u00f3j przyw\u00f3dztwa przez Harvard Kennedy School Government, gdzie by\u0142 r\u00f3wnie\u017c cz\u0142onkiem zespo\u0142u dydaktycznego flagowego kursu z przyw\u00f3dztwa dla wy\u017cszej kadry menad\u017cerskiej sektora publicznego i prywatnego\nBy\u0142 cz\u0142onkiem Rady Makroekonomicznej oraz doradc\u0105 Ministra Finans\u00f3w i Prezesa NBP, a tak\u017ce g\u0142\u00f3wnym doradc\u0105 banku WestLB.\nW przesz\u0142o\u015bci pe\u0142ni\u0142 funkcj\u0119 Dyrektora Instytutu Nauk Ekonomicznych PAN, Dyrektora Biura ds. Integracji ze stref\u0105 euro. Pracowa\u0142 tak\u017ce w Europejskim Banku Centralnym, Narodowym Banku Austrii, Narodowym Banku Polskim oraz Ministerstwie Finans\u00f3w.\nLaureat nagrody tygodnika \u201ePolityka\u201d, dwukrotny stypendysta Fullbrighta, laureat nagr\u00f3d Fundacji na Rzecz Nauki Polskiej oraz stypendium dla wybitnych m\u0142odych naukowc\u00f3w MNiSW.","protected":false},"excerpt":{"rendered":"<p>Cezary W\u00f3jcik Find out what drives us Cezary W\u00f3jcik Prof. dr hab. Za\u0142o\u017cyciel i Dyrektor Center for Leadership Za\u0142o\u017cyciel i dyrektor Center for Leadership, profesor przyw\u00f3dztwa i finans\u00f3w SGH. Studiowa\u0142 na Uniwersytecie Harvarda, gdzie\u00a0m.in. uko\u0144czy\u0142 Master Class for Leadership Educators. Jest tak\u017ce absolwentem program\u00f3w z zakresu zarz\u0105dzania i przyw\u00f3dztwa na IESE Business School i HEC &#8230; <a title=\"Cezary W\u00f3jcik\" class=\"read-more\" href=\"https:\/\/ilfo.pl\/en\/fundatorzy\/cezary-wojcik\/\">Read more<\/a><\/p>","protected":false},"author":1,"featured_media":0,"parent":759,"menu_order":20,"comment_status":"closed","ping_status":"closed","template":"","meta":[],"yoast_head":"<!-- This site is optimized with the Yoast SEO plugin v15.9.2 - https:\/\/yoast.com\/wordpress\/plugins\/seo\/ -->\n<title>Cezary W\u00f3jcik - ILFO<\/title>\n<meta name=\"robots\" content=\"index, follow, max-snippet:-1, max-image-preview:large, max-video-preview:-1\" \/>\n<link rel=\"canonical\" href=\"https:\/\/ilfo.pl\/en\/fundatorzy\/cezary-wojcik\/\" \/>\n<meta property=\"og:locale\" content=\"en_GB\" \/>\n<meta property=\"og:type\" content=\"article\" \/>\n<meta property=\"og:title\" content=\"Cezary W\u00f3jcik - ILFO\" \/>\n<meta property=\"og:description\" content=\"Cezary W\u00f3jcik Find out what drives us Cezary W\u00f3jcik Prof. dr hab. Za\u0142o\u017cyciel i Dyrektor Center for Leadership Za\u0142o\u017cyciel i dyrektor Center for Leadership, profesor przyw\u00f3dztwa i finans\u00f3w SGH. Studiowa\u0142 na Uniwersytecie Harvarda, gdzie\u00a0m.in. uko\u0144czy\u0142 Master Class for Leadership Educators. Jest tak\u017ce absolwentem program\u00f3w z zakresu zarz\u0105dzania i przyw\u00f3dztwa na IESE Business School i HEC ... Read more\" \/>\n<meta property=\"og:url\" content=\"https:\/\/ilfo.pl\/en\/fundatorzy\/cezary-wojcik\/\" \/>\n<meta property=\"og:site_name\" content=\"ILFO\" \/>\n<meta property=\"article:modified_time\" content=\"2020-06-09T08:44:29+00:00\" \/>\n<meta property=\"og:image\" content=\"https:\/\/ilfo.pl\/wp-content\/uploads\/bb-plugin\/cache\/Cesary_Wojcik-square.jpg\" \/>\n<meta name=\"twitter:card\" content=\"summary_large_image\" \/>\n<meta name=\"twitter:label1\" content=\"Estimated reading time\">\n\t<meta name=\"twitter:data1\" content=\"1 minute\">\n<script type=\"application\/ld+json\" class=\"yoast-schema-graph\">{\"@context\":\"https:\/\/schema.org\",\"@graph\":[{\"@type\":\"Organization\",\"@id\":\"https:\/\/ilfo.pl\/#organization\",\"name\":\"International Leaders Forum\",\"url\":\"https:\/\/ilfo.pl\/\",\"sameAs\":[],\"logo\":{\"@type\":\"ImageObject\",\"@id\":\"https:\/\/ilfo.pl\/#logo\",\"inLanguage\":\"en-GB\",\"url\":\"https:\/\/ilfo.pl\/wp-content\/uploads\/2020\/05\/logo_ilfo_color.png\",\"width\":933,\"height\":522,\"caption\":\"International Leaders Forum\"},\"image\":{\"@id\":\"https:\/\/ilfo.pl\/#logo\"}},{\"@type\":\"WebSite\",\"@id\":\"https:\/\/ilfo.pl\/#website\",\"url\":\"https:\/\/ilfo.pl\/\",\"name\":\"ILFO\",\"description\":\"International Leaders Forum\",\"publisher\":{\"@id\":\"https:\/\/ilfo.pl\/#organization\"},\"potentialAction\":[{\"@type\":\"SearchAction\",\"target\":\"https:\/\/ilfo.pl\/?s={search_term_string}\",\"query-input\":\"required name=search_term_string\"}],\"inLanguage\":\"en-GB\"},{\"@type\":\"ImageObject\",\"@id\":\"https:\/\/ilfo.pl\/fundatorzy\/cezary-wojcik\/#primaryimage\",\"inLanguage\":\"en-GB\",\"url\":\"https:\/\/ilfo.pl\/wp-content\/uploads\/bb-plugin\/cache\/Cesary_Wojcik-square.jpg\"},{\"@type\":\"WebPage\",\"@id\":\"https:\/\/ilfo.pl\/fundatorzy\/cezary-wojcik\/#webpage\",\"url\":\"https:\/\/ilfo.pl\/fundatorzy\/cezary-wojcik\/\",\"name\":\"Cezary W\\u00f3jcik - ILFO\",\"isPartOf\":{\"@id\":\"https:\/\/ilfo.pl\/#website\"},\"primaryImageOfPage\":{\"@id\":\"https:\/\/ilfo.pl\/fundatorzy\/cezary-wojcik\/#primaryimage\"},\"datePublished\":\"2020-06-09T07:03:37+00:00\",\"dateModified\":\"2020-06-09T08:44:29+00:00\",\"breadcrumb\":{\"@id\":\"https:\/\/ilfo.pl\/fundatorzy\/cezary-wojcik\/#breadcrumb\"},\"inLanguage\":\"en-GB\",\"potentialAction\":[{\"@type\":\"ReadAction\",\"target\":[\"https:\/\/ilfo.pl\/fundatorzy\/cezary-wojcik\/\"]}]},{\"@type\":\"BreadcrumbList\",\"@id\":\"https:\/\/ilfo.pl\/fundatorzy\/cezary-wojcik\/#breadcrumb\",\"itemListElement\":[{\"@type\":\"ListItem\",\"position\":1,\"item\":{\"@type\":\"WebPage\",\"@id\":\"https:\/\/ilfo.pl\/\",\"url\":\"https:\/\/ilfo.pl\/\",\"name\":\"Strona g\\u0142\\u00f3wna\"}},{\"@type\":\"ListItem\",\"position\":2,\"item\":{\"@type\":\"WebPage\",\"@id\":\"https:\/\/ilfo.pl\/fundatorzy\/\",\"url\":\"https:\/\/ilfo.pl\/fundatorzy\/\",\"name\":\"Fundatorzy\"}},{\"@type\":\"ListItem\",\"position\":3,\"item\":{\"@type\":\"WebPage\",\"@id\":\"https:\/\/ilfo.pl\/fundatorzy\/cezary-wojcik\/\",\"url\":\"https:\/\/ilfo.pl\/fundatorzy\/cezary-wojcik\/\",\"name\":\"Cezary W\\u00f3jcik\"}}]}]}<\/script>\n<!-- \/ Yoast SEO plugin. -->","_links":{"self":[{"href":"https:\/\/ilfo.pl\/en\/wp-json\/wp\/v2\/pages\/1341"}],"collection":[{"href":"https:\/\/ilfo.pl\/en\/wp-json\/wp\/v2\/pages"}],"about":[{"href":"https:\/\/ilfo.pl\/en\/wp-json\/wp\/v2\/types\/page"}],"author":[{"embeddable":true,"href":"https:\/\/ilfo.pl\/en\/wp-json\/wp\/v2\/users\/1"}],"replies":[{"embeddable":true,"href":"https:\/\/ilfo.pl\/en\/wp-json\/wp\/v2\/comments?post=1341"}],"version-history":[{"count":4,"href":"https:\/\/ilfo.pl\/en\/wp-json\/wp\/v2\/pages\/1341\/revisions"}],"predecessor-version":[{"id":1355,"href":"https:\/\/ilfo.pl\/en\/wp-json\/wp\/v2\/pages\/1341\/revisions\/1355"}],"up":[{"embeddable":true,"href":"https:\/\/ilfo.pl\/en\/wp-json\/wp\/v2\/pages\/759"}],"wp:attachment":[{"href":"https:\/\/ilfo.pl\/en\/wp-json\/wp\/v2\/media?parent=1341"}],"curies":[{"name":"wp","href":"https:\/\/api.w.org\/{rel}","templated":true}]}}