{"id":1378,"date":"2021-01-18T21:19:04","date_gmt":"2021-01-18T21:19:04","guid":{"rendered":"https:\/\/ilfo.pl\/?page_id=1378"},"modified":"2021-01-18T21:30:18","modified_gmt":"2021-01-18T21:30:18","slug":"grzegorz-mazurek","status":"publish","type":"page","link":"https:\/\/ilfo.pl\/en\/fundatorzy\/grzegorz-mazurek\/","title":{"rendered":"Grzegorz Mazurek"},"content":{"rendered":"<h1>Grzegorz Mazurek<\/h1>\n\t\t\t<a href=\"#drive\" target=\"_self\" role=\"button\" rel=\"noopener noreferrer\">\n\t\t\t\t\t\t\tFind out what drives us\n\t\t\t\t\t<\/a>\n\t\t\t\t<img loading=\"lazy\" src=\"https:\/\/ilfo.pl\/wp-content\/uploads\/bb-plugin\/cache\/Grzegorz_Mazurek-1-scaled-square.jpg\" alt=\"Grzegorz_Mazurek\" itemprop=\"image\" height=\"2400\" width=\"2560\" title=\"Grzegorz_Mazurek\" onerror=\"this.style.display='none'\"  \/>\n<h3>Grzegorz Mazurek<\/h3>\t\t\n\t\t\t<p><em>Prof. dr hab.<\/em><\/p>\n<p><strong><em>Rektor\u00a0Akademii Leona Ko\u017ami\u0144skiego<\/em><\/strong><\/p>\n\t<p>Grzegorz Mazurek jest rektorem Akademii Leona Ko\u017ami\u0144skiego \u2013 wiod\u0105cej szko\u0142y biznesu regionu Europy \u015arodkowo-Wschodniej i profesorem tytularnym specjalizuj\u0105cym si\u0119 w tematyce strategii transformacji cyfrowej organizacji, e-handlu oraz e-marketingu. Jest r\u00f3wnie\u017c Dyrektorem Centrum Bada\u0144 Transformacji Cyfrowej \u2013 CYBERMAN, cz\u0142onkiem Komisji ds. Innowacyjno\u015bci i Wsp\u00f3\u0142pracy z Gospodark\u0105 KRASP, cz\u0142onkiem EFMD Advisory Board dla regionu Europy \u015arodkowo-Wschodniej oraz cz\u0142onkiem zarz\u0105du Stowarzyszenia Edukacji Mened\u017cerskiej Forum. Od 2020 roku pe\u0142ni funkcj\u0119 Prezydenta International Advisory Board francuskiej uczelni ISC Paris. W latach 2016-18 by\u0142 cz\u0142onkiem Rady ds. Cyfryzacji przy Minister Cyfryzacji. W swoim dorobku posiada kilkadziesi\u0105t anglo- i polskoj\u0119zycznych rozdzia\u0142\u00f3w, artyku\u0142\u00f3w naukowych, ksi\u0105\u017cek opublikowanych w najwa\u017cniejszych czasopismach i wydawnictwach nauk o zarz\u0105dzaniu w Polsce i na \u015bwiecie. Wielokrotnie nagradzany za osi\u0105gni\u0119cia publikacyjne i naukowe. W 2015 roku wyr\u00f3\u017cniony statuetk\u0105 LUMEN wr\u0119czan\u0105 dla lider\u00f3w zarz\u0105dzania uczelni\u0105. W 2017 roku wyr\u00f3\u017cniony statuetk\u0105 Eduinspirator (FRSE) dla os\u00f3b, kt\u00f3re dzia\u0142aj\u0105 aktywnie w obszarze edukacji, przyczyniaj\u0105c si\u0119 do pozytywnych zmian w otoczeniu. W 2020 roku wyr\u00f3\u017cniony nagrod\u0105 Gwiazda Umi\u0119dzynarodowienia w kategorii Badania naukowe przyznawan\u0105 przez fundacj\u0119 \u201ePerspektywy\u201d. Realizowa\u0142 r\u00f3wnie\u017c projekty m.in. dla takich marek jak: Nokia, Nikon, Polpharma, Egmont, PZU, Michelin, IKEA, Mars Corp.<\/p>","protected":false},"excerpt":{"rendered":"<p>Grzegorz Mazurek Find out what drives us Grzegorz Mazurek Prof. dr hab. Rektor\u00a0Akademii Leona Ko\u017ami\u0144skiego Grzegorz Mazurek jest rektorem Akademii Leona Ko\u017ami\u0144skiego \u2013 wiod\u0105cej szko\u0142y biznesu regionu Europy \u015arodkowo-Wschodniej i profesorem tytularnym specjalizuj\u0105cym si\u0119 w tematyce strategii transformacji cyfrowej organizacji, e-handlu oraz e-marketingu. Jest r\u00f3wnie\u017c Dyrektorem Centrum Bada\u0144 Transformacji Cyfrowej \u2013 CYBERMAN, cz\u0142onkiem Komisji ds. &#8230; <a title=\"Grzegorz Mazurek\" class=\"read-more\" href=\"https:\/\/ilfo.pl\/en\/fundatorzy\/grzegorz-mazurek\/\">Read more<\/a><\/p>","protected":false},"author":1,"featured_media":0,"parent":759,"menu_order":20,"comment_status":"closed","ping_status":"closed","template":"","meta":[],"yoast_head":"<!-- This site is optimized with the Yoast SEO plugin v15.9.2 - https:\/\/yoast.com\/wordpress\/plugins\/seo\/ -->\n<title>Grzegorz Mazurek - ILFO<\/title>\n<meta name=\"robots\" content=\"index, follow, max-snippet:-1, max-image-preview:large, max-video-preview:-1\" \/>\n<link rel=\"canonical\" href=\"https:\/\/ilfo.pl\/en\/fundatorzy\/grzegorz-mazurek\/\" \/>\n<meta property=\"og:locale\" content=\"en_GB\" \/>\n<meta property=\"og:type\" content=\"article\" \/>\n<meta property=\"og:title\" content=\"Grzegorz Mazurek - ILFO\" \/>\n<meta property=\"og:description\" content=\"Grzegorz Mazurek Find out what drives us Grzegorz Mazurek Prof. dr hab. Rektor\u00a0Akademii Leona Ko\u017ami\u0144skiego Grzegorz Mazurek jest rektorem Akademii Leona Ko\u017ami\u0144skiego \u2013 wiod\u0105cej szko\u0142y biznesu regionu Europy \u015arodkowo-Wschodniej i profesorem tytularnym specjalizuj\u0105cym si\u0119 w tematyce strategii transformacji cyfrowej organizacji, e-handlu oraz e-marketingu. Jest r\u00f3wnie\u017c Dyrektorem Centrum Bada\u0144 Transformacji Cyfrowej \u2013 CYBERMAN, cz\u0142onkiem Komisji ds. ... Read more\" \/>\n<meta property=\"og:url\" content=\"https:\/\/ilfo.pl\/en\/fundatorzy\/grzegorz-mazurek\/\" \/>\n<meta property=\"og:site_name\" content=\"ILFO\" \/>\n<meta property=\"article:modified_time\" content=\"2021-01-18T21:30:18+00:00\" \/>\n<meta property=\"og:image\" content=\"https:\/\/ilfo.pl\/wp-content\/uploads\/bb-plugin\/cache\/Grzegorz_Mazurek-1-scaled-square.jpg\" \/>\n<meta name=\"twitter:card\" content=\"summary_large_image\" \/>\n<meta name=\"twitter:label1\" content=\"Estimated reading time\">\n\t<meta name=\"twitter:data1\" content=\"1 minute\">\n<script type=\"application\/ld+json\" class=\"yoast-schema-graph\">{\"@context\":\"https:\/\/schema.org\",\"@graph\":[{\"@type\":\"Organization\",\"@id\":\"https:\/\/ilfo.pl\/#organization\",\"name\":\"International Leaders Forum\",\"url\":\"https:\/\/ilfo.pl\/\",\"sameAs\":[],\"logo\":{\"@type\":\"ImageObject\",\"@id\":\"https:\/\/ilfo.pl\/#logo\",\"inLanguage\":\"en-GB\",\"url\":\"https:\/\/ilfo.pl\/wp-content\/uploads\/2020\/05\/logo_ilfo_color.png\",\"width\":933,\"height\":522,\"caption\":\"International Leaders Forum\"},\"image\":{\"@id\":\"https:\/\/ilfo.pl\/#logo\"}},{\"@type\":\"WebSite\",\"@id\":\"https:\/\/ilfo.pl\/#website\",\"url\":\"https:\/\/ilfo.pl\/\",\"name\":\"ILFO\",\"description\":\"International Leaders Forum\",\"publisher\":{\"@id\":\"https:\/\/ilfo.pl\/#organization\"},\"potentialAction\":[{\"@type\":\"SearchAction\",\"target\":\"https:\/\/ilfo.pl\/?s={search_term_string}\",\"query-input\":\"required name=search_term_string\"}],\"inLanguage\":\"en-GB\"},{\"@type\":\"ImageObject\",\"@id\":\"https:\/\/ilfo.pl\/fundatorzy\/grzegorz-mazurek\/#primaryimage\",\"inLanguage\":\"en-GB\",\"url\":\"https:\/\/ilfo.pl\/wp-content\/uploads\/bb-plugin\/cache\/Grzegorz_Mazurek-1-scaled-square.jpg\"},{\"@type\":\"WebPage\",\"@id\":\"https:\/\/ilfo.pl\/fundatorzy\/grzegorz-mazurek\/#webpage\",\"url\":\"https:\/\/ilfo.pl\/fundatorzy\/grzegorz-mazurek\/\",\"name\":\"Grzegorz Mazurek - ILFO\",\"isPartOf\":{\"@id\":\"https:\/\/ilfo.pl\/#website\"},\"primaryImageOfPage\":{\"@id\":\"https:\/\/ilfo.pl\/fundatorzy\/grzegorz-mazurek\/#primaryimage\"},\"datePublished\":\"2021-01-18T21:19:04+00:00\",\"dateModified\":\"2021-01-18T21:30:18+00:00\",\"breadcrumb\":{\"@id\":\"https:\/\/ilfo.pl\/fundatorzy\/grzegorz-mazurek\/#breadcrumb\"},\"inLanguage\":\"en-GB\",\"potentialAction\":[{\"@type\":\"ReadAction\",\"target\":[\"https:\/\/ilfo.pl\/fundatorzy\/grzegorz-mazurek\/\"]}]},{\"@type\":\"BreadcrumbList\",\"@id\":\"https:\/\/ilfo.pl\/fundatorzy\/grzegorz-mazurek\/#breadcrumb\",\"itemListElement\":[{\"@type\":\"ListItem\",\"position\":1,\"item\":{\"@type\":\"WebPage\",\"@id\":\"https:\/\/ilfo.pl\/\",\"url\":\"https:\/\/ilfo.pl\/\",\"name\":\"Strona g\\u0142\\u00f3wna\"}},{\"@type\":\"ListItem\",\"position\":2,\"item\":{\"@type\":\"WebPage\",\"@id\":\"https:\/\/ilfo.pl\/fundatorzy\/\",\"url\":\"https:\/\/ilfo.pl\/fundatorzy\/\",\"name\":\"Fundatorzy\"}},{\"@type\":\"ListItem\",\"position\":3,\"item\":{\"@type\":\"WebPage\",\"@id\":\"https:\/\/ilfo.pl\/fundatorzy\/grzegorz-mazurek\/\",\"url\":\"https:\/\/ilfo.pl\/fundatorzy\/grzegorz-mazurek\/\",\"name\":\"Grzegorz Mazurek\"}}]}]}<\/script>\n<!-- \/ Yoast SEO plugin. -->","_links":{"self":[{"href":"https:\/\/ilfo.pl\/en\/wp-json\/wp\/v2\/pages\/1378"}],"collection":[{"href":"https:\/\/ilfo.pl\/en\/wp-json\/wp\/v2\/pages"}],"about":[{"href":"https:\/\/ilfo.pl\/en\/wp-json\/wp\/v2\/types\/page"}],"author":[{"embeddable":true,"href":"https:\/\/ilfo.pl\/en\/wp-json\/wp\/v2\/users\/1"}],"replies":[{"embeddable":true,"href":"https:\/\/ilfo.pl\/en\/wp-json\/wp\/v2\/comments?post=1378"}],"version-history":[{"count":2,"href":"https:\/\/ilfo.pl\/en\/wp-json\/wp\/v2\/pages\/1378\/revisions"}],"predecessor-version":[{"id":1381,"href":"https:\/\/ilfo.pl\/en\/wp-json\/wp\/v2\/pages\/1378\/revisions\/1381"}],"up":[{"embeddable":true,"href":"https:\/\/ilfo.pl\/en\/wp-json\/wp\/v2\/pages\/759"}],"wp:attachment":[{"href":"https:\/\/ilfo.pl\/en\/wp-json\/wp\/v2\/media?parent=1378"}],"curies":[{"name":"wp","href":"https:\/\/api.w.org\/{rel}","templated":true}]}}