{"id":1382,"date":"2021-01-18T21:32:45","date_gmt":"2021-01-18T21:32:45","guid":{"rendered":"https:\/\/ilfo.pl\/?page_id=1382"},"modified":"2021-01-18T21:41:22","modified_gmt":"2021-01-18T21:41:22","slug":"aleksander-poniewierski","status":"publish","type":"page","link":"https:\/\/ilfo.pl\/en\/fundatorzy\/aleksander-poniewierski\/","title":{"rendered":"Aleksander Poniewierski"},"content":{"rendered":"<h1>Aleksander Poniewierski<\/h1>\n\t\t\t<a href=\"#drive\" target=\"_self\" role=\"button\" rel=\"noopener noreferrer\">\n\t\t\t\t\t\t\tFind out what drives us\n\t\t\t\t\t<\/a>\n\t\t\t\t<img loading=\"lazy\" src=\"https:\/\/ilfo.pl\/wp-content\/uploads\/bb-plugin\/cache\/Aleksander_Poniewierski-1-square.jpg\" alt=\"Aleksander_Poniewierski\" itemprop=\"image\" height=\"1099\" width=\"1074\" title=\"Aleksander_Poniewierski\" onerror=\"this.style.display='none'\"  \/>\n<h3>Aleksander Poniewierski<\/h3>\t\t\n\t\t\t<p><em>Global and EMEIA Digital &amp; Emerging Technologies Leader<\/em><\/p>\n\t<p>Dr Aleksander Poniewierski jest globalnym liderem cyfryzacji i nowych technologii w jednej z najwi\u0119kszych mi\u0119dzynarodowych firm \u015bwiadcz\u0105cych us\u0142ugi profesjonalne i konsultingowe. Odpowiada za prowadzenie praktyki doradczej ukierunkowanej na rozw\u00f3j strategii, projektowanie, wdra\u017canie, optymalizacj\u0119 proces\u00f3w, innowacyjno\u015b\u0107 modeli biznesowych oraz bezpiecze\u0144stwo i ochron\u0119 danych dla g\u0142\u00f3wnych klient\u00f3w firmy na \u015bwiecie. Jako uznany na \u015bwiecie ekspert w dziedzinie bezpiecze\u0144stwa cybernetycznego i ochrony infrastruktury krytycznej, w roku 2020 otrzyma\u0142 tytu\u0142 World IoT Leader of the Year, nagrod\u0119 przyznawana przez mi\u0119dzynarodow\u0105 spo\u0142eczno\u015b\u0107 nowych technologii. Jest r\u00f3wnie\u017c cz\u0142onkiem Rady Doradczej Center for Global Business na Uniwersytecie Teksa\u0144skim w Dallas (UDT). Jest autorem wielu publikacji, w tym wydanej w 2019 ksi\u0105\u017cki \u201eSPEED no limits in the digital era\u201d. Doktor Poniewierski jest profesjonalnym fotografem, kt\u00f3rego prace by\u0142y publikowane w mi\u0119dzynarodowych magazynach fotograficznych. Jest r\u00f3wnie\u017c laureatem presti\u017cowego konkursu fotograficznego organizowanego przez National Geographic.<\/p>","protected":false},"excerpt":{"rendered":"<p>Aleksander Poniewierski Find out what drives us Aleksander Poniewierski Global and EMEIA Digital &amp; Emerging Technologies Leader Dr Aleksander Poniewierski jest globalnym liderem cyfryzacji i nowych technologii w jednej z najwi\u0119kszych mi\u0119dzynarodowych firm \u015bwiadcz\u0105cych us\u0142ugi profesjonalne i konsultingowe. Odpowiada za prowadzenie praktyki doradczej ukierunkowanej na rozw\u00f3j strategii, projektowanie, wdra\u017canie, optymalizacj\u0119 proces\u00f3w, innowacyjno\u015b\u0107 modeli biznesowych oraz &#8230; <a title=\"Aleksander Poniewierski\" class=\"read-more\" href=\"https:\/\/ilfo.pl\/en\/fundatorzy\/aleksander-poniewierski\/\">Read more<\/a><\/p>","protected":false},"author":1,"featured_media":0,"parent":759,"menu_order":20,"comment_status":"closed","ping_status":"closed","template":"","meta":[],"yoast_head":"<!-- This site is optimized with the Yoast SEO plugin v15.9.2 - https:\/\/yoast.com\/wordpress\/plugins\/seo\/ -->\n<title>Aleksander Poniewierski - ILFO<\/title>\n<meta name=\"robots\" content=\"index, follow, max-snippet:-1, max-image-preview:large, max-video-preview:-1\" \/>\n<link rel=\"canonical\" href=\"https:\/\/ilfo.pl\/en\/fundatorzy\/aleksander-poniewierski\/\" \/>\n<meta property=\"og:locale\" content=\"en_GB\" \/>\n<meta property=\"og:type\" content=\"article\" \/>\n<meta property=\"og:title\" content=\"Aleksander Poniewierski - ILFO\" \/>\n<meta property=\"og:description\" content=\"Aleksander Poniewierski Find out what drives us Aleksander Poniewierski Global and EMEIA Digital &amp; Emerging Technologies Leader Dr Aleksander Poniewierski jest globalnym liderem cyfryzacji i nowych technologii w jednej z najwi\u0119kszych mi\u0119dzynarodowych firm \u015bwiadcz\u0105cych us\u0142ugi profesjonalne i konsultingowe. Odpowiada za prowadzenie praktyki doradczej ukierunkowanej na rozw\u00f3j strategii, projektowanie, wdra\u017canie, optymalizacj\u0119 proces\u00f3w, innowacyjno\u015b\u0107 modeli biznesowych oraz ... Read more\" \/>\n<meta property=\"og:url\" content=\"https:\/\/ilfo.pl\/en\/fundatorzy\/aleksander-poniewierski\/\" \/>\n<meta property=\"og:site_name\" content=\"ILFO\" \/>\n<meta property=\"article:modified_time\" content=\"2021-01-18T21:41:22+00:00\" \/>\n<meta property=\"og:image\" content=\"https:\/\/ilfo.pl\/wp-content\/uploads\/bb-plugin\/cache\/Aleksander_Poniewierski-1-square.jpg\" \/>\n<meta name=\"twitter:card\" content=\"summary_large_image\" \/>\n<meta name=\"twitter:label1\" content=\"Estimated reading time\">\n\t<meta name=\"twitter:data1\" content=\"1 minute\">\n<script type=\"application\/ld+json\" class=\"yoast-schema-graph\">{\"@context\":\"https:\/\/schema.org\",\"@graph\":[{\"@type\":\"Organization\",\"@id\":\"https:\/\/ilfo.pl\/#organization\",\"name\":\"International Leaders Forum\",\"url\":\"https:\/\/ilfo.pl\/\",\"sameAs\":[],\"logo\":{\"@type\":\"ImageObject\",\"@id\":\"https:\/\/ilfo.pl\/#logo\",\"inLanguage\":\"en-GB\",\"url\":\"https:\/\/ilfo.pl\/wp-content\/uploads\/2020\/05\/logo_ilfo_color.png\",\"width\":933,\"height\":522,\"caption\":\"International Leaders Forum\"},\"image\":{\"@id\":\"https:\/\/ilfo.pl\/#logo\"}},{\"@type\":\"WebSite\",\"@id\":\"https:\/\/ilfo.pl\/#website\",\"url\":\"https:\/\/ilfo.pl\/\",\"name\":\"ILFO\",\"description\":\"International Leaders Forum\",\"publisher\":{\"@id\":\"https:\/\/ilfo.pl\/#organization\"},\"potentialAction\":[{\"@type\":\"SearchAction\",\"target\":\"https:\/\/ilfo.pl\/?s={search_term_string}\",\"query-input\":\"required name=search_term_string\"}],\"inLanguage\":\"en-GB\"},{\"@type\":\"ImageObject\",\"@id\":\"https:\/\/ilfo.pl\/fundatorzy\/aleksander-poniewierski\/#primaryimage\",\"inLanguage\":\"en-GB\",\"url\":\"https:\/\/ilfo.pl\/wp-content\/uploads\/bb-plugin\/cache\/Aleksander_Poniewierski-1-square.jpg\"},{\"@type\":\"WebPage\",\"@id\":\"https:\/\/ilfo.pl\/fundatorzy\/aleksander-poniewierski\/#webpage\",\"url\":\"https:\/\/ilfo.pl\/fundatorzy\/aleksander-poniewierski\/\",\"name\":\"Aleksander Poniewierski - ILFO\",\"isPartOf\":{\"@id\":\"https:\/\/ilfo.pl\/#website\"},\"primaryImageOfPage\":{\"@id\":\"https:\/\/ilfo.pl\/fundatorzy\/aleksander-poniewierski\/#primaryimage\"},\"datePublished\":\"2021-01-18T21:32:45+00:00\",\"dateModified\":\"2021-01-18T21:41:22+00:00\",\"breadcrumb\":{\"@id\":\"https:\/\/ilfo.pl\/fundatorzy\/aleksander-poniewierski\/#breadcrumb\"},\"inLanguage\":\"en-GB\",\"potentialAction\":[{\"@type\":\"ReadAction\",\"target\":[\"https:\/\/ilfo.pl\/fundatorzy\/aleksander-poniewierski\/\"]}]},{\"@type\":\"BreadcrumbList\",\"@id\":\"https:\/\/ilfo.pl\/fundatorzy\/aleksander-poniewierski\/#breadcrumb\",\"itemListElement\":[{\"@type\":\"ListItem\",\"position\":1,\"item\":{\"@type\":\"WebPage\",\"@id\":\"https:\/\/ilfo.pl\/\",\"url\":\"https:\/\/ilfo.pl\/\",\"name\":\"Strona g\\u0142\\u00f3wna\"}},{\"@type\":\"ListItem\",\"position\":2,\"item\":{\"@type\":\"WebPage\",\"@id\":\"https:\/\/ilfo.pl\/fundatorzy\/\",\"url\":\"https:\/\/ilfo.pl\/fundatorzy\/\",\"name\":\"Fundatorzy\"}},{\"@type\":\"ListItem\",\"position\":3,\"item\":{\"@type\":\"WebPage\",\"@id\":\"https:\/\/ilfo.pl\/fundatorzy\/aleksander-poniewierski\/\",\"url\":\"https:\/\/ilfo.pl\/fundatorzy\/aleksander-poniewierski\/\",\"name\":\"Aleksander Poniewierski\"}}]}]}<\/script>\n<!-- \/ Yoast SEO plugin. -->","_links":{"self":[{"href":"https:\/\/ilfo.pl\/en\/wp-json\/wp\/v2\/pages\/1382"}],"collection":[{"href":"https:\/\/ilfo.pl\/en\/wp-json\/wp\/v2\/pages"}],"about":[{"href":"https:\/\/ilfo.pl\/en\/wp-json\/wp\/v2\/types\/page"}],"author":[{"embeddable":true,"href":"https:\/\/ilfo.pl\/en\/wp-json\/wp\/v2\/users\/1"}],"replies":[{"embeddable":true,"href":"https:\/\/ilfo.pl\/en\/wp-json\/wp\/v2\/comments?post=1382"}],"version-history":[{"count":4,"href":"https:\/\/ilfo.pl\/en\/wp-json\/wp\/v2\/pages\/1382\/revisions"}],"predecessor-version":[{"id":1386,"href":"https:\/\/ilfo.pl\/en\/wp-json\/wp\/v2\/pages\/1382\/revisions\/1386"}],"up":[{"embeddable":true,"href":"https:\/\/ilfo.pl\/en\/wp-json\/wp\/v2\/pages\/759"}],"wp:attachment":[{"href":"https:\/\/ilfo.pl\/en\/wp-json\/wp\/v2\/media?parent=1382"}],"curies":[{"name":"wp","href":"https:\/\/api.w.org\/{rel}","templated":true}]}}