{"id":1409,"date":"2021-02-02T11:44:13","date_gmt":"2021-02-02T11:44:13","guid":{"rendered":"https:\/\/ilfo.pl\/?page_id=1409"},"modified":"2021-02-11T11:54:20","modified_gmt":"2021-02-11T11:54:20","slug":"dorota-szkodny-ciolek","status":"publish","type":"page","link":"https:\/\/ilfo.pl\/en\/fundatorzy\/dorota-szkodny-ciolek\/","title":{"rendered":"Dorota Szkodny- Cio\u0142ek"},"content":{"rendered":"<h1>Dorota Szkodny &#8211; Cio\u0142ek<\/h1>\n\t\t\t<a href=\"#drive\" target=\"_self\" role=\"button\" rel=\"noopener noreferrer\">\n\t\t\t\t\t\t\tFind out what drives us\n\t\t\t\t\t<\/a>\n\t\t\t\t<img loading=\"lazy\" src=\"https:\/\/ilfo.pl\/wp-content\/uploads\/bb-plugin\/cache\/prev_DorotaSzkodnyCiolek244b-1-square.jpg\" alt=\"prev_DorotaSzkodnyCiolek244b\" itemprop=\"image\" height=\"655\" width=\"629\" title=\"prev_DorotaSzkodnyCiolek244b\" onerror=\"this.style.display='none'\"  \/>\n<h3>Dorota Szkodny- Cio\u0142ek<\/h3>\t\t\n\t\t\t<p><strong><em>Nauczyciel Akademicki i Mentor\u00a0w Obszarze Przyw\u00f3dztwa<\/em><\/strong><\/p>\n\tShe has been lecturing in Exe MBA programs and training in the field of Leadership Development for the past 20 years. Her approach is based largely on Adaptive Leadership Framework and Systems Thinking, where the most important leadership task is to diagnose thoroughly the leadership challenge. While working on adaptation strategies and mobilization around the leadership work, Dorota extensively applies coaching methods to determine individual motivations and sources of resistance.\n\n\nIn recent time she has been increasingly interested in the subject of mental resilience, so the leaders and the system they lead can not only  survive but  thrive, even when times are tough.\n\n\nDorota holds a PhD degree in Sociology from Temple University in the USA. She also studied, among others at Wharton School, Harvard Kennedy School of Government, Columbia University, Center for Right Relationships, American Management Association and American Society for Training Development.\n\n\nShe loves to read and wander for miles at the Hel Peninsula.\u00a0<em>Adaptive Leadership<\/em>\u00a0\u00a0<em>survive,<\/em>\u00a0ale i\u00a0<em>thrive<\/em>\u00a0<em>.<\/em>Dorota jest doktorem Socjologii Temple University w USA. Kszta\u0142ci\u0142a si\u0119 r\u00f3wnie\u017c m.in. na Wharton School, Harvard Kennedy School of Government, Columbia University, Center for Right Relationships, American Management Association i American Society for Training Development. Uwielbia czyta\u0107 i kilometrami w\u0142\u00f3czy\u0107 si\u0119 po helskich pla\u017cach.\n<p>&nbsp;<\/p>","protected":false},"excerpt":{"rendered":"<p>Dorota Szkodny &#8211; Cio\u0142ek Find out what drives us Dorota Szkodny- Cio\u0142ek Nauczyciel Akademicki i Mentor\u00a0w Obszarze Przyw\u00f3dztwa Od 20 lat wyk\u0142ada w programach Exe MBA i szkoli w dziedzinie kompetencji przyw\u00f3dczych.\u00a0 W du\u017cej mierze bazuje na paradygmacie\u00a0Adaptive Leadership\u00a0i my\u015bleniu systemowym. Skupia si\u0119 na kompetencjach niezb\u0119dnych do diagnozowania liderskiego wyzwania. W pracy nad adaptacj\u0105 i &#8230; <a title=\"Dorota Szkodny- Cio\u0142ek\" class=\"read-more\" href=\"https:\/\/ilfo.pl\/en\/fundatorzy\/dorota-szkodny-ciolek\/\">Read more<\/a><\/p>","protected":false},"author":1,"featured_media":0,"parent":759,"menu_order":20,"comment_status":"closed","ping_status":"closed","template":"","meta":[],"yoast_head":"<!-- This site is optimized with the Yoast SEO plugin v15.9.2 - https:\/\/yoast.com\/wordpress\/plugins\/seo\/ -->\n<title>Dorota Szkodny- Cio\u0142ek - ILFO<\/title>\n<meta name=\"robots\" content=\"index, follow, max-snippet:-1, max-image-preview:large, max-video-preview:-1\" \/>\n<link rel=\"canonical\" href=\"https:\/\/ilfo.pl\/en\/fundatorzy\/dorota-szkodny-ciolek\/\" \/>\n<meta property=\"og:locale\" content=\"en_GB\" \/>\n<meta property=\"og:type\" content=\"article\" \/>\n<meta property=\"og:title\" content=\"Dorota Szkodny- Cio\u0142ek - ILFO\" \/>\n<meta property=\"og:description\" content=\"Dorota Szkodny &#8211; Cio\u0142ek Find out what drives us Dorota Szkodny- Cio\u0142ek Nauczyciel Akademicki i Mentor\u00a0w Obszarze Przyw\u00f3dztwa Od 20 lat wyk\u0142ada w programach Exe MBA i szkoli w dziedzinie kompetencji przyw\u00f3dczych.\u00a0 W du\u017cej mierze bazuje na paradygmacie\u00a0Adaptive Leadership\u00a0i my\u015bleniu systemowym. Skupia si\u0119 na kompetencjach niezb\u0119dnych do diagnozowania liderskiego wyzwania. W pracy nad adaptacj\u0105 i ... Read more\" \/>\n<meta property=\"og:url\" content=\"https:\/\/ilfo.pl\/en\/fundatorzy\/dorota-szkodny-ciolek\/\" \/>\n<meta property=\"og:site_name\" content=\"ILFO\" \/>\n<meta property=\"article:modified_time\" content=\"2021-02-11T11:54:20+00:00\" \/>\n<meta property=\"og:image\" content=\"https:\/\/ilfo.pl\/wp-content\/uploads\/bb-plugin\/cache\/prev_DorotaSzkodnyCiolek244b-1-square.jpg\" \/>\n<meta name=\"twitter:card\" content=\"summary_large_image\" \/>\n<meta name=\"twitter:label1\" content=\"Estimated reading time\">\n\t<meta name=\"twitter:data1\" content=\"1 minute\">\n<script type=\"application\/ld+json\" class=\"yoast-schema-graph\">{\"@context\":\"https:\/\/schema.org\",\"@graph\":[{\"@type\":\"Organization\",\"@id\":\"https:\/\/ilfo.pl\/#organization\",\"name\":\"International Leaders Forum\",\"url\":\"https:\/\/ilfo.pl\/\",\"sameAs\":[],\"logo\":{\"@type\":\"ImageObject\",\"@id\":\"https:\/\/ilfo.pl\/#logo\",\"inLanguage\":\"en-GB\",\"url\":\"https:\/\/ilfo.pl\/wp-content\/uploads\/2020\/05\/logo_ilfo_color.png\",\"width\":933,\"height\":522,\"caption\":\"International Leaders Forum\"},\"image\":{\"@id\":\"https:\/\/ilfo.pl\/#logo\"}},{\"@type\":\"WebSite\",\"@id\":\"https:\/\/ilfo.pl\/#website\",\"url\":\"https:\/\/ilfo.pl\/\",\"name\":\"ILFO\",\"description\":\"International Leaders Forum\",\"publisher\":{\"@id\":\"https:\/\/ilfo.pl\/#organization\"},\"potentialAction\":[{\"@type\":\"SearchAction\",\"target\":\"https:\/\/ilfo.pl\/?s={search_term_string}\",\"query-input\":\"required name=search_term_string\"}],\"inLanguage\":\"en-GB\"},{\"@type\":\"ImageObject\",\"@id\":\"https:\/\/ilfo.pl\/fundatorzy\/dorota-szkodny-ciolek\/#primaryimage\",\"inLanguage\":\"en-GB\",\"url\":\"https:\/\/ilfo.pl\/wp-content\/uploads\/bb-plugin\/cache\/prev_DorotaSzkodnyCiolek244b-1-square.jpg\"},{\"@type\":\"WebPage\",\"@id\":\"https:\/\/ilfo.pl\/fundatorzy\/dorota-szkodny-ciolek\/#webpage\",\"url\":\"https:\/\/ilfo.pl\/fundatorzy\/dorota-szkodny-ciolek\/\",\"name\":\"Dorota Szkodny- Cio\\u0142ek - ILFO\",\"isPartOf\":{\"@id\":\"https:\/\/ilfo.pl\/#website\"},\"primaryImageOfPage\":{\"@id\":\"https:\/\/ilfo.pl\/fundatorzy\/dorota-szkodny-ciolek\/#primaryimage\"},\"datePublished\":\"2021-02-02T11:44:13+00:00\",\"dateModified\":\"2021-02-11T11:54:20+00:00\",\"breadcrumb\":{\"@id\":\"https:\/\/ilfo.pl\/fundatorzy\/dorota-szkodny-ciolek\/#breadcrumb\"},\"inLanguage\":\"en-GB\",\"potentialAction\":[{\"@type\":\"ReadAction\",\"target\":[\"https:\/\/ilfo.pl\/fundatorzy\/dorota-szkodny-ciolek\/\"]}]},{\"@type\":\"BreadcrumbList\",\"@id\":\"https:\/\/ilfo.pl\/fundatorzy\/dorota-szkodny-ciolek\/#breadcrumb\",\"itemListElement\":[{\"@type\":\"ListItem\",\"position\":1,\"item\":{\"@type\":\"WebPage\",\"@id\":\"https:\/\/ilfo.pl\/\",\"url\":\"https:\/\/ilfo.pl\/\",\"name\":\"Strona g\\u0142\\u00f3wna\"}},{\"@type\":\"ListItem\",\"position\":2,\"item\":{\"@type\":\"WebPage\",\"@id\":\"https:\/\/ilfo.pl\/fundatorzy\/\",\"url\":\"https:\/\/ilfo.pl\/fundatorzy\/\",\"name\":\"Fundatorzy\"}},{\"@type\":\"ListItem\",\"position\":3,\"item\":{\"@type\":\"WebPage\",\"@id\":\"https:\/\/ilfo.pl\/fundatorzy\/dorota-szkodny-ciolek\/\",\"url\":\"https:\/\/ilfo.pl\/fundatorzy\/dorota-szkodny-ciolek\/\",\"name\":\"Dorota Szkodny- Cio\\u0142ek\"}}]}]}<\/script>\n<!-- \/ Yoast SEO plugin. -->","_links":{"self":[{"href":"https:\/\/ilfo.pl\/en\/wp-json\/wp\/v2\/pages\/1409"}],"collection":[{"href":"https:\/\/ilfo.pl\/en\/wp-json\/wp\/v2\/pages"}],"about":[{"href":"https:\/\/ilfo.pl\/en\/wp-json\/wp\/v2\/types\/page"}],"author":[{"embeddable":true,"href":"https:\/\/ilfo.pl\/en\/wp-json\/wp\/v2\/users\/1"}],"replies":[{"embeddable":true,"href":"https:\/\/ilfo.pl\/en\/wp-json\/wp\/v2\/comments?post=1409"}],"version-history":[{"count":9,"href":"https:\/\/ilfo.pl\/en\/wp-json\/wp\/v2\/pages\/1409\/revisions"}],"predecessor-version":[{"id":1436,"href":"https:\/\/ilfo.pl\/en\/wp-json\/wp\/v2\/pages\/1409\/revisions\/1436"}],"up":[{"embeddable":true,"href":"https:\/\/ilfo.pl\/en\/wp-json\/wp\/v2\/pages\/759"}],"wp:attachment":[{"href":"https:\/\/ilfo.pl\/en\/wp-json\/wp\/v2\/media?parent=1409"}],"curies":[{"name":"wp","href":"https:\/\/api.w.org\/{rel}","templated":true}]}}