{"id":1447,"date":"2021-03-16T00:24:49","date_gmt":"2021-03-16T00:24:49","guid":{"rendered":"https:\/\/ilfo.pl\/?page_id=1447"},"modified":"2021-03-16T00:27:55","modified_gmt":"2021-03-16T00:27:55","slug":"polityka-ochrony-danych-osobowych","status":"publish","type":"page","link":"https:\/\/ilfo.pl\/en\/polityka-ochrony-danych-osobowych\/","title":{"rendered":"Polityka ochrony danych osobowych"},"content":{"rendered":"<h1>Polityka ochrony danych osobowych<\/h1>\n\t\t\t<a href=\"#drive\" target=\"_self\" role=\"button\" rel=\"noopener\">\n\t\t\t\t\t\t\tFind out what drives us\n\t\t\t\t\t<\/a>\n\t\n<p>Niniejsza <strong>Polityka ochrony danych<\/strong> <strong>osobowych<\/strong> zawiera informacje o przetwarzaniu danych osobowych przez Fundacje . Fundacja zobowi\u0105zuje si\u0119 do\u0142o\u017cy\u0107 wszelkich stara\u0144, aby zapewni\u0107 bezpiecze\u0144stwo i ochron\u0119 danych osobowych podczas ich przetwarzania. Fundacja przetwarza dane osobowe z obowi\u0105zuj\u0105cymi przepisami i regulacjami o ochronie danych osobowych.<\/p>\n\n<p>Poprzez \u201e<strong>dane osobowe<\/strong>&#8221; rozumiemy wszelkie informacje, kt\u00f3re umo\u017cliwiaj\u0105 identyfikacj\u0119 osoby, kt\u00f3rej dane dotycz\u0105 w po\u015bredni lub bezpo\u015bredni spos\u00f3b.<\/p>\n\n<p>Wszelkie pytania, uwagi lub wnioski dotycz\u0105ce niniejszej polityki prosimy przesy\u0142a\u0107 na adres e-mail:<\/p>\n\n\n\n\n\n\n\n<ol>\n<li>Administratorem danych osobowych jest Fundacja International Leaders Forum z siedzib\u0105 w Warszawie, przy ul. Pi\u0119kna 18, 00-549 Warszawa, wpisana do rejestru stowarzysze\u0144, innych organizacji spo\u0142ecznych i zawodowych, fundacji oraz samodzielnych publicznych zak\u0142ad\u00f3w opieki zdrowotnej, prowadzonego przez S\u0105d Rejonowy dla m. st. Warszawy w Warszawie, XII Wydzia\u0142 Gospodarczy Krajowego Rejestru S\u0105dowego pod numerem KRS 0000750446, REGON: 381410211, NIP: 5272866176, zwana dalej r\u00f3wnie\u017c <strong>Fundacj\u0105 lub <\/strong><strong>Administratorem<\/strong>. Z Administratorem mo\u017cna si\u0119 skontaktowa\u0107 drog\u0105 elektroniczn\u0105 pod adresem email: <a href=\"mailto:dominika@internationalleadersforum.com\">dominika@internationalleadersforum.com<\/a> <a href=\"mailto:ilfo@ilfo.pl\">ilfo@ilfo.pl<\/a><\/li>\n<li>Administrator informuje, \u017ce przetwarza dane osobowe zgodne z wymogami Rozporz\u0105dzenia Parlamentu Europejskiego i Rady (UE) 2016\/679 z dnia 27\u00a0kwietnia 2016 r. w sprawie ochrony os\u00f3b fizycznych w zwi\u0105zku z przetwarzaniem danych osobowych i w sprawie swobodnego przep\u0142ywu takich danych oraz uchylenia dyrektywy 95\/46\/WE, zwanego dalej <strong>RODO<\/strong>.<\/li>\n<\/ol>\n\n\n\n<p>Fundacja pozyskuje i przetwarza dane osobowe w\u00a0zakresie niezb\u0119dnym do realizacji celu, w jakim zosta\u0142y pozyskane. Fundacja przetwarza poni\u017csze kategorie danych osobowych:<\/p>\n\n<ol>\n<li>dane identyfikacyjne (imi\u0119 i nazwisko, adres, nazwa firmy),<\/li>\n<li>dane kontaktowe (adres email, numer telefonu),<\/li>\n<li>dane z oficjalnych \u017ar\u00f3de\u0142 rejestrowych i baz przedsi\u0119biorc\u00f3w,<\/li>\n<li>dane udost\u0119pnione przez osob\u0119, kt\u00f3rej dane dotycz\u0105, a\u00a0kt\u00f3re s\u0105 niezb\u0119dne do realizacji cel\u00f3w, w jakich zosta\u0142y pozyskane.<\/li>\n<\/ol>\n\n\n\n<p>Fundacja informuje, \u017ce podanie danych osobowych jest dobrowolne, jednak ich zbieranie i przetwarzanie jest konieczne do zawarcia i realizacji w celu niezb\u0119dnym do wykonania statutowych zada\u0144 Fundacji.<\/p>\n\n\n\n<p>Fundacja przetwarza dane realizuj\u0105c poni\u017csze cele:<\/p>\n\n<ol>\n<li>w celu aktywnego uczestnictwa w webinarium (podstawa z art. 6 ust. 1 lit. a RODO) &#8211; na czas trwania webinarium;<\/li>\n<li>w celu informowania o nowych wydarzeniach organizowanych przez Fundacje oraz o dzia\u0142aniach podj\u0119tych przez Fundacje (podstawa z art. 6 ust. 1 lit. a RODO) &#8211; do czasu odwo\u0142ania zgody, wszelkimi \u015brodkami i narz\u0119dziami komunikacji;<\/li>\n<li>w celu realizacji kontaktu (podstawa z art. 6 ust. 1 lit. a RODO) wszelkimi \u015brodkami i narz\u0119dziami komunikacji- do czasu cofni\u0119cia zgody.<\/li>\n<li>w celu nawi\u0105zania wsp\u00f3\u0142pracy z osob\u0105, kt\u00f3rej dane dotycz\u0105 lub innym podmiotem wsp\u00f3\u0142pracuj\u0105cym (podstawa prawna: art. 6 ust. 1 lit. b RODO) &#8211; na czas negocjacji warunk\u00f3w umowy;<\/li>\n<li>w celu realizacji umowy z cz\u0142onkiem Fundacji lub innym podmiotem wsp\u00f3\u0142pracuj\u0105cym (podstawa z art. 6 ust. 1 lit. b RODO) &#8211; na czas realizacji umowy;<\/li>\n<li>w ramach konieczno\u015bci wype\u0142nienia obowi\u0105zku prawnego ci\u0105\u017c\u0105cego na Administratorze wynikaj\u0105cego z przepis\u00f3w prawa &#8211; (podstawa prawna: art. 6 ust. 1 lit. c) RODO) &#8211; na czas realizacji obowi\u0105zku prawnego;<\/li>\n<li>na potrzeby prowadzenia ewentualnych spor\u00f3w dotycz\u0105cych roszcze\u0144 wynikaj\u0105cych z umowy, co jest prawnie uzasadnionym interesem Administratora (podstawa z art. 6 ust. 1 lit. f RODO) &#8211; do chwili up\u0142ywu terminu przedawnienia tych roszcze\u0144 lub do chwili prawomocnego zako\u0144czenia danego sporu s\u0105dowego i ewentualnego egzekucyjnego,<\/li>\n<li>w celu prowadzenia rekrutacji os\u00f3b zainteresowanych prac\u0105 lub wsp\u00f3\u0142prac\u0105 z Fundacj\u0105 (podstawa prawna: odpowiednio art. 6 ust. 1 lit c) oraz art. 6 ust. 1 lit. a RODO) &#8211; na czas trwania procesu rekrutacyjnego;<\/li>\n<li>w celu przechowywania dokument\u00f3w rekrutacyjnych przes\u0142anych przez kandydata do pracy lub do wsp\u00f3\u0142pracy po zako\u0144czonym procesie rekrutacji &#8211; na potrzeby przysz\u0142ych proces\u00f3w rekrutacyjnych, na podstawie dodatkowo udzielonej zgody na realizacj\u0119 tego celu (podstawa prawna: 6 ust. 1 lit. a RODO) &#8211; do czasu cofni\u0119cia zgody;<\/li>\n<li>w celu marketingu Fundacji, co jest prawnie uzasadnionym interesem Administratora (podstawa prawna: art. 6 ust. 1 lit. f RODO) &#8211; do czasu zg\u0142oszenia sprzeciwu wzgl\u0119dem ich przetwarzania w tym celu;<\/li>\n<li>w celach marketingu us\u0142ug Fundacji, w tym w celu informowania o jej dzia\u0142alno\u015bci, o wydarzeniach organizowanych przez Fundacj\u0119, lub w kt\u00f3rych Fundacja uczestniczy, je\u017celi by\u0142a wymagana i zosta\u0142a udzielona dodatkowa zgoda na realizacje tego celu (podstawa prawna: 6 ust. 1 lit. a RODO) &#8211; do czasu cofni\u0119cia zgody;<\/li>\n<li>w celu przekazywania informacji handlowych drog\u0105 telefoniczn\u0105, je\u017celi zosta\u0142a udzielona dodatkowa zgoda na realizacj\u0119 tego celu (podstawa prawna: 6 ust. 1 lit. a RODO) &#8211; do czasu cofni\u0119cia zgody;<\/li>\n<li>w celu przekazywania informacji handlowych drog\u0105 elektroniczn\u0105, je\u017celi zosta\u0142a udzielona dodatkowa zgoda na realizacje tego celu (via: SMS, via: e-mail, w tym newslettera, publikacji), (podstawa prawna: 6 ust. 1 lit. a RODO) &#8211; do czasu cofni\u0119cia zgody;<\/li>\n<\/ol>\n\n\n\n<p>Fundacja informuje, \u017ce osobie, kt\u00f3rej dane dotycz\u0105 przys\u0142uguje:<\/p>\n\n<ol>\n<li>prawo <strong>dost\u0119pu <\/strong>do tre\u015bci swoich danych &#8211; poprzez kontakt na wskazany w niniejszym regulaminie adres e-mail,<\/li>\n<li>prawo do <strong>sprostowania<\/strong> niekompletnych lub niepoprawnych danych osobowych w ka\u017cdym momencie,<\/li>\n<li>prawo do<strong> usuni\u0119cia<\/strong> danych, je\u017celi:<\/li>\n<\/ol>\n\n<ol type=\"a\">\n<li>osoba, kt\u00f3rej dane dotycz\u0105 cofn\u0119\u0142a zgod\u0119 na ich przetwarzanie,<\/li>\n<li>osoba, kt\u00f3rej dane dotycz\u0105 wni\u00f3s\u0142a sprzeciw i nie zachodz\u0105 okoliczno\u015bci uprawniaj\u0105ce do dalszego przetwarzania danych, o\u00a0kt\u00f3rych mowa w pkt 6. lit. a) poni\u017cej,<\/li>\n<li>dane osobowe osoby, kt\u00f3rej dane dotycz\u0105 nie s\u0105 przetwarzane zgodnie z prawem,<\/li>\n<li>dane osobowe osoby, kt\u00f3rej dane dotycz\u0105 nie s\u0105 ju\u017c niezb\u0119dne do cel\u00f3w, w kt\u00f3rych zosta\u0142y zebrane b\u0105d\u017a te\u017c w inny spos\u00f3b przetworzone,<\/li>\n<li>dane osobowe musz\u0105 zosta\u0107 usuni\u0119te w celu wywi\u0105zania si\u0119 z obowi\u0105zku prawnego przewidzianego w prawie Unii Europejskiej lub w prawie Rzeczypospolitej Polskiej,<\/li>\n<li>prawo do <strong>ograniczenia przetwarzania<\/strong>, je\u017celi osoba, kt\u00f3rej dane dotycz\u0105:<\/li>\n<\/ol>\n\n<ol type=\"a\">\n<li>kwestionuje prawid\u0142owo\u015b\u0107 swoich danych osobowych &#8211; na okres pozwalaj\u0105cy sprawdzi\u0107 ich prawdziwo\u015b\u0107,<\/li>\n<li>wni\u00f3s\u0142 sprzeciw wobec przetwarzania danych &#8211; do czasu stwierdzenia, czy prawnie uzasadnione podstawy po stronie Fundacji s\u0105 nadrz\u0119dne wobec podstaw sprzeciwu,<\/li>\n<li>przetwarzanie jest niezgodne z prawem, a osoba, kt\u00f3rej dane dotycz\u0105 sprzeciwi\u0142a si\u0119 usuni\u0119ciu danych osobowych, \u017c\u0105daj\u0105c w zamian ograniczenia ich wykorzystania,<\/li>\n<li>Administrator nie potrzebuje ju\u017c danych osobowych do cel\u00f3w przetwarzania, a s\u0105 one potrzebne ww. osobie do ustalenia, dochodzenia lub obrony roszcze\u0144,<\/li>\n<\/ol>\n\n<ol start=\"5\">\n<li>prawo do <strong>przenoszenia<\/strong> danych zgodnie z art. 20 RODO,<\/li>\n<li>prawo do <strong>wniesienia sprzeciwu<\/strong> w dowolnym momencie wobec przetwarzania danych osobowych w poni\u017cszych przypadkach:<\/li>\n<\/ol>\n\n<ol type=\"a\">\n<li>z przyczyn zwi\u0105zanych ze szczeg\u00f3ln\u0105 sytuacj\u0105 osoba, kt\u00f3rej dane dotycz\u0105- wobec przetwarzania, na podstawie prawnie uzasadnionego interesu realizowanego przez Fundacja, skutecznego, o ile nie wyst\u0119puj\u0105 nadrz\u0119dne prawnie uzasadnione podstawy przetwarzania,<\/li>\n<li>w zwi\u0105zku z przetwarzaniem jego danych osobowych w celu marketingu bezpo\u015bredniego,<\/li>\n<\/ol>\n\n<p>prawo do <strong>cofni\u0119cia zgody<\/strong> w dowolnym momencie bez wp\u0142ywu na zgodno\u015b\u0107 z prawem przetwarzania, kt\u00f3rego dokonano na podstawie zgody przed jej cofni\u0119ciem. Osoba, kt\u00f3rej dane dotycz\u0105 dokonuje cofni\u0119cia zgody poprzez wys\u0142anie informacji na adres e-mail: <a href=\"mailto:dominika@internationalleadersforum.com\">dominika@internationalleadersforum.com<\/a> ilfo@ilfo.pl. Czynno\u015bci dokonane przez Fundacje na podstawie zgody do chwili jej cofni\u0119cia zachowuj\u0105 wa\u017cno\u015b\u0107,<\/p>\n\n<ol start=\"7\">\n<li>prawo wniesienia skargi Prezesa Urz\u0119du Ochrony Danych Osobowych (adres: Biuro Prezesa Urz\u0119du Ochrony Danych Osobowych, ul. Stawki 2, 00-193 Warszawa) gdy uzna, \u017ce przetwarzanie danych osobowych dotycz\u0105cych narusza przepisy prawa.<\/li>\n<\/ol>\n\n<p>Dane osobowe nie b\u0119d\u0105 przetwarzane w spos\u00f3b zautomatyzowany, w tym w formie profilowania.<\/p>\n\n\n\n<ol>\n<li>Fundacja mo\u017ce udost\u0119pnia\u0107 dane podwykonawcom, tj. podmiotom, z kt\u00f3rych us\u0142ug Fundacja korzysta przy przetwarzaniu danych, a kt\u00f3rzy przetwarzaj\u0105 dane na podstawie umowy i tylko zgodnie z poleceniami Fundacji, w szczeg\u00f3lno\u015bci dostawcom us\u0142ug IT; firmom z kt\u00f3rymi wsp\u00f3\u0142pracujemy w dzia\u0142alno\u015bci obs\u0142ugi webinari\u00f3w.<\/li>\n<li>Fundacja zastrzega sobie prawo ujawnienia wybranych informacji dotycz\u0105cych osoby, kt\u00f3rej dane dotycz\u0105 w\u0142a\u015bciwym organom w\u0142adzy b\u0105d\u017a osobom trzecim, kt\u00f3re zg\u0142osz\u0105 \u017c\u0105danie udzielenia takich informacji w oparciu o odpowiedni\u0105 podstaw\u0119 prawn\u0105, zgodnie z przepisami obowi\u0105zuj\u0105cego prawa.<\/li>\n<li>Fundacja ka\u017cdego powierzenia lub udost\u0119pnienia danych osobowych dokonuje zgodnie z wymogami przepis\u00f3w o ochronie danych osobowych, w\u00a0szczeg\u00f3lno\u015bci RODO.<\/li>\n<\/ol>\n\n\n\n<p>Fundacja nie przekazuje danych poza teren Unii Europejskiej.<\/p>\n\n\n\n<p>Zasady okre\u015blone w niniejszej Informacji o danych osobowych mog\u0105 ulec zmianie. O zmianie tych zasad osoba, kt\u00f3rej dane dotycz\u0105 zostanie poinformowana poprzez zamieszczenie przez Fundacje nowej tre\u015bci niniejszej Polityki na stronie internetowej: https:\/\/ilfo.pl\/<\/p>","protected":false},"excerpt":{"rendered":"<p>Polityka ochrony danych osobowych Find out what drives us Niniejsza Polityka ochrony danych osobowych zawiera informacje o przetwarzaniu danych osobowych przez Fundacje . Fundacja zobowi\u0105zuje si\u0119 do\u0142o\u017cy\u0107 wszelkich stara\u0144, aby zapewni\u0107 bezpiecze\u0144stwo i ochron\u0119 danych osobowych podczas ich przetwarzania. Fundacja przetwarza dane osobowe z obowi\u0105zuj\u0105cymi przepisami i regulacjami o ochronie danych osobowych. Poprzez \u201edane osobowe&#8221; &#8230; <a title=\"Polityka ochrony danych osobowych\" class=\"read-more\" href=\"https:\/\/ilfo.pl\/en\/polityka-ochrony-danych-osobowych\/\">Read more<\/a><\/p>","protected":false},"author":1,"featured_media":0,"parent":0,"menu_order":20,"comment_status":"closed","ping_status":"closed","template":"","meta":[],"yoast_head":"<!-- This site is optimized with the Yoast SEO plugin v15.9.2 - https:\/\/yoast.com\/wordpress\/plugins\/seo\/ -->\n<title>Polityka ochrony danych osobowych - ILFO<\/title>\n<meta name=\"robots\" content=\"index, follow, max-snippet:-1, max-image-preview:large, max-video-preview:-1\" \/>\n<link rel=\"canonical\" href=\"https:\/\/ilfo.pl\/en\/polityka-ochrony-danych-osobowych\/\" \/>\n<meta property=\"og:locale\" content=\"en_GB\" \/>\n<meta property=\"og:type\" content=\"article\" \/>\n<meta property=\"og:title\" content=\"Polityka ochrony danych osobowych - ILFO\" \/>\n<meta property=\"og:description\" content=\"Polityka ochrony danych osobowych Find out what drives us Niniejsza Polityka ochrony danych osobowych zawiera informacje o przetwarzaniu danych osobowych przez Fundacje . Fundacja zobowi\u0105zuje si\u0119 do\u0142o\u017cy\u0107 wszelkich stara\u0144, aby zapewni\u0107 bezpiecze\u0144stwo i ochron\u0119 danych osobowych podczas ich przetwarzania. Fundacja przetwarza dane osobowe z obowi\u0105zuj\u0105cymi przepisami i regulacjami o ochronie danych osobowych. Poprzez \u201edane osobowe&#8221; ... Read more\" \/>\n<meta property=\"og:url\" content=\"https:\/\/ilfo.pl\/en\/polityka-ochrony-danych-osobowych\/\" \/>\n<meta property=\"og:site_name\" content=\"ILFO\" \/>\n<meta property=\"article:modified_time\" content=\"2021-03-16T00:27:55+00:00\" \/>\n<meta name=\"twitter:card\" content=\"summary_large_image\" \/>\n<meta name=\"twitter:label1\" content=\"Estimated reading time\">\n\t<meta name=\"twitter:data1\" content=\"5 minutes\">\n<script type=\"application\/ld+json\" class=\"yoast-schema-graph\">{\"@context\":\"https:\/\/schema.org\",\"@graph\":[{\"@type\":\"Organization\",\"@id\":\"https:\/\/ilfo.pl\/#organization\",\"name\":\"International Leaders Forum\",\"url\":\"https:\/\/ilfo.pl\/\",\"sameAs\":[],\"logo\":{\"@type\":\"ImageObject\",\"@id\":\"https:\/\/ilfo.pl\/#logo\",\"inLanguage\":\"en-GB\",\"url\":\"https:\/\/ilfo.pl\/wp-content\/uploads\/2020\/05\/logo_ilfo_color.png\",\"width\":933,\"height\":522,\"caption\":\"International Leaders Forum\"},\"image\":{\"@id\":\"https:\/\/ilfo.pl\/#logo\"}},{\"@type\":\"WebSite\",\"@id\":\"https:\/\/ilfo.pl\/#website\",\"url\":\"https:\/\/ilfo.pl\/\",\"name\":\"ILFO\",\"description\":\"International Leaders Forum\",\"publisher\":{\"@id\":\"https:\/\/ilfo.pl\/#organization\"},\"potentialAction\":[{\"@type\":\"SearchAction\",\"target\":\"https:\/\/ilfo.pl\/?s={search_term_string}\",\"query-input\":\"required name=search_term_string\"}],\"inLanguage\":\"en-GB\"},{\"@type\":\"WebPage\",\"@id\":\"https:\/\/ilfo.pl\/polityka-ochrony-danych-osobowych\/#webpage\",\"url\":\"https:\/\/ilfo.pl\/polityka-ochrony-danych-osobowych\/\",\"name\":\"Polityka ochrony danych osobowych - ILFO\",\"isPartOf\":{\"@id\":\"https:\/\/ilfo.pl\/#website\"},\"datePublished\":\"2021-03-16T00:24:49+00:00\",\"dateModified\":\"2021-03-16T00:27:55+00:00\",\"breadcrumb\":{\"@id\":\"https:\/\/ilfo.pl\/polityka-ochrony-danych-osobowych\/#breadcrumb\"},\"inLanguage\":\"en-GB\",\"potentialAction\":[{\"@type\":\"ReadAction\",\"target\":[\"https:\/\/ilfo.pl\/polityka-ochrony-danych-osobowych\/\"]}]},{\"@type\":\"BreadcrumbList\",\"@id\":\"https:\/\/ilfo.pl\/polityka-ochrony-danych-osobowych\/#breadcrumb\",\"itemListElement\":[{\"@type\":\"ListItem\",\"position\":1,\"item\":{\"@type\":\"WebPage\",\"@id\":\"https:\/\/ilfo.pl\/\",\"url\":\"https:\/\/ilfo.pl\/\",\"name\":\"Strona g\\u0142\\u00f3wna\"}},{\"@type\":\"ListItem\",\"position\":2,\"item\":{\"@type\":\"WebPage\",\"@id\":\"https:\/\/ilfo.pl\/polityka-ochrony-danych-osobowych\/\",\"url\":\"https:\/\/ilfo.pl\/polityka-ochrony-danych-osobowych\/\",\"name\":\"Polityka ochrony danych osobowych\"}}]}]}<\/script>\n<!-- \/ Yoast SEO plugin. -->","_links":{"self":[{"href":"https:\/\/ilfo.pl\/en\/wp-json\/wp\/v2\/pages\/1447"}],"collection":[{"href":"https:\/\/ilfo.pl\/en\/wp-json\/wp\/v2\/pages"}],"about":[{"href":"https:\/\/ilfo.pl\/en\/wp-json\/wp\/v2\/types\/page"}],"author":[{"embeddable":true,"href":"https:\/\/ilfo.pl\/en\/wp-json\/wp\/v2\/users\/1"}],"replies":[{"embeddable":true,"href":"https:\/\/ilfo.pl\/en\/wp-json\/wp\/v2\/comments?post=1447"}],"version-history":[{"count":2,"href":"https:\/\/ilfo.pl\/en\/wp-json\/wp\/v2\/pages\/1447\/revisions"}],"predecessor-version":[{"id":1449,"href":"https:\/\/ilfo.pl\/en\/wp-json\/wp\/v2\/pages\/1447\/revisions\/1449"}],"wp:attachment":[{"href":"https:\/\/ilfo.pl\/en\/wp-json\/wp\/v2\/media?parent=1447"}],"curies":[{"name":"wp","href":"https:\/\/api.w.org\/{rel}","templated":true}]}}