{"id":1465,"date":"2021-03-16T08:41:27","date_gmt":"2021-03-16T08:41:27","guid":{"rendered":"https:\/\/ilfo.pl\/?page_id=1465"},"modified":"2021-03-16T08:44:11","modified_gmt":"2021-03-16T08:44:11","slug":"marek-kaminski","status":"publish","type":"page","link":"https:\/\/ilfo.pl\/en\/fundatorzy\/marek-kaminski\/","title":{"rendered":"Marek Kami\u0144ski"},"content":{"rendered":"<h1>Marek Kami\u0144ski<\/h1>\n\t\t\t<a href=\"#drive\" target=\"_self\" role=\"button\" rel=\"noopener\">\n\t\t\t\t\t\t\tFind out what drives us\n\t\t\t\t\t<\/a>\n\t\t\t\t<img loading=\"lazy\" src=\"https:\/\/ilfo.pl\/wp-content\/uploads\/bb-plugin\/cache\/marek_kaminski-square.png\" alt=\"marek_kaminski\" itemprop=\"image\" height=\"1936\" width=\"1863\" title=\"marek_kaminski\" onerror=\"this.style.display='none'\"  \/>\n<h3>Marek Kami\u0144ski<\/h3>\t\t\n\t\t\t<p>Life &amp; business strategist, innowator, filozof<\/p>\n\n\t<p>Uwa\u017cany za jednego z najwi\u0119kszych polskich podro\u0301z\u0307niko\u0301w. Jako pierwszy na \u015bwiecie zdoby\u0142 oba bieguny Ziemi w ci\u0105gu jednego roku, bez pomocy z zewn\u0105trz, za co zosta\u0142 wpisany do Ksi\u0119gi Rekord\u00f3w Guinnessa. Inspiruje setki tysi\u0119cy ludzi w Polsce i na \u015bwiecie poprzez ksi\u0105\u017cki, filmy, podcasty, webinary i programy trenerskie. Stworzy\u0142 Marek Kami\u0144ski Academy, kt\u00f3rej misj\u0105 jest promowanie wiary w potencja\u0142 ludzki i budowanie odporno\u015bci psychicznej.<\/p>\n<p>Marek Kami\u0144ski poprzez webinary dla os\u00f3b indywidualnych, a tak\u017ce power speeche oraz modu\u0142y treningowe dla biznesu, bazuj\u0105ce na autorskiej Metodzie Biegun i koncepcje\u0328 Power4Change, daje sprawdzone narz\u0119dzia do zmiany i osi\u0105gania cel\u00f3w, kt\u00f3re od 20 lat zmieniaj\u0105\u0328 z\u0307ycie dziesi\u0105tek tysi\u0119cy ludzi i pomagaj\u0105\u0328 w rozwoju osobistym i biznesowym.\u00a0Autor bestseller\u00f3w coachingowych &#8222;Wyprawa&#8221; i \u201eId\u017a w\u0142asn\u0105 drog\u0105&#8221; oraz najnowszej pozycji \u201ePower4Change. Sztuka osi\u0105gania cel\u00f3w&#8221;. Laureat nagrody\u00a0<strong>\u201eDigital Shapers&#8221;\u00a0<\/strong>w kategorii \u201eWizjoner&#8221; z 2019 roku.<\/p>","protected":false},"excerpt":{"rendered":"<p>Marek Kami\u0144ski Find out what drives us Marek Kami\u0144ski Life &amp; business strategist, innowator, filozof Uwa\u017cany za jednego z najwi\u0119kszych polskich podro\u0301z\u0307niko\u0301w. Jako pierwszy na \u015bwiecie zdoby\u0142 oba bieguny Ziemi w ci\u0105gu jednego roku, bez pomocy z zewn\u0105trz, za co zosta\u0142 wpisany do Ksi\u0119gi Rekord\u00f3w Guinnessa. Inspiruje setki tysi\u0119cy ludzi w Polsce i na \u015bwiecie &#8230; <a title=\"Marek Kami\u0144ski\" class=\"read-more\" href=\"https:\/\/ilfo.pl\/en\/fundatorzy\/marek-kaminski\/\">Read more<\/a><\/p>","protected":false},"author":1,"featured_media":0,"parent":759,"menu_order":20,"comment_status":"closed","ping_status":"closed","template":"","meta":[],"yoast_head":"<!-- This site is optimized with the Yoast SEO plugin v15.9.2 - https:\/\/yoast.com\/wordpress\/plugins\/seo\/ -->\n<title>Marek Kami\u0144ski - ILFO<\/title>\n<meta name=\"robots\" content=\"index, follow, max-snippet:-1, max-image-preview:large, max-video-preview:-1\" \/>\n<link rel=\"canonical\" href=\"https:\/\/ilfo.pl\/en\/fundatorzy\/marek-kaminski\/\" \/>\n<meta property=\"og:locale\" content=\"en_GB\" \/>\n<meta property=\"og:type\" content=\"article\" \/>\n<meta property=\"og:title\" content=\"Marek Kami\u0144ski - ILFO\" \/>\n<meta property=\"og:description\" content=\"Marek Kami\u0144ski Find out what drives us Marek Kami\u0144ski Life &amp; business strategist, innowator, filozof Uwa\u017cany za jednego z najwi\u0119kszych polskich podro\u0301z\u0307niko\u0301w. Jako pierwszy na \u015bwiecie zdoby\u0142 oba bieguny Ziemi w ci\u0105gu jednego roku, bez pomocy z zewn\u0105trz, za co zosta\u0142 wpisany do Ksi\u0119gi Rekord\u00f3w Guinnessa. Inspiruje setki tysi\u0119cy ludzi w Polsce i na \u015bwiecie ... Read more\" \/>\n<meta property=\"og:url\" content=\"https:\/\/ilfo.pl\/en\/fundatorzy\/marek-kaminski\/\" \/>\n<meta property=\"og:site_name\" content=\"ILFO\" \/>\n<meta property=\"article:modified_time\" content=\"2021-03-16T08:44:11+00:00\" \/>\n<meta property=\"og:image\" content=\"https:\/\/ilfo.pl\/wp-content\/uploads\/bb-plugin\/cache\/marek_kaminski-square.png\" \/>\n<meta name=\"twitter:card\" content=\"summary_large_image\" \/>\n<meta name=\"twitter:label1\" content=\"Estimated reading time\">\n\t<meta name=\"twitter:data1\" content=\"2 minutes\">\n<script type=\"application\/ld+json\" class=\"yoast-schema-graph\">{\"@context\":\"https:\/\/schema.org\",\"@graph\":[{\"@type\":\"Organization\",\"@id\":\"https:\/\/ilfo.pl\/#organization\",\"name\":\"International Leaders Forum\",\"url\":\"https:\/\/ilfo.pl\/\",\"sameAs\":[],\"logo\":{\"@type\":\"ImageObject\",\"@id\":\"https:\/\/ilfo.pl\/#logo\",\"inLanguage\":\"en-GB\",\"url\":\"https:\/\/ilfo.pl\/wp-content\/uploads\/2020\/05\/logo_ilfo_color.png\",\"width\":933,\"height\":522,\"caption\":\"International Leaders Forum\"},\"image\":{\"@id\":\"https:\/\/ilfo.pl\/#logo\"}},{\"@type\":\"WebSite\",\"@id\":\"https:\/\/ilfo.pl\/#website\",\"url\":\"https:\/\/ilfo.pl\/\",\"name\":\"ILFO\",\"description\":\"International Leaders Forum\",\"publisher\":{\"@id\":\"https:\/\/ilfo.pl\/#organization\"},\"potentialAction\":[{\"@type\":\"SearchAction\",\"target\":\"https:\/\/ilfo.pl\/?s={search_term_string}\",\"query-input\":\"required name=search_term_string\"}],\"inLanguage\":\"en-GB\"},{\"@type\":\"ImageObject\",\"@id\":\"https:\/\/ilfo.pl\/fundatorzy\/marek-kaminski\/#primaryimage\",\"inLanguage\":\"en-GB\",\"url\":\"https:\/\/ilfo.pl\/wp-content\/uploads\/bb-plugin\/cache\/marek_kaminski-square.png\"},{\"@type\":\"WebPage\",\"@id\":\"https:\/\/ilfo.pl\/fundatorzy\/marek-kaminski\/#webpage\",\"url\":\"https:\/\/ilfo.pl\/fundatorzy\/marek-kaminski\/\",\"name\":\"Marek Kami\\u0144ski - ILFO\",\"isPartOf\":{\"@id\":\"https:\/\/ilfo.pl\/#website\"},\"primaryImageOfPage\":{\"@id\":\"https:\/\/ilfo.pl\/fundatorzy\/marek-kaminski\/#primaryimage\"},\"datePublished\":\"2021-03-16T08:41:27+00:00\",\"dateModified\":\"2021-03-16T08:44:11+00:00\",\"breadcrumb\":{\"@id\":\"https:\/\/ilfo.pl\/fundatorzy\/marek-kaminski\/#breadcrumb\"},\"inLanguage\":\"en-GB\",\"potentialAction\":[{\"@type\":\"ReadAction\",\"target\":[\"https:\/\/ilfo.pl\/fundatorzy\/marek-kaminski\/\"]}]},{\"@type\":\"BreadcrumbList\",\"@id\":\"https:\/\/ilfo.pl\/fundatorzy\/marek-kaminski\/#breadcrumb\",\"itemListElement\":[{\"@type\":\"ListItem\",\"position\":1,\"item\":{\"@type\":\"WebPage\",\"@id\":\"https:\/\/ilfo.pl\/\",\"url\":\"https:\/\/ilfo.pl\/\",\"name\":\"Strona g\\u0142\\u00f3wna\"}},{\"@type\":\"ListItem\",\"position\":2,\"item\":{\"@type\":\"WebPage\",\"@id\":\"https:\/\/ilfo.pl\/fundatorzy\/\",\"url\":\"https:\/\/ilfo.pl\/fundatorzy\/\",\"name\":\"Fundatorzy\"}},{\"@type\":\"ListItem\",\"position\":3,\"item\":{\"@type\":\"WebPage\",\"@id\":\"https:\/\/ilfo.pl\/fundatorzy\/marek-kaminski\/\",\"url\":\"https:\/\/ilfo.pl\/fundatorzy\/marek-kaminski\/\",\"name\":\"Marek Kami\\u0144ski\"}}]}]}<\/script>\n<!-- \/ Yoast SEO plugin. -->","_links":{"self":[{"href":"https:\/\/ilfo.pl\/en\/wp-json\/wp\/v2\/pages\/1465"}],"collection":[{"href":"https:\/\/ilfo.pl\/en\/wp-json\/wp\/v2\/pages"}],"about":[{"href":"https:\/\/ilfo.pl\/en\/wp-json\/wp\/v2\/types\/page"}],"author":[{"embeddable":true,"href":"https:\/\/ilfo.pl\/en\/wp-json\/wp\/v2\/users\/1"}],"replies":[{"embeddable":true,"href":"https:\/\/ilfo.pl\/en\/wp-json\/wp\/v2\/comments?post=1465"}],"version-history":[{"count":2,"href":"https:\/\/ilfo.pl\/en\/wp-json\/wp\/v2\/pages\/1465\/revisions"}],"predecessor-version":[{"id":1467,"href":"https:\/\/ilfo.pl\/en\/wp-json\/wp\/v2\/pages\/1465\/revisions\/1467"}],"up":[{"embeddable":true,"href":"https:\/\/ilfo.pl\/en\/wp-json\/wp\/v2\/pages\/759"}],"wp:attachment":[{"href":"https:\/\/ilfo.pl\/en\/wp-json\/wp\/v2\/media?parent=1465"}],"curies":[{"name":"wp","href":"https:\/\/api.w.org\/{rel}","templated":true}]}}