{"id":1472,"date":"2021-05-13T13:10:00","date_gmt":"2021-05-13T13:10:00","guid":{"rendered":"https:\/\/ilfo.pl\/?page_id=1472"},"modified":"2021-05-13T13:14:39","modified_gmt":"2021-05-13T13:14:39","slug":"piotr-wachowiak","status":"publish","type":"page","link":"https:\/\/ilfo.pl\/en\/fundatorzy\/piotr-wachowiak\/","title":{"rendered":"Piotr Wachowiak"},"content":{"rendered":"<h1>Piotr Wachowiak<\/h1>\n\t\t\t<a href=\"#drive\" target=\"_self\" role=\"button\" rel=\"noopener\">\n\t\t\t\t\t\t\tFind out what drives us\n\t\t\t\t\t<\/a>\n\t\t\t\t<img loading=\"lazy\" src=\"https:\/\/ilfo.pl\/wp-content\/uploads\/bb-plugin\/cache\/Piotr_Wachowiak-square.jpg\" alt=\"Piotr_Wachowiak\" itemprop=\"image\" height=\"1137\" width=\"1137\" title=\"Piotr_Wachowiak\" onerror=\"this.style.display='none'\"  \/>\n<h3>Piotr Wachowiak<\/h3>\t\t\n\t\t\tRektor Szko\u0142y G\u0142\u00f3wnej Handlowej w Warszawie, dyrektor Instytutu Zarz\u0105dzania.<br \/>\nWiceprzewodnicz\u0105cy Komitetu Organizacji i Zarz\u0105dzania Polskiej Akademii Nauk.\n\n\t<p>Od 28 lat ma zwi\u0105zki z praktyk\u0105 gospodarcz\u0105 pracuj\u0105c na stanowiskach kierowniczych w r\u00f3\u017cnych organizacjach. Mi\u0119dzy innymi. by\u0142 zast\u0119pc\u0105 dyrektora Zarz\u0105du Dom\u00f3w Komunalnych Warszawa- \u015ar\u00f3dmie\u015bcie, Dyrektorem Wydzia\u0142u Budynk\u00f3w Komunalnych Urz\u0119du Gminy Warszawa- Centrum oraz zast\u0119pc\u0105 dyrektora Zarz\u0105du Dzielnicy \u017boliborz &#8211; cz\u0142onkiem Zarz\u0105du Dzielnicy, Kanclerzem SGH, Prodziekanem Kolegium Zarz\u0105dzania i Finans\u00f3w SGH, Prorektorem ds. nauki i zarz\u0105dzania. Specjalizuje si\u0119 w problematyce: zarz\u0105dzania lud\u017ami w organizacji oraz spo\u0142ecznej odpowiedzialno\u015bci biznesu. Prowadzi badania naukowe na temat: polityki personalnej w przedsi\u0119biorstwach dzia\u0142aj\u0105cych w Polsce, negocjacji, pomiaru kapita\u0142u intelektualnego przedsi\u0119biorstw, zarz\u0105dzania wiedz\u0105 w przedsi\u0119biorstwach oraz spo\u0142ecznej odpowiedzialno\u015bci biznesu<\/p>\n<p>Autor lub wsp\u00f3\u0142autor wielu publikacji na temat negocjacji, rozwi\u0105zywania konflikt\u00f3w, zarz\u0105dzania zasobami ludzkimi, pomiaru kapita\u0142u intelektualnego i zarz\u0105dzania wiedz\u0105 w przedsi\u0119biorstwie, spo\u0142ecznej odpowiedzialno\u015bci biznesu. Mi\u0119dzy innymi nast\u0119puj\u0105cych ksi\u0105\u017cek: \u201eProfesjonalny mened\u017cer. Umiej\u0119tno\u015bci pe\u0142nienia r\u00f3l kierowniczych&#8221;, \u201ePomiar kapita\u0142u intelektualnego przedsi\u0119biorstwa&#8221;, \u201eKoncepcje i narz\u0119dzia zarz\u0105dzania strategicznego&#8221;. Jest r\u00f3wnie\u017c wsp\u00f3\u0142autorem podr\u0119cznik\u00f3w do szk\u00f3\u0142 ponadgimnazjalnych oraz jest wsp\u00f3\u0142tw\u00f3rc\u0105 podstawy programowej z przedmiot\u00f3w: podstawy przedsi\u0119biorczo\u015bci i ekonomia w praktyce do liceum.<\/p>\n<p>Przewodnicz\u0105cy Rady ds. Przedsi\u0119biorczo\u015bci przy Prezydencie RP. Wiceprzewodnicz\u0105cy Kapitu\u0142y Nagrody Gospodarczej Prezydenta RP. Cz\u0142onek Zespo\u0142u ds. Zr\u00f3wnowa\u017conego Rozwoju i Spo\u0142ecznej Odpowiedzialno\u015bci Przedsi\u0119biorstw w Ministerstwie Funduszy i Polityki Regionalnej, Przewodnicz\u0105cy Zespo\u0142u Roboczego ds. Odpowiedzialno\u015bci Spo\u0142ecznej Uczelni.<\/p>","protected":false},"excerpt":{"rendered":"<p>Piotr Wachowiak Find out what drives us Piotr Wachowiak Rektor Szko\u0142y G\u0142\u00f3wnej Handlowej w Warszawie, dyrektor Instytutu Zarz\u0105dzania. Wiceprzewodnicz\u0105cy Komitetu Organizacji i Zarz\u0105dzania Polskiej Akademii Nauk. Od 28 lat ma zwi\u0105zki z praktyk\u0105 gospodarcz\u0105 pracuj\u0105c na stanowiskach kierowniczych w r\u00f3\u017cnych organizacjach. Mi\u0119dzy innymi. by\u0142 zast\u0119pc\u0105 dyrektora Zarz\u0105du Dom\u00f3w Komunalnych Warszawa- \u015ar\u00f3dmie\u015bcie, Dyrektorem Wydzia\u0142u Budynk\u00f3w Komunalnych &#8230; <a title=\"Piotr Wachowiak\" class=\"read-more\" href=\"https:\/\/ilfo.pl\/en\/fundatorzy\/piotr-wachowiak\/\">Read more<\/a><\/p>","protected":false},"author":1,"featured_media":0,"parent":759,"menu_order":20,"comment_status":"closed","ping_status":"closed","template":"","meta":[],"yoast_head":"<!-- This site is optimized with the Yoast SEO plugin v15.9.2 - https:\/\/yoast.com\/wordpress\/plugins\/seo\/ -->\n<title>Piotr Wachowiak - ILFO<\/title>\n<meta name=\"robots\" content=\"index, follow, max-snippet:-1, max-image-preview:large, max-video-preview:-1\" \/>\n<link rel=\"canonical\" href=\"https:\/\/ilfo.pl\/en\/fundatorzy\/piotr-wachowiak\/\" \/>\n<meta property=\"og:locale\" content=\"en_GB\" \/>\n<meta property=\"og:type\" content=\"article\" \/>\n<meta property=\"og:title\" content=\"Piotr Wachowiak - ILFO\" \/>\n<meta property=\"og:description\" content=\"Piotr Wachowiak Find out what drives us Piotr Wachowiak Rektor Szko\u0142y G\u0142\u00f3wnej Handlowej w Warszawie, dyrektor Instytutu Zarz\u0105dzania. Wiceprzewodnicz\u0105cy Komitetu Organizacji i Zarz\u0105dzania Polskiej Akademii Nauk. Od 28 lat ma zwi\u0105zki z praktyk\u0105 gospodarcz\u0105 pracuj\u0105c na stanowiskach kierowniczych w r\u00f3\u017cnych organizacjach. Mi\u0119dzy innymi. by\u0142 zast\u0119pc\u0105 dyrektora Zarz\u0105du Dom\u00f3w Komunalnych Warszawa- \u015ar\u00f3dmie\u015bcie, Dyrektorem Wydzia\u0142u Budynk\u00f3w Komunalnych ... Read more\" \/>\n<meta property=\"og:url\" content=\"https:\/\/ilfo.pl\/en\/fundatorzy\/piotr-wachowiak\/\" \/>\n<meta property=\"og:site_name\" content=\"ILFO\" \/>\n<meta property=\"article:modified_time\" content=\"2021-05-13T13:14:39+00:00\" \/>\n<meta property=\"og:image\" content=\"https:\/\/ilfo.pl\/wp-content\/uploads\/bb-plugin\/cache\/Piotr_Wachowiak-square.jpg\" \/>\n<meta name=\"twitter:card\" content=\"summary_large_image\" \/>\n<meta name=\"twitter:label1\" content=\"Estimated reading time\">\n\t<meta name=\"twitter:data1\" content=\"1 minute\">\n<script type=\"application\/ld+json\" class=\"yoast-schema-graph\">{\"@context\":\"https:\/\/schema.org\",\"@graph\":[{\"@type\":\"Organization\",\"@id\":\"https:\/\/ilfo.pl\/#organization\",\"name\":\"International Leaders Forum\",\"url\":\"https:\/\/ilfo.pl\/\",\"sameAs\":[],\"logo\":{\"@type\":\"ImageObject\",\"@id\":\"https:\/\/ilfo.pl\/#logo\",\"inLanguage\":\"en-GB\",\"url\":\"https:\/\/ilfo.pl\/wp-content\/uploads\/2020\/05\/logo_ilfo_color.png\",\"width\":933,\"height\":522,\"caption\":\"International Leaders Forum\"},\"image\":{\"@id\":\"https:\/\/ilfo.pl\/#logo\"}},{\"@type\":\"WebSite\",\"@id\":\"https:\/\/ilfo.pl\/#website\",\"url\":\"https:\/\/ilfo.pl\/\",\"name\":\"ILFO\",\"description\":\"International Leaders Forum\",\"publisher\":{\"@id\":\"https:\/\/ilfo.pl\/#organization\"},\"potentialAction\":[{\"@type\":\"SearchAction\",\"target\":\"https:\/\/ilfo.pl\/?s={search_term_string}\",\"query-input\":\"required name=search_term_string\"}],\"inLanguage\":\"en-GB\"},{\"@type\":\"ImageObject\",\"@id\":\"https:\/\/ilfo.pl\/fundatorzy\/piotr-wachowiak\/#primaryimage\",\"inLanguage\":\"en-GB\",\"url\":\"https:\/\/ilfo.pl\/wp-content\/uploads\/bb-plugin\/cache\/Piotr_Wachowiak-square.jpg\"},{\"@type\":\"WebPage\",\"@id\":\"https:\/\/ilfo.pl\/fundatorzy\/piotr-wachowiak\/#webpage\",\"url\":\"https:\/\/ilfo.pl\/fundatorzy\/piotr-wachowiak\/\",\"name\":\"Piotr Wachowiak - ILFO\",\"isPartOf\":{\"@id\":\"https:\/\/ilfo.pl\/#website\"},\"primaryImageOfPage\":{\"@id\":\"https:\/\/ilfo.pl\/fundatorzy\/piotr-wachowiak\/#primaryimage\"},\"datePublished\":\"2021-05-13T13:10:00+00:00\",\"dateModified\":\"2021-05-13T13:14:39+00:00\",\"breadcrumb\":{\"@id\":\"https:\/\/ilfo.pl\/fundatorzy\/piotr-wachowiak\/#breadcrumb\"},\"inLanguage\":\"en-GB\",\"potentialAction\":[{\"@type\":\"ReadAction\",\"target\":[\"https:\/\/ilfo.pl\/fundatorzy\/piotr-wachowiak\/\"]}]},{\"@type\":\"BreadcrumbList\",\"@id\":\"https:\/\/ilfo.pl\/fundatorzy\/piotr-wachowiak\/#breadcrumb\",\"itemListElement\":[{\"@type\":\"ListItem\",\"position\":1,\"item\":{\"@type\":\"WebPage\",\"@id\":\"https:\/\/ilfo.pl\/\",\"url\":\"https:\/\/ilfo.pl\/\",\"name\":\"Strona g\\u0142\\u00f3wna\"}},{\"@type\":\"ListItem\",\"position\":2,\"item\":{\"@type\":\"WebPage\",\"@id\":\"https:\/\/ilfo.pl\/fundatorzy\/\",\"url\":\"https:\/\/ilfo.pl\/fundatorzy\/\",\"name\":\"Fundatorzy\"}},{\"@type\":\"ListItem\",\"position\":3,\"item\":{\"@type\":\"WebPage\",\"@id\":\"https:\/\/ilfo.pl\/fundatorzy\/piotr-wachowiak\/\",\"url\":\"https:\/\/ilfo.pl\/fundatorzy\/piotr-wachowiak\/\",\"name\":\"Piotr Wachowiak\"}}]}]}<\/script>\n<!-- \/ Yoast SEO plugin. -->","_links":{"self":[{"href":"https:\/\/ilfo.pl\/en\/wp-json\/wp\/v2\/pages\/1472"}],"collection":[{"href":"https:\/\/ilfo.pl\/en\/wp-json\/wp\/v2\/pages"}],"about":[{"href":"https:\/\/ilfo.pl\/en\/wp-json\/wp\/v2\/types\/page"}],"author":[{"embeddable":true,"href":"https:\/\/ilfo.pl\/en\/wp-json\/wp\/v2\/users\/1"}],"replies":[{"embeddable":true,"href":"https:\/\/ilfo.pl\/en\/wp-json\/wp\/v2\/comments?post=1472"}],"version-history":[{"count":3,"href":"https:\/\/ilfo.pl\/en\/wp-json\/wp\/v2\/pages\/1472\/revisions"}],"predecessor-version":[{"id":1475,"href":"https:\/\/ilfo.pl\/en\/wp-json\/wp\/v2\/pages\/1472\/revisions\/1475"}],"up":[{"embeddable":true,"href":"https:\/\/ilfo.pl\/en\/wp-json\/wp\/v2\/pages\/759"}],"wp:attachment":[{"href":"https:\/\/ilfo.pl\/en\/wp-json\/wp\/v2\/media?parent=1472"}],"curies":[{"name":"wp","href":"https:\/\/api.w.org\/{rel}","templated":true}]}}