{"id":1560,"date":"2022-05-10T10:51:26","date_gmt":"2022-05-10T10:51:26","guid":{"rendered":"https:\/\/ilfo.pl\/?page_id=1560"},"modified":"2022-05-10T11:21:13","modified_gmt":"2022-05-10T11:21:13","slug":"program-mentoringowy-ilfo","status":"publish","type":"page","link":"https:\/\/ilfo.pl\/en\/program-mentoringowy-ilfo\/","title":{"rendered":"Program Mentoringowy ILFO"},"content":{"rendered":"<div class=\"wp-block-columns\">\n<div class=\"wp-block-column\" style=\"flex-basis:33.33%\">\n<ol><li><a href=\"https:\/\/ilfo.pl\/en\/program-mentoringowy-ilfo\/co-to-jest\/\">Co to jest?<\/a><\/li><li><a href=\"https:\/\/ilfo.pl\/en\/program-mentoringowy-ilfo\/dla-kogo-korzysci-dla-mentee\/\">Dla kogo? Korzy\u015bci dla Mentee<\/a><\/li><li><a href=\"https:\/\/ilfo.pl\/en\/program-mentoringowy-ilfo\/przez-kogo-korzysci-dla-mentorow\/\">Przez kogo? Korzy\u015bci dla Mentor\u00f3w<\/a><\/li><li><a href=\"https:\/\/ilfo.pl\/en\/program-mentoringowy-ilfo\/jak-pracujemy\/\">Jak pracujemy?<\/a><\/li><li><a href=\"https:\/\/ilfo.pl\/en\/program-mentoringowy-ilfo\/materialy-i-kontakt\/\">Materia\u0142y i kontakt<\/a><\/li><\/ol>\n<\/div>\n<\/div>\n\n\n<a href=\"https:\/\/ilfo.pl\/wp-content\/uploads\/2022\/05\/Prezentacja-mentoring-ILFO.pdf\" class=\"pdfemb-viewer\" style=\"\" data-width=\"max\" data-height=\"max\"  data-toolbar=\"bottom\" data-toolbar-fixed=\"off\">Prezentacja-mentoring-ILFO<br\/><\/a>\n<p class=\"wp-block-pdfemb-pdf-embedder-viewer\"><\/p>","protected":false},"excerpt":{"rendered":"<p>Co to jest? Dla kogo? Korzy\u015bci dla Mentee Przez kogo? Korzy\u015bci dla Mentor\u00f3w Jak pracujemy? Materia\u0142y i kontakt<\/p>","protected":false},"author":1,"featured_media":0,"parent":0,"menu_order":0,"comment_status":"closed","ping_status":"closed","template":"","meta":[],"yoast_head":"<!-- This site is optimized with the Yoast SEO plugin v15.9.2 - https:\/\/yoast.com\/wordpress\/plugins\/seo\/ -->\n<title>Program Mentoringowy ILFO - ILFO<\/title>\n<meta name=\"robots\" content=\"index, follow, max-snippet:-1, max-image-preview:large, max-video-preview:-1\" \/>\n<link rel=\"canonical\" href=\"https:\/\/ilfo.pl\/en\/program-mentoringowy-ilfo\/\" \/>\n<meta property=\"og:locale\" content=\"en_GB\" \/>\n<meta property=\"og:type\" content=\"article\" \/>\n<meta property=\"og:title\" content=\"Program Mentoringowy ILFO - ILFO\" \/>\n<meta property=\"og:description\" content=\"Co to jest? Dla kogo? Korzy\u015bci dla Mentee Przez kogo? Korzy\u015bci dla Mentor\u00f3w Jak pracujemy? Materia\u0142y i kontakt\" \/>\n<meta property=\"og:url\" content=\"https:\/\/ilfo.pl\/en\/program-mentoringowy-ilfo\/\" \/>\n<meta property=\"og:site_name\" content=\"ILFO\" \/>\n<meta property=\"article:modified_time\" content=\"2022-05-10T11:21:13+00:00\" \/>\n<meta name=\"twitter:card\" content=\"summary_large_image\" \/>\n<meta name=\"twitter:label1\" content=\"Estimated reading time\">\n\t<meta name=\"twitter:data1\" content=\"1 minute\">\n<script type=\"application\/ld+json\" class=\"yoast-schema-graph\">{\"@context\":\"https:\/\/schema.org\",\"@graph\":[{\"@type\":\"Organization\",\"@id\":\"https:\/\/ilfo.pl\/#organization\",\"name\":\"International Leaders Forum\",\"url\":\"https:\/\/ilfo.pl\/\",\"sameAs\":[],\"logo\":{\"@type\":\"ImageObject\",\"@id\":\"https:\/\/ilfo.pl\/#logo\",\"inLanguage\":\"en-GB\",\"url\":\"https:\/\/ilfo.pl\/wp-content\/uploads\/2020\/05\/logo_ilfo_color.png\",\"width\":933,\"height\":522,\"caption\":\"International Leaders Forum\"},\"image\":{\"@id\":\"https:\/\/ilfo.pl\/#logo\"}},{\"@type\":\"WebSite\",\"@id\":\"https:\/\/ilfo.pl\/#website\",\"url\":\"https:\/\/ilfo.pl\/\",\"name\":\"ILFO\",\"description\":\"International Leaders Forum\",\"publisher\":{\"@id\":\"https:\/\/ilfo.pl\/#organization\"},\"potentialAction\":[{\"@type\":\"SearchAction\",\"target\":\"https:\/\/ilfo.pl\/?s={search_term_string}\",\"query-input\":\"required name=search_term_string\"}],\"inLanguage\":\"en-GB\"},{\"@type\":\"WebPage\",\"@id\":\"https:\/\/ilfo.pl\/program-mentoringowy-ilfo\/#webpage\",\"url\":\"https:\/\/ilfo.pl\/program-mentoringowy-ilfo\/\",\"name\":\"Program Mentoringowy ILFO - ILFO\",\"isPartOf\":{\"@id\":\"https:\/\/ilfo.pl\/#website\"},\"datePublished\":\"2022-05-10T10:51:26+00:00\",\"dateModified\":\"2022-05-10T11:21:13+00:00\",\"breadcrumb\":{\"@id\":\"https:\/\/ilfo.pl\/program-mentoringowy-ilfo\/#breadcrumb\"},\"inLanguage\":\"en-GB\",\"potentialAction\":[{\"@type\":\"ReadAction\",\"target\":[\"https:\/\/ilfo.pl\/program-mentoringowy-ilfo\/\"]}]},{\"@type\":\"BreadcrumbList\",\"@id\":\"https:\/\/ilfo.pl\/program-mentoringowy-ilfo\/#breadcrumb\",\"itemListElement\":[{\"@type\":\"ListItem\",\"position\":1,\"item\":{\"@type\":\"WebPage\",\"@id\":\"https:\/\/ilfo.pl\/\",\"url\":\"https:\/\/ilfo.pl\/\",\"name\":\"Strona g\\u0142\\u00f3wna\"}},{\"@type\":\"ListItem\",\"position\":2,\"item\":{\"@type\":\"WebPage\",\"@id\":\"https:\/\/ilfo.pl\/program-mentoringowy-ilfo\/\",\"url\":\"https:\/\/ilfo.pl\/program-mentoringowy-ilfo\/\",\"name\":\"Program Mentoringowy ILFO\"}}]}]}<\/script>\n<!-- \/ Yoast SEO plugin. -->","_links":{"self":[{"href":"https:\/\/ilfo.pl\/en\/wp-json\/wp\/v2\/pages\/1560"}],"collection":[{"href":"https:\/\/ilfo.pl\/en\/wp-json\/wp\/v2\/pages"}],"about":[{"href":"https:\/\/ilfo.pl\/en\/wp-json\/wp\/v2\/types\/page"}],"author":[{"embeddable":true,"href":"https:\/\/ilfo.pl\/en\/wp-json\/wp\/v2\/users\/1"}],"replies":[{"embeddable":true,"href":"https:\/\/ilfo.pl\/en\/wp-json\/wp\/v2\/comments?post=1560"}],"version-history":[{"count":5,"href":"https:\/\/ilfo.pl\/en\/wp-json\/wp\/v2\/pages\/1560\/revisions"}],"predecessor-version":[{"id":1591,"href":"https:\/\/ilfo.pl\/en\/wp-json\/wp\/v2\/pages\/1560\/revisions\/1591"}],"wp:attachment":[{"href":"https:\/\/ilfo.pl\/en\/wp-json\/wp\/v2\/media?parent=1560"}],"curies":[{"name":"wp","href":"https:\/\/api.w.org\/{rel}","templated":true}]}}