{"id":1561,"date":"2022-05-10T10:50:04","date_gmt":"2022-05-10T10:50:04","guid":{"rendered":"https:\/\/ilfo.pl\/?page_id=1561"},"modified":"2022-05-10T11:24:48","modified_gmt":"2022-05-10T11:24:48","slug":"co-to-jest","status":"publish","type":"page","link":"https:\/\/ilfo.pl\/en\/program-mentoringowy-ilfo\/co-to-jest\/","title":{"rendered":"Co to jest?"},"content":{"rendered":"<div class=\"wp-block-columns\">\n<div class=\"wp-block-column\" style=\"flex-basis:66.66%\">\n<ol><li><strong>&nbsp;<\/strong>Przez ostatnie lata dzia\u0142alno\u015bci Fundacji ILFO skontaktowali\u015bmy wiele os\u00f3b w celu pomocy w osi\u0105ganiu cel\u00f3w i rozwoju profesjonalnego. W tym roku rozpoczynamy Program Mentoringowy ILFO w ustrukturyzowanej ods\u0142onie.&nbsp;<\/li><li>Program Mentoringowy ILFO ma na celu dzielenie si\u0119 wiedz\u0105 i do\u015bwiadczeniem z m\u0142odszymi managerami przez swoich starszych i do\u015bwiadczonych koleg\u00f3w. Program na calu wsparcie ich w profesjonalnym rozwoju, rozwi\u0105zywaniu problem\u00f3w i pokonywaniu wyzwa\u0144 w mo\u017cliwie efektywny spos\u00f3b.&nbsp;<\/li><li>Mentoring jest wyj\u0105tkowym partnerstwem mi\u0119dzy dwojgiem ludzi opartym na szacunku i zaufaniu i polegaj\u0105cym na zobowi\u0105zaniu si\u0119 do procesu nauki i osi\u0105gni\u0119ciu oczekiwanego celu.&nbsp;<br><\/li><\/ol>\n<\/div>\n\n\n\n<div class=\"wp-block-column\" style=\"flex-basis:33.33%\">\n<h3><a href=\"https:\/\/ilfo.pl\/en\/program-mentoringowy-ilfo\/\">Program Mentoringowy<\/a><\/h3>\n\n\n\n<ol><li><a href=\"https:\/\/ilfo.pl\/en\/program-mentoringowy-ilfo\/co-to-jest\/\"><strong>Co to jest?<\/strong><\/a><\/li><li><a href=\"https:\/\/ilfo.pl\/en\/program-mentoringowy-ilfo\/dla-kogo-korzysci-dla-mentee\/\">Dla kogo? Korzy\u015bci dla Mentee<\/a><\/li><li><a href=\"https:\/\/ilfo.pl\/en\/program-mentoringowy-ilfo\/przez-kogo-korzysci-dla-mentorow\/\">Przez kogo? Korzy\u015bci dla Mentor\u00f3w<\/a><\/li><li><a href=\"https:\/\/ilfo.pl\/en\/program-mentoringowy-ilfo\/jak-pracujemy\/\">Jak pracujemy?<\/a><\/li><li><a href=\"https:\/\/ilfo.pl\/en\/program-mentoringowy-ilfo\/materialy-i-kontakt\/\">Materia\u0142y i kontakt<\/a><\/li><\/ol>\n<\/div>\n<\/div>","protected":false},"excerpt":{"rendered":"<p>&nbsp;Przez ostatnie lata dzia\u0142alno\u015bci Fundacji ILFO skontaktowali\u015bmy wiele os\u00f3b w celu pomocy w osi\u0105ganiu cel\u00f3w i rozwoju profesjonalnego. W tym roku rozpoczynamy Program Mentoringowy ILFO w ustrukturyzowanej ods\u0142onie.&nbsp; Program Mentoringowy ILFO ma na celu dzielenie si\u0119 wiedz\u0105 i do\u015bwiadczeniem z m\u0142odszymi managerami przez swoich starszych i do\u015bwiadczonych koleg\u00f3w. Program na calu wsparcie ich w profesjonalnym &#8230; <a title=\"Co to jest?\" class=\"read-more\" href=\"https:\/\/ilfo.pl\/en\/program-mentoringowy-ilfo\/co-to-jest\/\">Read more<\/a><\/p>","protected":false},"author":1,"featured_media":0,"parent":1560,"menu_order":0,"comment_status":"closed","ping_status":"closed","template":"","meta":[],"yoast_head":"<!-- This site is optimized with the Yoast SEO plugin v15.9.2 - https:\/\/yoast.com\/wordpress\/plugins\/seo\/ -->\n<title>Co to jest? - ILFO<\/title>\n<meta name=\"robots\" content=\"index, follow, max-snippet:-1, max-image-preview:large, max-video-preview:-1\" \/>\n<link rel=\"canonical\" href=\"https:\/\/ilfo.pl\/en\/program-mentoringowy-ilfo\/co-to-jest\/\" \/>\n<meta property=\"og:locale\" content=\"en_GB\" \/>\n<meta property=\"og:type\" content=\"article\" \/>\n<meta property=\"og:title\" content=\"Co to jest? - ILFO\" \/>\n<meta property=\"og:description\" content=\"&nbsp;Przez ostatnie lata dzia\u0142alno\u015bci Fundacji ILFO skontaktowali\u015bmy wiele os\u00f3b w celu pomocy w osi\u0105ganiu cel\u00f3w i rozwoju profesjonalnego. W tym roku rozpoczynamy Program Mentoringowy ILFO w ustrukturyzowanej ods\u0142onie.&nbsp; Program Mentoringowy ILFO ma na celu dzielenie si\u0119 wiedz\u0105 i do\u015bwiadczeniem z m\u0142odszymi managerami przez swoich starszych i do\u015bwiadczonych koleg\u00f3w. Program na calu wsparcie ich w profesjonalnym ... Read more\" \/>\n<meta property=\"og:url\" content=\"https:\/\/ilfo.pl\/en\/program-mentoringowy-ilfo\/co-to-jest\/\" \/>\n<meta property=\"og:site_name\" content=\"ILFO\" \/>\n<meta property=\"article:modified_time\" content=\"2022-05-10T11:24:48+00:00\" \/>\n<meta name=\"twitter:card\" content=\"summary_large_image\" \/>\n<meta name=\"twitter:label1\" content=\"Estimated reading time\">\n\t<meta name=\"twitter:data1\" content=\"1 minute\">\n<script type=\"application\/ld+json\" class=\"yoast-schema-graph\">{\"@context\":\"https:\/\/schema.org\",\"@graph\":[{\"@type\":\"Organization\",\"@id\":\"https:\/\/ilfo.pl\/#organization\",\"name\":\"International Leaders Forum\",\"url\":\"https:\/\/ilfo.pl\/\",\"sameAs\":[],\"logo\":{\"@type\":\"ImageObject\",\"@id\":\"https:\/\/ilfo.pl\/#logo\",\"inLanguage\":\"en-GB\",\"url\":\"https:\/\/ilfo.pl\/wp-content\/uploads\/2020\/05\/logo_ilfo_color.png\",\"width\":933,\"height\":522,\"caption\":\"International Leaders Forum\"},\"image\":{\"@id\":\"https:\/\/ilfo.pl\/#logo\"}},{\"@type\":\"WebSite\",\"@id\":\"https:\/\/ilfo.pl\/#website\",\"url\":\"https:\/\/ilfo.pl\/\",\"name\":\"ILFO\",\"description\":\"International Leaders Forum\",\"publisher\":{\"@id\":\"https:\/\/ilfo.pl\/#organization\"},\"potentialAction\":[{\"@type\":\"SearchAction\",\"target\":\"https:\/\/ilfo.pl\/?s={search_term_string}\",\"query-input\":\"required name=search_term_string\"}],\"inLanguage\":\"en-GB\"},{\"@type\":\"WebPage\",\"@id\":\"https:\/\/ilfo.pl\/program-mentoringowy-ilfo\/co-to-jest\/#webpage\",\"url\":\"https:\/\/ilfo.pl\/program-mentoringowy-ilfo\/co-to-jest\/\",\"name\":\"Co to jest? - ILFO\",\"isPartOf\":{\"@id\":\"https:\/\/ilfo.pl\/#website\"},\"datePublished\":\"2022-05-10T10:50:04+00:00\",\"dateModified\":\"2022-05-10T11:24:48+00:00\",\"breadcrumb\":{\"@id\":\"https:\/\/ilfo.pl\/program-mentoringowy-ilfo\/co-to-jest\/#breadcrumb\"},\"inLanguage\":\"en-GB\",\"potentialAction\":[{\"@type\":\"ReadAction\",\"target\":[\"https:\/\/ilfo.pl\/program-mentoringowy-ilfo\/co-to-jest\/\"]}]},{\"@type\":\"BreadcrumbList\",\"@id\":\"https:\/\/ilfo.pl\/program-mentoringowy-ilfo\/co-to-jest\/#breadcrumb\",\"itemListElement\":[{\"@type\":\"ListItem\",\"position\":1,\"item\":{\"@type\":\"WebPage\",\"@id\":\"https:\/\/ilfo.pl\/\",\"url\":\"https:\/\/ilfo.pl\/\",\"name\":\"Strona g\\u0142\\u00f3wna\"}},{\"@type\":\"ListItem\",\"position\":2,\"item\":{\"@type\":\"WebPage\",\"@id\":\"https:\/\/ilfo.pl\/program-mentoringowy-ilfo\/\",\"url\":\"https:\/\/ilfo.pl\/program-mentoringowy-ilfo\/\",\"name\":\"Program Mentoringowy ILFO\"}},{\"@type\":\"ListItem\",\"position\":3,\"item\":{\"@type\":\"WebPage\",\"@id\":\"https:\/\/ilfo.pl\/program-mentoringowy-ilfo\/co-to-jest\/\",\"url\":\"https:\/\/ilfo.pl\/program-mentoringowy-ilfo\/co-to-jest\/\",\"name\":\"Co to jest?\"}}]}]}<\/script>\n<!-- \/ Yoast SEO plugin. -->","_links":{"self":[{"href":"https:\/\/ilfo.pl\/en\/wp-json\/wp\/v2\/pages\/1561"}],"collection":[{"href":"https:\/\/ilfo.pl\/en\/wp-json\/wp\/v2\/pages"}],"about":[{"href":"https:\/\/ilfo.pl\/en\/wp-json\/wp\/v2\/types\/page"}],"author":[{"embeddable":true,"href":"https:\/\/ilfo.pl\/en\/wp-json\/wp\/v2\/users\/1"}],"replies":[{"embeddable":true,"href":"https:\/\/ilfo.pl\/en\/wp-json\/wp\/v2\/comments?post=1561"}],"version-history":[{"count":6,"href":"https:\/\/ilfo.pl\/en\/wp-json\/wp\/v2\/pages\/1561\/revisions"}],"predecessor-version":[{"id":1595,"href":"https:\/\/ilfo.pl\/en\/wp-json\/wp\/v2\/pages\/1561\/revisions\/1595"}],"up":[{"embeddable":true,"href":"https:\/\/ilfo.pl\/en\/wp-json\/wp\/v2\/pages\/1560"}],"wp:attachment":[{"href":"https:\/\/ilfo.pl\/en\/wp-json\/wp\/v2\/media?parent=1561"}],"curies":[{"name":"wp","href":"https:\/\/api.w.org\/{rel}","templated":true}]}}