{"id":1565,"date":"2022-05-10T10:54:24","date_gmt":"2022-05-10T10:54:24","guid":{"rendered":"https:\/\/ilfo.pl\/?page_id=1565"},"modified":"2022-05-10T11:26:24","modified_gmt":"2022-05-10T11:26:24","slug":"dla-kogo-korzysci-dla-mentee","status":"publish","type":"page","link":"https:\/\/ilfo.pl\/en\/program-mentoringowy-ilfo\/dla-kogo-korzysci-dla-mentee\/","title":{"rendered":"Dla kogo? Korzy\u015bci dla Mentee"},"content":{"rendered":"<div class=\"wp-block-columns\">\n<div class=\"wp-block-column\" style=\"flex-basis:66.66%\">\n<div class=\"wp-block-columns\">\n<div class=\"wp-block-column\" style=\"flex-basis:100%\"><\/div>\n<\/div>\n\n\n\n<ol><li><strong>&nbsp;<\/strong>Zapraszamy wszystkich. Nasi Mentee to szczebel zarz\u0105du i dyrektorzy\/managerowie raportuj\u0105cy do zarz\u0105d\u00f3w.&nbsp;<\/li><li>Nasi Mentee mog\u0105 pozyska\u0107 warto\u015bciow\u0105 wiedz\u0119 korzystaj\u0105c z do\u015bwiadczenia Mentora. Mog\u0105 powi\u0119ksza\u0107 swoje kompetencje w okre\u015blonych obszarach, a tak\u017ce budowa\u0107 warto\u015bciowe relacje z innymi managerami i liderami wysokiego szczebla.&nbsp;<\/li><li>Poni\u017cej wskazujemy zaledwie na kilka korzy\u015bci dla Mentee:<ol><li>Relacja z osob\u0105, kt\u00f3ra w uwa\u017cny spos\u00f3b ws\u0142uchuje si\u0119 w twoje frustracje, a tak\u017ce w sukcesy&nbsp;<\/li><li>Rozwijanie umiej\u0119tno\u015bci planowania &#8211; lepsze skupienie si\u0119 na tym, co jest potrzebne do rozwoju zawodowego<\/li><li>Rozwijanie umiej\u0119tno\u015bci uczenia si\u0119 &#8211; poznawanie nowych sposob\u00f3w zdobywania nowych umiej\u0119tno\u015bci&nbsp;<\/li><li>Rozwijanie umiej\u0119tno\u015bci komunikowania si\u0119 &#8211; poprawa zdolno\u015bci wyra\u017cania swoich oczekiwa\u0144, cel\u00f3w i obaw<\/li><li>Pozyskanie wiedzy o tym, jak to jest by\u0107 na (innym) wysokim stanowisku&nbsp;<\/li><li>Zdobycie wiedzy na temat tajnik\u00f3w innej organizacji<\/li><li>Otrzymanie szczerej informacji zwrotnej<\/li><\/ol><\/li><\/ol>\n<\/div>\n\n\n\n<div class=\"wp-block-column\" style=\"flex-basis:33.33%\">\n<h3><a href=\"https:\/\/ilfo.pl\/en\/program-mentoringowy-ilfo\/\">Program Mentoringowy<\/a><\/h3>\n\n\n\n<ol><li><a href=\"https:\/\/ilfo.pl\/en\/program-mentoringowy-ilfo\/co-to-jest\/\">Co to jest?<\/a><\/li><li><a href=\"https:\/\/ilfo.pl\/en\/program-mentoringowy-ilfo\/dla-kogo-korzysci-dla-mentee\/\"><strong>Dla kogo? Korzy\u015bci dla Mentee<\/strong><\/a><\/li><li><a href=\"https:\/\/ilfo.pl\/en\/program-mentoringowy-ilfo\/przez-kogo-korzysci-dla-mentorow\/\">Przez kogo? Korzy\u015bci dla Mentor\u00f3w<\/a><\/li><li><a href=\"https:\/\/ilfo.pl\/en\/program-mentoringowy-ilfo\/jak-pracujemy\/\">Jak pracujemy?<\/a><\/li><li><a href=\"https:\/\/ilfo.pl\/en\/program-mentoringowy-ilfo\/materialy-i-kontakt\/\">Materia\u0142y i kontakt<\/a><\/li><\/ol>\n<\/div>\n<\/div>","protected":false},"excerpt":{"rendered":"<p>&nbsp;Zapraszamy wszystkich. Nasi Mentee to szczebel zarz\u0105du i dyrektorzy\/managerowie raportuj\u0105cy do zarz\u0105d\u00f3w.&nbsp; Nasi Mentee mog\u0105 pozyska\u0107 warto\u015bciow\u0105 wiedz\u0119 korzystaj\u0105c z do\u015bwiadczenia Mentora. Mog\u0105 powi\u0119ksza\u0107 swoje kompetencje w okre\u015blonych obszarach, a tak\u017ce budowa\u0107 warto\u015bciowe relacje z innymi managerami i liderami wysokiego szczebla.&nbsp; Poni\u017cej wskazujemy zaledwie na kilka korzy\u015bci dla Mentee: Relacja z osob\u0105, kt\u00f3ra w uwa\u017cny &#8230; <a title=\"Dla kogo? Korzy\u015bci dla Mentee\" class=\"read-more\" href=\"https:\/\/ilfo.pl\/en\/program-mentoringowy-ilfo\/dla-kogo-korzysci-dla-mentee\/\">Read more<\/a><\/p>","protected":false},"author":1,"featured_media":0,"parent":1560,"menu_order":0,"comment_status":"closed","ping_status":"closed","template":"","meta":[],"yoast_head":"<!-- This site is optimized with the Yoast SEO plugin v15.9.2 - https:\/\/yoast.com\/wordpress\/plugins\/seo\/ -->\n<title>Dla kogo? Korzy\u015bci dla Mentee - ILFO<\/title>\n<meta name=\"robots\" content=\"index, follow, max-snippet:-1, max-image-preview:large, max-video-preview:-1\" \/>\n<link rel=\"canonical\" href=\"https:\/\/ilfo.pl\/en\/program-mentoringowy-ilfo\/dla-kogo-korzysci-dla-mentee\/\" \/>\n<meta property=\"og:locale\" content=\"en_GB\" \/>\n<meta property=\"og:type\" content=\"article\" \/>\n<meta property=\"og:title\" content=\"Dla kogo? Korzy\u015bci dla Mentee - ILFO\" \/>\n<meta property=\"og:description\" content=\"&nbsp;Zapraszamy wszystkich. Nasi Mentee to szczebel zarz\u0105du i dyrektorzy\/managerowie raportuj\u0105cy do zarz\u0105d\u00f3w.&nbsp; Nasi Mentee mog\u0105 pozyska\u0107 warto\u015bciow\u0105 wiedz\u0119 korzystaj\u0105c z do\u015bwiadczenia Mentora. Mog\u0105 powi\u0119ksza\u0107 swoje kompetencje w okre\u015blonych obszarach, a tak\u017ce budowa\u0107 warto\u015bciowe relacje z innymi managerami i liderami wysokiego szczebla.&nbsp; Poni\u017cej wskazujemy zaledwie na kilka korzy\u015bci dla Mentee: Relacja z osob\u0105, kt\u00f3ra w uwa\u017cny ... Read more\" \/>\n<meta property=\"og:url\" content=\"https:\/\/ilfo.pl\/en\/program-mentoringowy-ilfo\/dla-kogo-korzysci-dla-mentee\/\" \/>\n<meta property=\"og:site_name\" content=\"ILFO\" \/>\n<meta property=\"article:modified_time\" content=\"2022-05-10T11:26:24+00:00\" \/>\n<meta name=\"twitter:card\" content=\"summary_large_image\" \/>\n<meta name=\"twitter:label1\" content=\"Estimated reading time\">\n\t<meta name=\"twitter:data1\" content=\"1 minute\">\n<script type=\"application\/ld+json\" class=\"yoast-schema-graph\">{\"@context\":\"https:\/\/schema.org\",\"@graph\":[{\"@type\":\"Organization\",\"@id\":\"https:\/\/ilfo.pl\/#organization\",\"name\":\"International Leaders Forum\",\"url\":\"https:\/\/ilfo.pl\/\",\"sameAs\":[],\"logo\":{\"@type\":\"ImageObject\",\"@id\":\"https:\/\/ilfo.pl\/#logo\",\"inLanguage\":\"en-GB\",\"url\":\"https:\/\/ilfo.pl\/wp-content\/uploads\/2020\/05\/logo_ilfo_color.png\",\"width\":933,\"height\":522,\"caption\":\"International Leaders Forum\"},\"image\":{\"@id\":\"https:\/\/ilfo.pl\/#logo\"}},{\"@type\":\"WebSite\",\"@id\":\"https:\/\/ilfo.pl\/#website\",\"url\":\"https:\/\/ilfo.pl\/\",\"name\":\"ILFO\",\"description\":\"International Leaders Forum\",\"publisher\":{\"@id\":\"https:\/\/ilfo.pl\/#organization\"},\"potentialAction\":[{\"@type\":\"SearchAction\",\"target\":\"https:\/\/ilfo.pl\/?s={search_term_string}\",\"query-input\":\"required name=search_term_string\"}],\"inLanguage\":\"en-GB\"},{\"@type\":\"WebPage\",\"@id\":\"https:\/\/ilfo.pl\/program-mentoringowy-ilfo\/dla-kogo-korzysci-dla-mentee\/#webpage\",\"url\":\"https:\/\/ilfo.pl\/program-mentoringowy-ilfo\/dla-kogo-korzysci-dla-mentee\/\",\"name\":\"Dla kogo? Korzy\\u015bci dla Mentee - ILFO\",\"isPartOf\":{\"@id\":\"https:\/\/ilfo.pl\/#website\"},\"datePublished\":\"2022-05-10T10:54:24+00:00\",\"dateModified\":\"2022-05-10T11:26:24+00:00\",\"breadcrumb\":{\"@id\":\"https:\/\/ilfo.pl\/program-mentoringowy-ilfo\/dla-kogo-korzysci-dla-mentee\/#breadcrumb\"},\"inLanguage\":\"en-GB\",\"potentialAction\":[{\"@type\":\"ReadAction\",\"target\":[\"https:\/\/ilfo.pl\/program-mentoringowy-ilfo\/dla-kogo-korzysci-dla-mentee\/\"]}]},{\"@type\":\"BreadcrumbList\",\"@id\":\"https:\/\/ilfo.pl\/program-mentoringowy-ilfo\/dla-kogo-korzysci-dla-mentee\/#breadcrumb\",\"itemListElement\":[{\"@type\":\"ListItem\",\"position\":1,\"item\":{\"@type\":\"WebPage\",\"@id\":\"https:\/\/ilfo.pl\/\",\"url\":\"https:\/\/ilfo.pl\/\",\"name\":\"Strona g\\u0142\\u00f3wna\"}},{\"@type\":\"ListItem\",\"position\":2,\"item\":{\"@type\":\"WebPage\",\"@id\":\"https:\/\/ilfo.pl\/program-mentoringowy-ilfo\/\",\"url\":\"https:\/\/ilfo.pl\/program-mentoringowy-ilfo\/\",\"name\":\"Program Mentoringowy ILFO\"}},{\"@type\":\"ListItem\",\"position\":3,\"item\":{\"@type\":\"WebPage\",\"@id\":\"https:\/\/ilfo.pl\/program-mentoringowy-ilfo\/dla-kogo-korzysci-dla-mentee\/\",\"url\":\"https:\/\/ilfo.pl\/program-mentoringowy-ilfo\/dla-kogo-korzysci-dla-mentee\/\",\"name\":\"Dla kogo? Korzy\\u015bci dla Mentee\"}}]}]}<\/script>\n<!-- \/ Yoast SEO plugin. -->","_links":{"self":[{"href":"https:\/\/ilfo.pl\/en\/wp-json\/wp\/v2\/pages\/1565"}],"collection":[{"href":"https:\/\/ilfo.pl\/en\/wp-json\/wp\/v2\/pages"}],"about":[{"href":"https:\/\/ilfo.pl\/en\/wp-json\/wp\/v2\/types\/page"}],"author":[{"embeddable":true,"href":"https:\/\/ilfo.pl\/en\/wp-json\/wp\/v2\/users\/1"}],"replies":[{"embeddable":true,"href":"https:\/\/ilfo.pl\/en\/wp-json\/wp\/v2\/comments?post=1565"}],"version-history":[{"count":3,"href":"https:\/\/ilfo.pl\/en\/wp-json\/wp\/v2\/pages\/1565\/revisions"}],"predecessor-version":[{"id":1596,"href":"https:\/\/ilfo.pl\/en\/wp-json\/wp\/v2\/pages\/1565\/revisions\/1596"}],"up":[{"embeddable":true,"href":"https:\/\/ilfo.pl\/en\/wp-json\/wp\/v2\/pages\/1560"}],"wp:attachment":[{"href":"https:\/\/ilfo.pl\/en\/wp-json\/wp\/v2\/media?parent=1565"}],"curies":[{"name":"wp","href":"https:\/\/api.w.org\/{rel}","templated":true}]}}