{"id":1567,"date":"2022-05-10T10:56:40","date_gmt":"2022-05-10T10:56:40","guid":{"rendered":"https:\/\/ilfo.pl\/?page_id=1567"},"modified":"2022-05-10T11:27:20","modified_gmt":"2022-05-10T11:27:20","slug":"przez-kogo-korzysci-dla-mentorow","status":"publish","type":"page","link":"https:\/\/ilfo.pl\/en\/program-mentoringowy-ilfo\/przez-kogo-korzysci-dla-mentorow\/","title":{"rendered":"Przez kogo? Korzy\u015bci dla Mentor\u00f3w"},"content":{"rendered":"<div class=\"wp-block-columns\">\n<div class=\"wp-block-column\" style=\"flex-basis:66.66%\">\n<ol><li><span style=\"font-size: inherit; background-color: initial;\">Nasi mentorzy to do\u015bwiadczeni managerowie i liderzy. To cz\u0142onkowie ILFO, kt\u00f3rzy przez ostatnie lata.&nbsp;<\/span><\/li><li>Statystyka mentor\u00f3w (tutaj dobrze by\u0142oby pokaza\u0107 informacje o naszych mentorach w formie tabelarycznej\/statystycznej, je\u015bli b\u0119dzie ich wielu, lub pokaza\u0107 profile mentor\u00f3w wraz z ich opisem) DO DECYZJI&nbsp;<ol><li>Lata do\u015bwiadczenia<\/li><li>Obszary ekspercko\u015bci &nbsp;<\/li><li>Pozycja (CEO\/ZARZAD(WLASCICIELE)\/DYREKTORZY)<\/li><\/ol><\/li><li>Mentor mo\u017ce dokona\u0107 przegl\u0105du swoich osi\u0105gni\u0119\u0107 i wyzwa\u0144, aby przypomnie\u0107 sobie o zdobytych do\u015bwiadczeniach. Dziel\u0105c si\u0119 swoj\u0105 wiedz\u0105, mentor pozostawia po sobie spu\u015bcizn\u0119 i kieruje \u015bcie\u017ck\u0105 kariery innej osoby. Daje to r\u00f3wnie\u017c mo\u017cliwo\u015b\u0107 przeanalizowania i ponownego okre\u015blenia w\u0142asnych cel\u00f3w zawodowych.<\/li><li>Poni\u017cej wskazujemy zaledwie na kilka korzy\u015bci dla Mentor\u00f3w:<ol><li>Osobista satysfakcja z pomagania komu\u015b w rozwoju zawodowym<\/li><li>Uczenie si\u0119 od Mentee&nbsp;<\/li><li>Budowanie nowych relacji<\/li><li>Rozwijanie swoich umiej\u0119tno\u015bci jako nauczyciela &#8211; pomaganie komu\u015b w sprecyzowaniu jego cel\u00f3w zawodowych<\/li><li>Rozwijanie umiej\u0119tno\u015bci bycia przewodnikiem &#8211; pomaganie komu\u015b w poruszaniu si\u0119 w realiach innej organizacji<\/li><li>Rozwijanie swoich umiej\u0119tno\u015bci jako doradcy &#8211; pomaganie komu\u015b w znalezieniu jego mocnych i s\u0142abych stron<\/li><li>Zdobycie uznania jako Mentora&nbsp;<\/li><li>viii.Inwestowanie w przysz\u0142e korzy\u015bci<\/li><\/ol><\/li><\/ol>\n<\/div>\n\n\n\n<div class=\"wp-block-column\" style=\"flex-basis:33.33%\">\n<h3><a href=\"https:\/\/ilfo.pl\/en\/program-mentoringowy-ilfo\/\">Program Mentoringowy<\/a><\/h3>\n\n\n\n<ol><li><a href=\"https:\/\/ilfo.pl\/en\/program-mentoringowy-ilfo\/co-to-jest\/\">Co to jest?<\/a><\/li><li><a href=\"https:\/\/ilfo.pl\/en\/program-mentoringowy-ilfo\/dla-kogo-korzysci-dla-mentee\/\">Dla kogo? Korzy\u015bci dla Mentee<\/a><\/li><li><a href=\"https:\/\/ilfo.pl\/en\/program-mentoringowy-ilfo\/przez-kogo-korzysci-dla-mentorow\/\"><strong>Przez kogo? Korzy\u015bci dla Mentor\u00f3w<\/strong><\/a><\/li><li><a href=\"https:\/\/ilfo.pl\/en\/program-mentoringowy-ilfo\/jak-pracujemy\/\">Jak pracujemy?<\/a><\/li><li><a href=\"https:\/\/ilfo.pl\/en\/program-mentoringowy-ilfo\/materialy-i-kontakt\/\">Materia\u0142y i kontakt<\/a><\/li><\/ol>\n<\/div>\n<\/div>","protected":false},"excerpt":{"rendered":"<p>Nasi mentorzy to do\u015bwiadczeni managerowie i liderzy. To cz\u0142onkowie ILFO, kt\u00f3rzy przez ostatnie lata.&nbsp; Statystyka mentor\u00f3w (tutaj dobrze by\u0142oby pokaza\u0107 informacje o naszych mentorach w formie tabelarycznej\/statystycznej, je\u015bli b\u0119dzie ich wielu, lub pokaza\u0107 profile mentor\u00f3w wraz z ich opisem) DO DECYZJI&nbsp; Lata do\u015bwiadczenia Obszary ekspercko\u015bci &nbsp; Pozycja (CEO\/ZARZAD(WLASCICIELE)\/DYREKTORZY) Mentor mo\u017ce dokona\u0107 przegl\u0105du swoich osi\u0105gni\u0119\u0107 i &#8230; <a title=\"Przez kogo? Korzy\u015bci dla Mentor\u00f3w\" class=\"read-more\" href=\"https:\/\/ilfo.pl\/en\/program-mentoringowy-ilfo\/przez-kogo-korzysci-dla-mentorow\/\">Read more<\/a><\/p>","protected":false},"author":1,"featured_media":0,"parent":1560,"menu_order":0,"comment_status":"closed","ping_status":"closed","template":"","meta":[],"yoast_head":"<!-- This site is optimized with the Yoast SEO plugin v15.9.2 - https:\/\/yoast.com\/wordpress\/plugins\/seo\/ -->\n<title>Przez kogo? Korzy\u015bci dla Mentor\u00f3w - ILFO<\/title>\n<meta name=\"robots\" content=\"index, follow, max-snippet:-1, max-image-preview:large, max-video-preview:-1\" \/>\n<link rel=\"canonical\" href=\"https:\/\/ilfo.pl\/en\/program-mentoringowy-ilfo\/przez-kogo-korzysci-dla-mentorow\/\" \/>\n<meta property=\"og:locale\" content=\"en_GB\" \/>\n<meta property=\"og:type\" content=\"article\" \/>\n<meta property=\"og:title\" content=\"Przez kogo? Korzy\u015bci dla Mentor\u00f3w - ILFO\" \/>\n<meta property=\"og:description\" content=\"Nasi mentorzy to do\u015bwiadczeni managerowie i liderzy. To cz\u0142onkowie ILFO, kt\u00f3rzy przez ostatnie lata.&nbsp; Statystyka mentor\u00f3w (tutaj dobrze by\u0142oby pokaza\u0107 informacje o naszych mentorach w formie tabelarycznej\/statystycznej, je\u015bli b\u0119dzie ich wielu, lub pokaza\u0107 profile mentor\u00f3w wraz z ich opisem) DO DECYZJI&nbsp; Lata do\u015bwiadczenia Obszary ekspercko\u015bci &nbsp; Pozycja (CEO\/ZARZAD(WLASCICIELE)\/DYREKTORZY) Mentor mo\u017ce dokona\u0107 przegl\u0105du swoich osi\u0105gni\u0119\u0107 i ... Read more\" \/>\n<meta property=\"og:url\" content=\"https:\/\/ilfo.pl\/en\/program-mentoringowy-ilfo\/przez-kogo-korzysci-dla-mentorow\/\" \/>\n<meta property=\"og:site_name\" content=\"ILFO\" \/>\n<meta property=\"article:modified_time\" content=\"2022-05-10T11:27:20+00:00\" \/>\n<meta name=\"twitter:card\" content=\"summary_large_image\" \/>\n<meta name=\"twitter:label1\" content=\"Estimated reading time\">\n\t<meta name=\"twitter:data1\" content=\"1 minute\">\n<script type=\"application\/ld+json\" class=\"yoast-schema-graph\">{\"@context\":\"https:\/\/schema.org\",\"@graph\":[{\"@type\":\"Organization\",\"@id\":\"https:\/\/ilfo.pl\/#organization\",\"name\":\"International Leaders Forum\",\"url\":\"https:\/\/ilfo.pl\/\",\"sameAs\":[],\"logo\":{\"@type\":\"ImageObject\",\"@id\":\"https:\/\/ilfo.pl\/#logo\",\"inLanguage\":\"en-GB\",\"url\":\"https:\/\/ilfo.pl\/wp-content\/uploads\/2020\/05\/logo_ilfo_color.png\",\"width\":933,\"height\":522,\"caption\":\"International Leaders Forum\"},\"image\":{\"@id\":\"https:\/\/ilfo.pl\/#logo\"}},{\"@type\":\"WebSite\",\"@id\":\"https:\/\/ilfo.pl\/#website\",\"url\":\"https:\/\/ilfo.pl\/\",\"name\":\"ILFO\",\"description\":\"International Leaders Forum\",\"publisher\":{\"@id\":\"https:\/\/ilfo.pl\/#organization\"},\"potentialAction\":[{\"@type\":\"SearchAction\",\"target\":\"https:\/\/ilfo.pl\/?s={search_term_string}\",\"query-input\":\"required name=search_term_string\"}],\"inLanguage\":\"en-GB\"},{\"@type\":\"WebPage\",\"@id\":\"https:\/\/ilfo.pl\/program-mentoringowy-ilfo\/przez-kogo-korzysci-dla-mentorow\/#webpage\",\"url\":\"https:\/\/ilfo.pl\/program-mentoringowy-ilfo\/przez-kogo-korzysci-dla-mentorow\/\",\"name\":\"Przez kogo? Korzy\\u015bci dla Mentor\\u00f3w - ILFO\",\"isPartOf\":{\"@id\":\"https:\/\/ilfo.pl\/#website\"},\"datePublished\":\"2022-05-10T10:56:40+00:00\",\"dateModified\":\"2022-05-10T11:27:20+00:00\",\"breadcrumb\":{\"@id\":\"https:\/\/ilfo.pl\/program-mentoringowy-ilfo\/przez-kogo-korzysci-dla-mentorow\/#breadcrumb\"},\"inLanguage\":\"en-GB\",\"potentialAction\":[{\"@type\":\"ReadAction\",\"target\":[\"https:\/\/ilfo.pl\/program-mentoringowy-ilfo\/przez-kogo-korzysci-dla-mentorow\/\"]}]},{\"@type\":\"BreadcrumbList\",\"@id\":\"https:\/\/ilfo.pl\/program-mentoringowy-ilfo\/przez-kogo-korzysci-dla-mentorow\/#breadcrumb\",\"itemListElement\":[{\"@type\":\"ListItem\",\"position\":1,\"item\":{\"@type\":\"WebPage\",\"@id\":\"https:\/\/ilfo.pl\/\",\"url\":\"https:\/\/ilfo.pl\/\",\"name\":\"Strona g\\u0142\\u00f3wna\"}},{\"@type\":\"ListItem\",\"position\":2,\"item\":{\"@type\":\"WebPage\",\"@id\":\"https:\/\/ilfo.pl\/program-mentoringowy-ilfo\/\",\"url\":\"https:\/\/ilfo.pl\/program-mentoringowy-ilfo\/\",\"name\":\"Program Mentoringowy ILFO\"}},{\"@type\":\"ListItem\",\"position\":3,\"item\":{\"@type\":\"WebPage\",\"@id\":\"https:\/\/ilfo.pl\/program-mentoringowy-ilfo\/przez-kogo-korzysci-dla-mentorow\/\",\"url\":\"https:\/\/ilfo.pl\/program-mentoringowy-ilfo\/przez-kogo-korzysci-dla-mentorow\/\",\"name\":\"Przez kogo? Korzy\\u015bci dla Mentor\\u00f3w\"}}]}]}<\/script>\n<!-- \/ Yoast SEO plugin. -->","_links":{"self":[{"href":"https:\/\/ilfo.pl\/en\/wp-json\/wp\/v2\/pages\/1567"}],"collection":[{"href":"https:\/\/ilfo.pl\/en\/wp-json\/wp\/v2\/pages"}],"about":[{"href":"https:\/\/ilfo.pl\/en\/wp-json\/wp\/v2\/types\/page"}],"author":[{"embeddable":true,"href":"https:\/\/ilfo.pl\/en\/wp-json\/wp\/v2\/users\/1"}],"replies":[{"embeddable":true,"href":"https:\/\/ilfo.pl\/en\/wp-json\/wp\/v2\/comments?post=1567"}],"version-history":[{"count":4,"href":"https:\/\/ilfo.pl\/en\/wp-json\/wp\/v2\/pages\/1567\/revisions"}],"predecessor-version":[{"id":1597,"href":"https:\/\/ilfo.pl\/en\/wp-json\/wp\/v2\/pages\/1567\/revisions\/1597"}],"up":[{"embeddable":true,"href":"https:\/\/ilfo.pl\/en\/wp-json\/wp\/v2\/pages\/1560"}],"wp:attachment":[{"href":"https:\/\/ilfo.pl\/en\/wp-json\/wp\/v2\/media?parent=1567"}],"curies":[{"name":"wp","href":"https:\/\/api.w.org\/{rel}","templated":true}]}}