{"id":1569,"date":"2022-05-10T11:03:00","date_gmt":"2022-05-10T11:03:00","guid":{"rendered":"https:\/\/ilfo.pl\/?page_id=1569"},"modified":"2022-05-10T11:28:06","modified_gmt":"2022-05-10T11:28:06","slug":"jak-pracujemy","status":"publish","type":"page","link":"https:\/\/ilfo.pl\/en\/program-mentoringowy-ilfo\/jak-pracujemy\/","title":{"rendered":"Jak pracujemy?"},"content":{"rendered":"<div class=\"wp-block-columns\">\n<div class=\"wp-block-column\" style=\"flex-basis:66.66%\">\n<ol><li>Mentoring sessions 1+3+3<ol><li>Sesje trwaj\u0105 75 minut&nbsp;<\/li><li>1 sesja zapoznawcza, 3+3 sesje (w zale\u017cno\u015bci od potrzeb i ustale\u0144) na osi\u0105gni\u0119cie ustalonego celu&nbsp;<\/li><\/ol><\/li><li>Speed Mentoring&nbsp;<ol><li>Sesja trwa 75-90 minut&nbsp;<\/li><li>1 sesja na rozwi\u0105zanie bie\u017c\u0105cego problemu lub wyzwania&nbsp;<\/li><\/ol><\/li><li>Group knowlegde sessions&nbsp;<ol><li>Sesja trwa 75-90 minut&nbsp;<\/li><li>1 zaplanowane spotkanie grupowe maj\u0105ce na celu rozwi\u0105zanie problemu, bie\u017c\u0105cego wyzwania w organizacji.&nbsp;<\/li><\/ol><\/li><\/ol>\n<\/div>\n\n\n\n<div class=\"wp-block-column\" style=\"flex-basis:33.33%\">\n<h3><a href=\"https:\/\/ilfo.pl\/en\/program-mentoringowy-ilfo\/\">Program Mentoringowy<\/a><\/h3>\n\n\n\n<ol><li><a href=\"https:\/\/ilfo.pl\/en\/program-mentoringowy-ilfo\/co-to-jest\/\">Co to jest?<\/a><\/li><li><a href=\"https:\/\/ilfo.pl\/en\/program-mentoringowy-ilfo\/dla-kogo-korzysci-dla-mentee\/\">Dla kogo? Korzy\u015bci dla Mentee<\/a><\/li><li><a href=\"https:\/\/ilfo.pl\/en\/program-mentoringowy-ilfo\/przez-kogo-korzysci-dla-mentorow\/\">Przez kogo? Korzy\u015bci dla Mentor\u00f3w<\/a><\/li><li><a href=\"https:\/\/ilfo.pl\/en\/program-mentoringowy-ilfo\/jak-pracujemy\/\"><strong>Jak pracujemy?<\/strong><\/a><\/li><li><a href=\"https:\/\/ilfo.pl\/en\/program-mentoringowy-ilfo\/materialy-i-kontakt\/\">Materia\u0142y i kontakt<\/a><\/li><\/ol>\n<\/div>\n<\/div>\n\n\n\n<p><\/p>","protected":false},"excerpt":{"rendered":"<p>Mentoring sessions 1+3+3 Sesje trwaj\u0105 75 minut&nbsp; 1 sesja zapoznawcza, 3+3 sesje (w zale\u017cno\u015bci od potrzeb i ustale\u0144) na osi\u0105gni\u0119cie ustalonego celu&nbsp; Speed Mentoring&nbsp; Sesja trwa 75-90 minut&nbsp; 1 sesja na rozwi\u0105zanie bie\u017c\u0105cego problemu lub wyzwania&nbsp; Group knowlegde sessions&nbsp; Sesja trwa 75-90 minut&nbsp; 1 zaplanowane spotkanie grupowe maj\u0105ce na celu rozwi\u0105zanie problemu, bie\u017c\u0105cego wyzwania w &#8230; <a title=\"Jak pracujemy?\" class=\"read-more\" href=\"https:\/\/ilfo.pl\/en\/program-mentoringowy-ilfo\/jak-pracujemy\/\">Read more<\/a><\/p>","protected":false},"author":1,"featured_media":0,"parent":1560,"menu_order":0,"comment_status":"closed","ping_status":"closed","template":"","meta":[],"yoast_head":"<!-- This site is optimized with the Yoast SEO plugin v15.9.2 - https:\/\/yoast.com\/wordpress\/plugins\/seo\/ -->\n<title>Jak pracujemy? - ILFO<\/title>\n<meta name=\"robots\" content=\"index, follow, max-snippet:-1, max-image-preview:large, max-video-preview:-1\" \/>\n<link rel=\"canonical\" href=\"https:\/\/ilfo.pl\/en\/program-mentoringowy-ilfo\/jak-pracujemy\/\" \/>\n<meta property=\"og:locale\" content=\"en_GB\" \/>\n<meta property=\"og:type\" content=\"article\" \/>\n<meta property=\"og:title\" content=\"Jak pracujemy? - ILFO\" \/>\n<meta property=\"og:description\" content=\"Mentoring sessions 1+3+3 Sesje trwaj\u0105 75 minut&nbsp; 1 sesja zapoznawcza, 3+3 sesje (w zale\u017cno\u015bci od potrzeb i ustale\u0144) na osi\u0105gni\u0119cie ustalonego celu&nbsp; Speed Mentoring&nbsp; Sesja trwa 75-90 minut&nbsp; 1 sesja na rozwi\u0105zanie bie\u017c\u0105cego problemu lub wyzwania&nbsp; Group knowlegde sessions&nbsp; Sesja trwa 75-90 minut&nbsp; 1 zaplanowane spotkanie grupowe maj\u0105ce na celu rozwi\u0105zanie problemu, bie\u017c\u0105cego wyzwania w ... Read more\" \/>\n<meta property=\"og:url\" content=\"https:\/\/ilfo.pl\/en\/program-mentoringowy-ilfo\/jak-pracujemy\/\" \/>\n<meta property=\"og:site_name\" content=\"ILFO\" \/>\n<meta property=\"article:modified_time\" content=\"2022-05-10T11:28:06+00:00\" \/>\n<meta name=\"twitter:card\" content=\"summary_large_image\" \/>\n<meta name=\"twitter:label1\" content=\"Estimated reading time\">\n\t<meta name=\"twitter:data1\" content=\"1 minute\">\n<script type=\"application\/ld+json\" class=\"yoast-schema-graph\">{\"@context\":\"https:\/\/schema.org\",\"@graph\":[{\"@type\":\"Organization\",\"@id\":\"https:\/\/ilfo.pl\/#organization\",\"name\":\"International Leaders Forum\",\"url\":\"https:\/\/ilfo.pl\/\",\"sameAs\":[],\"logo\":{\"@type\":\"ImageObject\",\"@id\":\"https:\/\/ilfo.pl\/#logo\",\"inLanguage\":\"en-GB\",\"url\":\"https:\/\/ilfo.pl\/wp-content\/uploads\/2020\/05\/logo_ilfo_color.png\",\"width\":933,\"height\":522,\"caption\":\"International Leaders Forum\"},\"image\":{\"@id\":\"https:\/\/ilfo.pl\/#logo\"}},{\"@type\":\"WebSite\",\"@id\":\"https:\/\/ilfo.pl\/#website\",\"url\":\"https:\/\/ilfo.pl\/\",\"name\":\"ILFO\",\"description\":\"International Leaders Forum\",\"publisher\":{\"@id\":\"https:\/\/ilfo.pl\/#organization\"},\"potentialAction\":[{\"@type\":\"SearchAction\",\"target\":\"https:\/\/ilfo.pl\/?s={search_term_string}\",\"query-input\":\"required name=search_term_string\"}],\"inLanguage\":\"en-GB\"},{\"@type\":\"WebPage\",\"@id\":\"https:\/\/ilfo.pl\/program-mentoringowy-ilfo\/jak-pracujemy\/#webpage\",\"url\":\"https:\/\/ilfo.pl\/program-mentoringowy-ilfo\/jak-pracujemy\/\",\"name\":\"Jak pracujemy? - ILFO\",\"isPartOf\":{\"@id\":\"https:\/\/ilfo.pl\/#website\"},\"datePublished\":\"2022-05-10T11:03:00+00:00\",\"dateModified\":\"2022-05-10T11:28:06+00:00\",\"breadcrumb\":{\"@id\":\"https:\/\/ilfo.pl\/program-mentoringowy-ilfo\/jak-pracujemy\/#breadcrumb\"},\"inLanguage\":\"en-GB\",\"potentialAction\":[{\"@type\":\"ReadAction\",\"target\":[\"https:\/\/ilfo.pl\/program-mentoringowy-ilfo\/jak-pracujemy\/\"]}]},{\"@type\":\"BreadcrumbList\",\"@id\":\"https:\/\/ilfo.pl\/program-mentoringowy-ilfo\/jak-pracujemy\/#breadcrumb\",\"itemListElement\":[{\"@type\":\"ListItem\",\"position\":1,\"item\":{\"@type\":\"WebPage\",\"@id\":\"https:\/\/ilfo.pl\/\",\"url\":\"https:\/\/ilfo.pl\/\",\"name\":\"Strona g\\u0142\\u00f3wna\"}},{\"@type\":\"ListItem\",\"position\":2,\"item\":{\"@type\":\"WebPage\",\"@id\":\"https:\/\/ilfo.pl\/program-mentoringowy-ilfo\/\",\"url\":\"https:\/\/ilfo.pl\/program-mentoringowy-ilfo\/\",\"name\":\"Program Mentoringowy ILFO\"}},{\"@type\":\"ListItem\",\"position\":3,\"item\":{\"@type\":\"WebPage\",\"@id\":\"https:\/\/ilfo.pl\/program-mentoringowy-ilfo\/jak-pracujemy\/\",\"url\":\"https:\/\/ilfo.pl\/program-mentoringowy-ilfo\/jak-pracujemy\/\",\"name\":\"Jak pracujemy?\"}}]}]}<\/script>\n<!-- \/ Yoast SEO plugin. -->","_links":{"self":[{"href":"https:\/\/ilfo.pl\/en\/wp-json\/wp\/v2\/pages\/1569"}],"collection":[{"href":"https:\/\/ilfo.pl\/en\/wp-json\/wp\/v2\/pages"}],"about":[{"href":"https:\/\/ilfo.pl\/en\/wp-json\/wp\/v2\/types\/page"}],"author":[{"embeddable":true,"href":"https:\/\/ilfo.pl\/en\/wp-json\/wp\/v2\/users\/1"}],"replies":[{"embeddable":true,"href":"https:\/\/ilfo.pl\/en\/wp-json\/wp\/v2\/comments?post=1569"}],"version-history":[{"count":4,"href":"https:\/\/ilfo.pl\/en\/wp-json\/wp\/v2\/pages\/1569\/revisions"}],"predecessor-version":[{"id":1598,"href":"https:\/\/ilfo.pl\/en\/wp-json\/wp\/v2\/pages\/1569\/revisions\/1598"}],"up":[{"embeddable":true,"href":"https:\/\/ilfo.pl\/en\/wp-json\/wp\/v2\/pages\/1560"}],"wp:attachment":[{"href":"https:\/\/ilfo.pl\/en\/wp-json\/wp\/v2\/media?parent=1569"}],"curies":[{"name":"wp","href":"https:\/\/api.w.org\/{rel}","templated":true}]}}