{"id":1571,"date":"2022-05-10T11:04:42","date_gmt":"2022-05-10T11:04:42","guid":{"rendered":"https:\/\/ilfo.pl\/?page_id=1571"},"modified":"2022-05-10T11:28:50","modified_gmt":"2022-05-10T11:28:50","slug":"materialy-i-kontakt","status":"publish","type":"page","link":"https:\/\/ilfo.pl\/en\/program-mentoringowy-ilfo\/materialy-i-kontakt\/","title":{"rendered":"Materia\u0142y i kontakt"},"content":{"rendered":"<div class=\"wp-block-columns\">\n<div class=\"wp-block-column\" style=\"flex-basis:66.66%\">\n<ol><li>Formularz dla Mentora POL <a href=\"https:\/\/ilfo.pl\/wp-content\/uploads\/2022\/05\/Mentor-application.docx\" target=\"_blank\" rel=\"noreferrer noopener\">ANG<\/a><\/li><li>Formularz dla Mentee POL <a href=\"https:\/\/ilfo.pl\/wp-content\/uploads\/2022\/05\/Mentee-application-Information-inquiry.docx\" target=\"_blank\" rel=\"noreferrer noopener\">ANG<\/a><\/li><li>INFO I REGULAMIN POL ANG&nbsp;<\/li><li><a href=\"https:\/\/ilfo.pl\/en\/contact\/\">Contact&nbsp;<\/a><\/li><\/ol>\n<\/div>\n\n\n\n<div class=\"wp-block-column\" style=\"flex-basis:33.33%\">\n<h3><a href=\"https:\/\/ilfo.pl\/en\/program-mentoringowy-ilfo\/\">Program Mentoringowy<\/a><\/h3>\n\n\n\n<ol><li><a href=\"https:\/\/ilfo.pl\/en\/program-mentoringowy-ilfo\/co-to-jest\/\">Co to jest<\/a><\/li><li><a href=\"https:\/\/ilfo.pl\/en\/program-mentoringowy-ilfo\/dla-kogo-korzysci-dla-mentee\/\">Dla kogo? Korzy\u015bci dla Mentee<\/a><\/li><li><a href=\"https:\/\/ilfo.pl\/en\/program-mentoringowy-ilfo\/przez-kogo-korzysci-dla-mentorow\/\">Przez kogo? Korzy\u015bci dla Mentor\u00f3w<\/a><\/li><li><a href=\"https:\/\/ilfo.pl\/en\/program-mentoringowy-ilfo\/jak-pracujemy\/\">Jak pracujemy?<\/a><\/li><li><a href=\"https:\/\/ilfo.pl\/en\/program-mentoringowy-ilfo\/materialy-i-kontakt\/\"><strong>Materia\u0142y i kontakt<\/strong><\/a><\/li><\/ol>\n<\/div>\n<\/div>\n\n\n<a href=\"https:\/\/ilfo.pl\/wp-content\/uploads\/2022\/05\/Prezentacja-mentoring-ILFO.pdf\" class=\"pdfemb-viewer\" style=\"\" data-width=\"max\" data-height=\"max\"  data-toolbar=\"bottom\" data-toolbar-fixed=\"off\">Prezentacja-mentoring-ILFO<br\/><\/a>\n<p class=\"wp-block-pdfemb-pdf-embedder-viewer\"><\/p>","protected":false},"excerpt":{"rendered":"<p>Formularz dla Mentora POL ANG Formularz dla Mentee POL ANG INFO I REGULAMIN POL ANG&nbsp; Kontakt&nbsp; Program Mentoringowy Co to jest Dla kogo? Korzy\u015bci dla Mentee Przez kogo? Korzy\u015bci dla Mentor\u00f3w Jak pracujemy? Materia\u0142y i kontakt<\/p>","protected":false},"author":1,"featured_media":0,"parent":1560,"menu_order":0,"comment_status":"closed","ping_status":"closed","template":"","meta":[],"yoast_head":"<!-- This site is optimized with the Yoast SEO plugin v15.9.2 - https:\/\/yoast.com\/wordpress\/plugins\/seo\/ -->\n<title>Materia\u0142y i kontakt - ILFO<\/title>\n<meta name=\"robots\" content=\"index, follow, max-snippet:-1, max-image-preview:large, max-video-preview:-1\" \/>\n<link rel=\"canonical\" href=\"https:\/\/ilfo.pl\/en\/program-mentoringowy-ilfo\/materialy-i-kontakt\/\" \/>\n<meta property=\"og:locale\" content=\"en_GB\" \/>\n<meta property=\"og:type\" content=\"article\" \/>\n<meta property=\"og:title\" content=\"Materia\u0142y i kontakt - ILFO\" \/>\n<meta property=\"og:description\" content=\"Formularz dla Mentora POL ANG Formularz dla Mentee POL ANG INFO I REGULAMIN POL ANG&nbsp; Kontakt&nbsp; Program Mentoringowy Co to jest Dla kogo? Korzy\u015bci dla Mentee Przez kogo? Korzy\u015bci dla Mentor\u00f3w Jak pracujemy? Materia\u0142y i kontakt\" \/>\n<meta property=\"og:url\" content=\"https:\/\/ilfo.pl\/en\/program-mentoringowy-ilfo\/materialy-i-kontakt\/\" \/>\n<meta property=\"og:site_name\" content=\"ILFO\" \/>\n<meta property=\"article:modified_time\" content=\"2022-05-10T11:28:50+00:00\" \/>\n<meta name=\"twitter:card\" content=\"summary_large_image\" \/>\n<meta name=\"twitter:label1\" content=\"Estimated reading time\">\n\t<meta name=\"twitter:data1\" content=\"1 minute\">\n<script type=\"application\/ld+json\" class=\"yoast-schema-graph\">{\"@context\":\"https:\/\/schema.org\",\"@graph\":[{\"@type\":\"Organization\",\"@id\":\"https:\/\/ilfo.pl\/#organization\",\"name\":\"International Leaders Forum\",\"url\":\"https:\/\/ilfo.pl\/\",\"sameAs\":[],\"logo\":{\"@type\":\"ImageObject\",\"@id\":\"https:\/\/ilfo.pl\/#logo\",\"inLanguage\":\"en-GB\",\"url\":\"https:\/\/ilfo.pl\/wp-content\/uploads\/2020\/05\/logo_ilfo_color.png\",\"width\":933,\"height\":522,\"caption\":\"International Leaders Forum\"},\"image\":{\"@id\":\"https:\/\/ilfo.pl\/#logo\"}},{\"@type\":\"WebSite\",\"@id\":\"https:\/\/ilfo.pl\/#website\",\"url\":\"https:\/\/ilfo.pl\/\",\"name\":\"ILFO\",\"description\":\"International Leaders Forum\",\"publisher\":{\"@id\":\"https:\/\/ilfo.pl\/#organization\"},\"potentialAction\":[{\"@type\":\"SearchAction\",\"target\":\"https:\/\/ilfo.pl\/?s={search_term_string}\",\"query-input\":\"required name=search_term_string\"}],\"inLanguage\":\"en-GB\"},{\"@type\":\"WebPage\",\"@id\":\"https:\/\/ilfo.pl\/program-mentoringowy-ilfo\/materialy-i-kontakt\/#webpage\",\"url\":\"https:\/\/ilfo.pl\/program-mentoringowy-ilfo\/materialy-i-kontakt\/\",\"name\":\"Materia\\u0142y i kontakt - ILFO\",\"isPartOf\":{\"@id\":\"https:\/\/ilfo.pl\/#website\"},\"datePublished\":\"2022-05-10T11:04:42+00:00\",\"dateModified\":\"2022-05-10T11:28:50+00:00\",\"breadcrumb\":{\"@id\":\"https:\/\/ilfo.pl\/program-mentoringowy-ilfo\/materialy-i-kontakt\/#breadcrumb\"},\"inLanguage\":\"en-GB\",\"potentialAction\":[{\"@type\":\"ReadAction\",\"target\":[\"https:\/\/ilfo.pl\/program-mentoringowy-ilfo\/materialy-i-kontakt\/\"]}]},{\"@type\":\"BreadcrumbList\",\"@id\":\"https:\/\/ilfo.pl\/program-mentoringowy-ilfo\/materialy-i-kontakt\/#breadcrumb\",\"itemListElement\":[{\"@type\":\"ListItem\",\"position\":1,\"item\":{\"@type\":\"WebPage\",\"@id\":\"https:\/\/ilfo.pl\/\",\"url\":\"https:\/\/ilfo.pl\/\",\"name\":\"Strona g\\u0142\\u00f3wna\"}},{\"@type\":\"ListItem\",\"position\":2,\"item\":{\"@type\":\"WebPage\",\"@id\":\"https:\/\/ilfo.pl\/program-mentoringowy-ilfo\/\",\"url\":\"https:\/\/ilfo.pl\/program-mentoringowy-ilfo\/\",\"name\":\"Program Mentoringowy ILFO\"}},{\"@type\":\"ListItem\",\"position\":3,\"item\":{\"@type\":\"WebPage\",\"@id\":\"https:\/\/ilfo.pl\/program-mentoringowy-ilfo\/materialy-i-kontakt\/\",\"url\":\"https:\/\/ilfo.pl\/program-mentoringowy-ilfo\/materialy-i-kontakt\/\",\"name\":\"Materia\\u0142y i kontakt\"}}]}]}<\/script>\n<!-- \/ Yoast SEO plugin. -->","_links":{"self":[{"href":"https:\/\/ilfo.pl\/en\/wp-json\/wp\/v2\/pages\/1571"}],"collection":[{"href":"https:\/\/ilfo.pl\/en\/wp-json\/wp\/v2\/pages"}],"about":[{"href":"https:\/\/ilfo.pl\/en\/wp-json\/wp\/v2\/types\/page"}],"author":[{"embeddable":true,"href":"https:\/\/ilfo.pl\/en\/wp-json\/wp\/v2\/users\/1"}],"replies":[{"embeddable":true,"href":"https:\/\/ilfo.pl\/en\/wp-json\/wp\/v2\/comments?post=1571"}],"version-history":[{"count":7,"href":"https:\/\/ilfo.pl\/en\/wp-json\/wp\/v2\/pages\/1571\/revisions"}],"predecessor-version":[{"id":1599,"href":"https:\/\/ilfo.pl\/en\/wp-json\/wp\/v2\/pages\/1571\/revisions\/1599"}],"up":[{"embeddable":true,"href":"https:\/\/ilfo.pl\/en\/wp-json\/wp\/v2\/pages\/1560"}],"wp:attachment":[{"href":"https:\/\/ilfo.pl\/en\/wp-json\/wp\/v2\/media?parent=1571"}],"curies":[{"name":"wp","href":"https:\/\/api.w.org\/{rel}","templated":true}]}}