{"id":759,"date":"2018-04-08T00:07:02","date_gmt":"2018-04-07T23:07:02","guid":{"rendered":"https:\/\/gpsites.co\/branded\/?page_id=759"},"modified":"2024-04-08T09:28:45","modified_gmt":"2024-04-08T09:28:45","slug":"fundatorzy","status":"publish","type":"page","link":"https:\/\/ilfo.pl\/en\/fundatorzy\/","title":{"rendered":"Founders"},"content":{"rendered":"<h1>Founders<\/h1>\n\t\t\t<a href=\"#drive\" target=\"_self\" role=\"button\" rel=\"noopener\">\n\t\t\t\t\t\t\tFind out what drives us\n\t\t\t\t\t<\/a>\n<h2>\n\t\tFounders\n\t<\/h2>\n\t\t\t\t<a href=\"https:\/\/ilfo.pl\/en\/fundatorzy\/jaroslaw-chalas\/\" target=\"_self\" itemprop=\"url\" rel=\"noopener\">\n\t\t\t\t<img loading=\"lazy\" src=\"https:\/\/ilfo.pl\/wp-content\/uploads\/bb-plugin\/cache\/jaroslaw_chalas-square.jpg\" alt=\"jaroslaw_chalas\" itemprop=\"image\" height=\"281\" width=\"217\" title=\"jaroslaw_chalas\" onerror=\"this.style.display='none'\"  \/>\n\t\t\t\t<\/a>\n<h3><a href=\"https:\/\/ilfo.pl\/en\/fundatorzy\/jaroslaw-chalas\/\" target=\"_self\" rel=\"noopener\">Jaros\u0142aw Cha\u0142as<\/a><\/h3>\t\t\n\t\t\t\t<a href=\"https:\/\/ilfo.pl\/en\/fundatorzy\/robert-bednarski\/\" target=\"_self\" itemprop=\"url\" rel=\"noopener\">\n\t\t\t\t<img loading=\"lazy\" src=\"https:\/\/ilfo.pl\/wp-content\/uploads\/bb-plugin\/cache\/ilfo_bednarski-square.jpg\" alt=\"ilfo_bednarski\" itemprop=\"image\" height=\"370\" width=\"556\" title=\"ilfo_bednarski\" onerror=\"this.style.display='none'\"  \/>\n\t\t\t\t<\/a>\n<h3><a href=\"https:\/\/ilfo.pl\/en\/fundatorzy\/robert-bednarski\/\" target=\"_self\" rel=\"noopener\">Robert Bednarski<\/a><\/h3>\t\t\n\t\t\t\t<a href=\"https:\/\/ilfo.pl\/en\/fundatorzy\/artur-waliszewski\/\" target=\"_self\" itemprop=\"url\" rel=\"noopener\">\n\t\t\t\t<img loading=\"lazy\" src=\"https:\/\/ilfo.pl\/wp-content\/uploads\/bb-plugin\/cache\/Artur_Waliszewski--square.jpeg\" alt=\"Artur_Waliszewski\" itemprop=\"image\" height=\"500\" width=\"500\" title=\"Artur_Waliszewski\" onerror=\"this.style.display='none'\"  \/>\n\t\t\t\t<\/a>\n<h3><a href=\"https:\/\/ilfo.pl\/en\/fundatorzy\/artur-waliszewski\/\" target=\"_self\" rel=\"noopener\">Artur Waliszewski<\/a><\/h3>\t\t\n\t\t\t\t<a href=\"https:\/\/ilfo.pl\/en\/fundatorzy\/anna-rulkiewicz\/\" target=\"_self\" itemprop=\"url\" rel=\"noopener\">\n\t\t\t\t<img loading=\"lazy\" src=\"https:\/\/ilfo.pl\/wp-content\/uploads\/bb-plugin\/cache\/ilfo_anna_rulkiewicz-e1589922464682-square.jpg\" alt=\"ilfo_anna_rulkiewicz\" itemprop=\"image\" height=\"1511\" width=\"1600\" title=\"ilfo_anna_rulkiewicz\" onerror=\"this.style.display='none'\"  \/>\n\t\t\t\t<\/a>\n<h3><a href=\"https:\/\/ilfo.pl\/en\/fundatorzy\/anna-rulkiewicz\/\" target=\"_self\" rel=\"noopener\">Anna Rulkiewicz<\/a><\/h3>\t\t\n\t\t\t\t<a href=\"https:\/\/ilfo.pl\/en\/fundatorzy\/monika-rajska-wolinska\/\" target=\"_self\" itemprop=\"url\" rel=\"noopener\">\n\t\t\t\t<img loading=\"lazy\" src=\"https:\/\/ilfo.pl\/wp-content\/uploads\/bb-plugin\/cache\/ilfo-rajska-square.jpeg\" alt=\"ilfo-rajska\" itemprop=\"image\" height=\"853\" width=\"1280\" title=\"ilfo-rajska\" onerror=\"this.style.display='none'\"  \/>\n\t\t\t\t<\/a>\n<h3><a href=\"https:\/\/ilfo.pl\/en\/fundatorzy\/monika-rajska-wolinska\/\" target=\"_self\" rel=\"noopener\">Monika Rajska-Woli\u0144ska<\/a><\/h3>\t\t\n\t\t\t\t<a href=\"https:\/\/ilfo.pl\/en\/fundatorzy\/beata-pawlowska-czerwinska\/\" target=\"_self\" itemprop=\"url\" rel=\"noopener\">\n\t\t\t\t<img loading=\"lazy\" src=\"https:\/\/ilfo.pl\/wp-content\/uploads\/bb-plugin\/cache\/ilfo-beata-pawlowska-square.jpg\" alt=\"ilfo-beata-pawlowska\" itemprop=\"image\" height=\"600\" width=\"800\" title=\"ilfo-beata-pawlowska\" onerror=\"this.style.display='none'\"  \/>\n\t\t\t\t<\/a>\n<h3><a href=\"https:\/\/ilfo.pl\/en\/fundatorzy\/beata-pawlowska-czerwinska\/\" target=\"_self\" rel=\"noopener\">Beata Paw\u0142owska-Czerwi\u0144ska<\/a><\/h3>\t\t\n\t\t\t\t<a href=\"https:\/\/ilfo.pl\/en\/fundatorzy\/piotr-czarnecki\/\" target=\"_self\" itemprop=\"url\" rel=\"noopener\">\n\t\t\t\t<img loading=\"lazy\" src=\"https:\/\/ilfo.pl\/wp-content\/uploads\/bb-plugin\/cache\/ilfo_czarnecki-square.jpeg\" alt=\"ilfo_czarnecki\" itemprop=\"image\" height=\"702\" width=\"1024\" title=\"ilfo_czarnecki\" onerror=\"this.style.display='none'\"  \/>\n\t\t\t\t<\/a>\n<h3><a href=\"https:\/\/ilfo.pl\/en\/fundatorzy\/piotr-czarnecki\/\" target=\"_self\" rel=\"noopener\">Piotr Czarnecki<\/a><\/h3>\t\t\n\t\t\t\t<a href=\"https:\/\/ilfo.pl\/en\/fundatorzy\/michal-kobosko\/\" target=\"_self\" itemprop=\"url\" rel=\"noopener\">\n\t\t\t\t<img loading=\"lazy\" src=\"https:\/\/ilfo.pl\/wp-content\/uploads\/bb-plugin\/cache\/ilfo_kobosko-square.jpg\" alt=\"ilfo_kobosko\" itemprop=\"image\" height=\"533\" width=\"799\" title=\"ilfo_kobosko\" onerror=\"this.style.display='none'\"  \/>\n\t\t\t\t<\/a>\n<h3><a href=\"https:\/\/ilfo.pl\/en\/fundatorzy\/michal-kobosko\/\" target=\"_self\" rel=\"noopener\">Micha\u0142 Kobosko<\/a><\/h3>\t\t\n\t\t\t\t<a href=\"https:\/\/ilfo.pl\/en\/fundatorzy\/bartosz-skwarczek\/\" target=\"_self\" itemprop=\"url\" rel=\"noopener\">\n\t\t\t\t<img loading=\"lazy\" src=\"https:\/\/ilfo.pl\/wp-content\/uploads\/bb-plugin\/cache\/bartosz_skwarczek_square-square.jpg\" alt=\"bartosz_skwarczek_square\" itemprop=\"image\" height=\"793\" width=\"793\" title=\"bartosz_skwarczek_square\" onerror=\"this.style.display='none'\"  \/>\n\t\t\t\t<\/a>\n<h3><a href=\"https:\/\/ilfo.pl\/en\/fundatorzy\/bartosz-skwarczek\/\" target=\"_self\" rel=\"noopener\">Bartosz Skwarczek<\/a><\/h3>\t\t\n\t\t\t\t<a href=\"https:\/\/ilfo.pl\/en\/fundatorzy\/andrzej-smolko\/\" target=\"_self\" itemprop=\"url\" rel=\"noopener\">\n\t\t\t\t<img loading=\"lazy\" src=\"https:\/\/ilfo.pl\/wp-content\/uploads\/bb-plugin\/cache\/ilfo-smolko-square.jpg\" alt=\"ilfo-smolko\" itemprop=\"image\" height=\"400\" width=\"400\" title=\"ilfo-smolko\" onerror=\"this.style.display='none'\"  \/>\n\t\t\t\t<\/a>\n<h3><a href=\"https:\/\/ilfo.pl\/en\/fundatorzy\/andrzej-smolko\/\" target=\"_self\" rel=\"noopener\">Andrzej Sm\u00f3\u0142ko<\/a><\/h3>\t\t\n\t\t\t\t<a href=\"https:\/\/ilfo.pl\/en\/fundatorzy\/miroslaw-janik\/\" target=\"_self\" itemprop=\"url\" rel=\"noopener\">\n\t\t\t\t<img loading=\"lazy\" src=\"https:\/\/ilfo.pl\/wp-content\/uploads\/bb-plugin\/cache\/ilfo_miroslaw_janik-square.png\" alt=\"ilfo_miroslaw_janik\" itemprop=\"image\" height=\"400\" width=\"400\" title=\"ilfo_miroslaw_janik\" onerror=\"this.style.display='none'\"  \/>\n\t\t\t\t<\/a>\n<h3><a href=\"https:\/\/ilfo.pl\/en\/fundatorzy\/miroslaw-janik\/\" target=\"_self\" rel=\"noopener\">Miros\u0142aw Janik<\/a><\/h3>\t\t\n\t\t\t\t<a href=\"https:\/\/ilfo.pl\/en\/fundatorzy\/beata-monka\/\" target=\"_self\" itemprop=\"url\" rel=\"noopener\">\n\t\t\t\t<img loading=\"lazy\" src=\"https:\/\/ilfo.pl\/wp-content\/uploads\/bb-plugin\/cache\/Monka_PW_043-square.jpg\" alt=\"19.05.2020 Warszawa, n\/z Beata Monka, Pawel Zielewski Forbesfot. Piotr Waniorek\/zelaznastudio.pl\" itemprop=\"image\" height=\"793\" width=\"800\" title=\"Monka_PW_043\" onerror=\"this.style.display='none'\"  \/>\n\t\t\t\t<\/a>\n<h3><a href=\"https:\/\/ilfo.pl\/en\/fundatorzy\/beata-monka\/\" target=\"_self\" rel=\"noopener\">Beata Mo\u0144ka<\/a><\/h3>\t\t\n\t\t\t\t<a href=\"https:\/\/ilfo.pl\/en\/fundatorzy\/tomasz-tyc\/\" target=\"_self\" itemprop=\"url\" rel=\"noopener\">\n\t\t\t\t<img loading=\"lazy\" src=\"https:\/\/ilfo.pl\/wp-content\/uploads\/bb-plugin\/cache\/ilfo_tomasz_tyc-e1589922503829-square.jpg\" alt=\"ilfo_tomasz_tyc\" itemprop=\"image\" height=\"828\" width=\"851\" title=\"ilfo_tomasz_tyc\" onerror=\"this.style.display='none'\"  \/>\n\t\t\t\t<\/a>\n<h3><a href=\"https:\/\/ilfo.pl\/en\/fundatorzy\/tomasz-tyc\/\" target=\"_self\" rel=\"noopener\">Tomasz Tyc<\/a><\/h3>\t\t\n<h2>\n\t\tSpecial Members\n\t<\/h2>\n\t\t\t\t<a href=\"https:\/\/ilfo.pl\/en\/fundatorzy\/olga-grygier\/\" target=\"_self\" itemprop=\"url\" rel=\"noopener\">\n\t\t\t\t<img loading=\"lazy\" src=\"https:\/\/ilfo.pl\/wp-content\/uploads\/bb-plugin\/cache\/Olga_Grygier-square.jpg\" alt=\"Olga_Grygier\" itemprop=\"image\" height=\"400\" width=\"400\" title=\"Olga_Grygier\" onerror=\"this.style.display='none'\"  \/>\n\t\t\t\t<\/a>\n<h3><a href=\"https:\/\/ilfo.pl\/en\/fundatorzy\/olga-grygier\/\" target=\"_self\" rel=\"noopener\">Olga Grygier<\/a><\/h3>\t\t\n\t\t\t\t<a href=\"https:\/\/ilfo.pl\/en\/fundatorzy\/bozena-lesniewska\/\" target=\"_self\" itemprop=\"url\" rel=\"noopener\">\n\t\t\t\t<img loading=\"lazy\" src=\"https:\/\/ilfo.pl\/wp-content\/uploads\/bb-plugin\/cache\/lesniewska-square.jpg\" alt=\"lesniewska\" itemprop=\"image\" height=\"953\" width=\"953\" title=\"lesniewska\" onerror=\"this.style.display='none'\"  \/>\n\t\t\t\t<\/a>\n<h3><a href=\"https:\/\/ilfo.pl\/en\/fundatorzy\/bozena-lesniewska\/\" target=\"_self\" rel=\"noopener\">Bo\u017cena Le\u015bniewska<\/a><\/h3>\t\t\n<h2>\n\t\tHonorary Members\n\t<\/h2>\n\t\t\t\t<a href=\"https:\/\/ilfo.pl\/en\/fundatorzy\/stanislaw-dziekonski\/\" target=\"_self\" itemprop=\"url\" rel=\"noopener\">\n\t\t\t\t<img loading=\"lazy\" src=\"https:\/\/ilfo.pl\/wp-content\/uploads\/bb-plugin\/cache\/dziekonski-square.jpg\" alt=\"dziekonski\" itemprop=\"image\" height=\"848\" width=\"854\" title=\"dziekonski\" onerror=\"this.style.display='none'\"  \/>\n\t\t\t\t<\/a>\n<h3><a href=\"https:\/\/ilfo.pl\/en\/fundatorzy\/stanislaw-dziekonski\/\" target=\"_self\" rel=\"noopener\">Stanis\u0142aw Dzieko\u0144ski<\/a><\/h3>\t\t\n\t\t\t\t<a href=\"https:\/\/ilfo.pl\/en\/fundatorzy\/cezary-wojcik\/\" target=\"_self\" itemprop=\"url\" rel=\"noopener\">\n\t\t\t\t<img loading=\"lazy\" src=\"https:\/\/ilfo.pl\/wp-content\/uploads\/bb-plugin\/cache\/Cesary_Wojcik-square.jpg\" alt=\"Cesary_Wojcik\" itemprop=\"image\" height=\"1105\" width=\"1174\" title=\"Cesary_Wojcik\" onerror=\"this.style.display='none'\"  \/>\n\t\t\t\t<\/a>\n<h3><a href=\"https:\/\/ilfo.pl\/en\/fundatorzy\/cezary-wojcik\/\" target=\"_self\" rel=\"noopener\">Cezary W\u00f3jcik<\/a><\/h3>\t\t\n\t\t\t\t<a href=\"https:\/\/ilfo.pl\/en\/fundatorzy\/dorota-szkodny-ciolek\/\" target=\"_self\" itemprop=\"url\" rel=\"noopener\">\n\t\t\t\t<img loading=\"lazy\" src=\"https:\/\/ilfo.pl\/wp-content\/uploads\/bb-plugin\/cache\/prev_DorotaSzkodnyCiolek244b-1-square.jpg\" alt=\"prev_DorotaSzkodnyCiolek244b\" itemprop=\"image\" height=\"655\" width=\"629\" title=\"prev_DorotaSzkodnyCiolek244b\" onerror=\"this.style.display='none'\"  \/>\n\t\t\t\t<\/a>\n<h3><a href=\"https:\/\/ilfo.pl\/en\/fundatorzy\/dorota-szkodny-ciolek\/\" target=\"_self\" rel=\"noopener\">Dorota Szkodny- Cio\u0142ek<\/a><\/h3>\t\t\n\t\t\t\t<a href=\"https:\/\/ilfo.pl\/en\/fundatorzy\/piotr-wachowiak\/\" target=\"_self\" itemprop=\"url\" rel=\"noopener\">\n\t\t\t\t<img loading=\"lazy\" src=\"https:\/\/ilfo.pl\/wp-content\/uploads\/bb-plugin\/cache\/Piotr_Wachowiak-square.jpg\" alt=\"Piotr_Wachowiak\" itemprop=\"image\" height=\"1137\" width=\"1137\" title=\"Piotr_Wachowiak\" onerror=\"this.style.display='none'\"  \/>\n\t\t\t\t<\/a>\n<h3><a href=\"https:\/\/ilfo.pl\/en\/fundatorzy\/piotr-wachowiak\/\" target=\"_self\" rel=\"noopener\">Piotr Wachowiak<\/a><\/h3>\t\t\n\t\t\t\t<a href=\"https:\/\/ilfo.pl\/en\/fundatorzy\/grzegorz-mazurek\/\" target=\"_self\" itemprop=\"url\" rel=\"noopener\">\n\t\t\t\t<img loading=\"lazy\" src=\"https:\/\/ilfo.pl\/wp-content\/uploads\/bb-plugin\/cache\/Grzegorz_Mazurek-1-scaled-square.jpg\" alt=\"Grzegorz_Mazurek\" itemprop=\"image\" height=\"2400\" width=\"2560\" title=\"Grzegorz_Mazurek\" onerror=\"this.style.display='none'\"  \/>\n\t\t\t\t<\/a>\n<h3><a href=\"https:\/\/ilfo.pl\/en\/fundatorzy\/grzegorz-mazurek\/\" target=\"_self\" rel=\"noopener\">Grzegorz Mazurek<\/a><\/h3>\t\t\n\t\t\t\t<a href=\"https:\/\/ilfo.pl\/en\/fundatorzy\/aleksander-poniewierski\/\" target=\"_self\" itemprop=\"url\" rel=\"noopener\">\n\t\t\t\t<img loading=\"lazy\" src=\"https:\/\/ilfo.pl\/wp-content\/uploads\/bb-plugin\/cache\/Aleksander_Poniewierski-1-square.jpg\" alt=\"Aleksander_Poniewierski\" itemprop=\"image\" height=\"1099\" width=\"1074\" title=\"Aleksander_Poniewierski\" onerror=\"this.style.display='none'\"  \/>\n\t\t\t\t<\/a>\n<h3><a href=\"https:\/\/ilfo.pl\/en\/fundatorzy\/aleksander-poniewierski\/\" target=\"_self\" rel=\"noopener\">Aleksander Poniewierski<\/a><\/h3>\t\t\n\t\t\t\t<a href=\"https:\/\/ilfo.pl\/en\/fundatorzy\/marek-kaminski\/\" target=\"_self\" itemprop=\"url\" rel=\"noopener\">\n\t\t\t\t<img loading=\"lazy\" src=\"https:\/\/ilfo.pl\/wp-content\/uploads\/bb-plugin\/cache\/marek_kaminski-square.png\" alt=\"marek_kaminski\" itemprop=\"image\" height=\"1936\" width=\"1863\" title=\"marek_kaminski\" onerror=\"this.style.display='none'\"  \/>\n\t\t\t\t<\/a>\n<h3><a href=\"https:\/\/ilfo.pl\/en\/fundatorzy\/marek-kaminski\/\" target=\"_self\" rel=\"noopener\">Marek Kami\u0144ski<\/a><\/h3>","protected":false},"excerpt":{"rendered":"<p>Fundatorzy Find out what drives us Fundatorzy Jaros\u0142aw Cha\u0142as Robert Bednarski Artur Waliszewski Anna Rulkiewicz Monika Rajska-Woli\u0144ska Beata Paw\u0142owska-Czerwi\u0144ska Piotr Czarnecki Micha\u0142 Kobosko Bartosz Skwarczek Andrzej Sm\u00f3\u0142ko Miros\u0142aw Janik Beata Mo\u0144ka Tomasz Tyc Czlonkowie Specjalni Olga Grygier Bo\u017cena Le\u015bniewska Cz\u0142onkowie Honorowi Stanis\u0142aw Dzieko\u0144ski Cezary W\u00f3jcik Dorota Szkodny- Cio\u0142ek Piotr Wachowiak Grzegorz Mazurek Aleksander Poniewierski Marek &#8230; <a title=\"Founders\" class=\"read-more\" href=\"https:\/\/ilfo.pl\/en\/fundatorzy\/\">Read more<\/a><\/p>","protected":false},"author":1,"featured_media":0,"parent":0,"menu_order":20,"comment_status":"closed","ping_status":"closed","template":"","meta":[],"yoast_head":"<!-- This site is optimized with the Yoast SEO plugin v15.9.2 - https:\/\/yoast.com\/wordpress\/plugins\/seo\/ -->\n<title>Fundatorzy - ILFO<\/title>\n<meta name=\"robots\" content=\"index, follow, max-snippet:-1, max-image-preview:large, max-video-preview:-1\" \/>\n<link rel=\"canonical\" href=\"https:\/\/ilfo.pl\/en\/fundatorzy\/\" \/>\n<meta property=\"og:locale\" content=\"en_GB\" \/>\n<meta property=\"og:type\" content=\"article\" \/>\n<meta property=\"og:title\" content=\"Fundatorzy - ILFO\" \/>\n<meta property=\"og:description\" content=\"Fundatorzy Find out what drives us Fundatorzy Jaros\u0142aw Cha\u0142as Robert Bednarski Artur Waliszewski Anna Rulkiewicz Monika Rajska-Woli\u0144ska Beata Paw\u0142owska-Czerwi\u0144ska Piotr Czarnecki Micha\u0142 Kobosko Bartosz Skwarczek Andrzej Sm\u00f3\u0142ko Miros\u0142aw Janik Beata Mo\u0144ka Tomasz Tyc Czlonkowie Specjalni Olga Grygier Bo\u017cena Le\u015bniewska Cz\u0142onkowie Honorowi Stanis\u0142aw Dzieko\u0144ski Cezary W\u00f3jcik Dorota Szkodny- Cio\u0142ek Piotr Wachowiak Grzegorz Mazurek Aleksander Poniewierski Marek ... Read more\" \/>\n<meta property=\"og:url\" content=\"https:\/\/ilfo.pl\/en\/fundatorzy\/\" \/>\n<meta property=\"og:site_name\" content=\"ILFO\" \/>\n<meta property=\"article:modified_time\" content=\"2024-04-08T09:28:45+00:00\" \/>\n<meta property=\"og:image\" content=\"https:\/\/ilfo.pl\/wp-content\/uploads\/bb-plugin\/cache\/jaroslaw_chalas-square.jpg\" \/>\n<meta name=\"twitter:card\" content=\"summary_large_image\" \/>\n<meta name=\"twitter:label1\" content=\"Estimated reading time\">\n\t<meta name=\"twitter:data1\" content=\"5 minutes\">\n<script type=\"application\/ld+json\" class=\"yoast-schema-graph\">{\"@context\":\"https:\/\/schema.org\",\"@graph\":[{\"@type\":\"Organization\",\"@id\":\"https:\/\/ilfo.pl\/#organization\",\"name\":\"International Leaders Forum\",\"url\":\"https:\/\/ilfo.pl\/\",\"sameAs\":[],\"logo\":{\"@type\":\"ImageObject\",\"@id\":\"https:\/\/ilfo.pl\/#logo\",\"inLanguage\":\"en-GB\",\"url\":\"https:\/\/ilfo.pl\/wp-content\/uploads\/2020\/05\/logo_ilfo_color.png\",\"width\":933,\"height\":522,\"caption\":\"International Leaders Forum\"},\"image\":{\"@id\":\"https:\/\/ilfo.pl\/#logo\"}},{\"@type\":\"WebSite\",\"@id\":\"https:\/\/ilfo.pl\/#website\",\"url\":\"https:\/\/ilfo.pl\/\",\"name\":\"ILFO\",\"description\":\"International Leaders Forum\",\"publisher\":{\"@id\":\"https:\/\/ilfo.pl\/#organization\"},\"potentialAction\":[{\"@type\":\"SearchAction\",\"target\":\"https:\/\/ilfo.pl\/?s={search_term_string}\",\"query-input\":\"required name=search_term_string\"}],\"inLanguage\":\"en-GB\"},{\"@type\":\"ImageObject\",\"@id\":\"https:\/\/ilfo.pl\/fundatorzy\/#primaryimage\",\"inLanguage\":\"en-GB\",\"url\":\"https:\/\/ilfo.pl\/wp-content\/uploads\/bb-plugin\/cache\/jaroslaw_chalas-square.jpg\"},{\"@type\":\"WebPage\",\"@id\":\"https:\/\/ilfo.pl\/fundatorzy\/#webpage\",\"url\":\"https:\/\/ilfo.pl\/fundatorzy\/\",\"name\":\"Fundatorzy - ILFO\",\"isPartOf\":{\"@id\":\"https:\/\/ilfo.pl\/#website\"},\"primaryImageOfPage\":{\"@id\":\"https:\/\/ilfo.pl\/fundatorzy\/#primaryimage\"},\"datePublished\":\"2018-04-07T23:07:02+00:00\",\"dateModified\":\"2024-04-08T09:28:45+00:00\",\"breadcrumb\":{\"@id\":\"https:\/\/ilfo.pl\/fundatorzy\/#breadcrumb\"},\"inLanguage\":\"en-GB\",\"potentialAction\":[{\"@type\":\"ReadAction\",\"target\":[\"https:\/\/ilfo.pl\/fundatorzy\/\"]}]},{\"@type\":\"BreadcrumbList\",\"@id\":\"https:\/\/ilfo.pl\/fundatorzy\/#breadcrumb\",\"itemListElement\":[{\"@type\":\"ListItem\",\"position\":1,\"item\":{\"@type\":\"WebPage\",\"@id\":\"https:\/\/ilfo.pl\/\",\"url\":\"https:\/\/ilfo.pl\/\",\"name\":\"Strona g\\u0142\\u00f3wna\"}},{\"@type\":\"ListItem\",\"position\":2,\"item\":{\"@type\":\"WebPage\",\"@id\":\"https:\/\/ilfo.pl\/fundatorzy\/\",\"url\":\"https:\/\/ilfo.pl\/fundatorzy\/\",\"name\":\"Fundatorzy\"}}]}]}<\/script>\n<!-- \/ Yoast SEO plugin. -->","_links":{"self":[{"href":"https:\/\/ilfo.pl\/en\/wp-json\/wp\/v2\/pages\/759"}],"collection":[{"href":"https:\/\/ilfo.pl\/en\/wp-json\/wp\/v2\/pages"}],"about":[{"href":"https:\/\/ilfo.pl\/en\/wp-json\/wp\/v2\/types\/page"}],"author":[{"embeddable":true,"href":"https:\/\/ilfo.pl\/en\/wp-json\/wp\/v2\/users\/1"}],"replies":[{"embeddable":true,"href":"https:\/\/ilfo.pl\/en\/wp-json\/wp\/v2\/comments?post=759"}],"version-history":[{"count":67,"href":"https:\/\/ilfo.pl\/en\/wp-json\/wp\/v2\/pages\/759\/revisions"}],"predecessor-version":[{"id":1619,"href":"https:\/\/ilfo.pl\/en\/wp-json\/wp\/v2\/pages\/759\/revisions\/1619"}],"wp:attachment":[{"href":"https:\/\/ilfo.pl\/en\/wp-json\/wp\/v2\/media?parent=759"}],"curies":[{"name":"wp","href":"https:\/\/api.w.org\/{rel}","templated":true}]}}