{"id":912,"date":"2017-05-16T22:27:14","date_gmt":"2017-05-16T21:27:14","guid":{"rendered":"https:\/\/gpsites.co\/branded\/?page_id=2"},"modified":"2021-02-11T11:50:12","modified_gmt":"2021-02-11T11:50:12","slug":"horizon","status":"publish","type":"page","link":"https:\/\/ilfo.pl\/en\/","title":{"rendered":"Home Page"},"content":{"rendered":"<h1>LET'S TRANSFORM THE FUTURE TOGETHER<\/h1>\n\t\t\t<a href=\"\" target=\"_self\" role=\"button\" rel=\"noopener noreferrer\">\n\t\t\t\t\t\t\t\t<\/a>\n\t<h2><strong>About us<\/strong><\/h2>\n<p>Nasz misja, cele oraz warto\u015bci&#8230;<\/p>\n<p><a href=\"https:\/\/ilfo.pl\/en\/o-nas\/\">Read more<\/a><\/p>\n\t<h2><strong>Founders<\/strong><\/h2>\n<p>Zobacz, kto wchodzi w sk\u0142ad naszej fundacji&#8230;<\/p>\n<p><a href=\"https:\/\/ilfo.pl\/en\/fundatorzy\/\">Read more<\/a><\/p>\n\t<h2><strong>Activity<\/strong><\/h2>\n<p>Tutaj dowiesz si\u0119, czym si\u0119 zajmujemy i jaki spos\u00f3b dzia\u0142amy&#8230;<\/p>\n<p><a href=\"https:\/\/ilfo.pl\/en\/fundatorzy-copy-2\/\">Read more<\/a><\/p>\n\t<h2>International Leaders Forum<\/h2>\n<p>International Leaders Forum is a platform for the exchange of ideas, a place for meetings and discussions among outstanding figures representing various fields of science, business and culture. People whose work and achievements shape Polish economic and social reality. The co-authors of the project are managers of the largest Polish and international companies, involved in the promotion of modern leadership based on a common vision, goal and values, high ethical and professional standards, mutual trust and respect. The ILFO club inspires and encourages development, and actively supports its members in solving the dilemmas they face in their daily professional activity. By helping ourselves, we help others and shape the future together.<\/p>\n<p>Image already added<\/p>","protected":false},"excerpt":{"rendered":"<p>ZMIENIAMY PRZYSZ\u0141O\u015a\u0106 WSP\u00d3LNIE O nas Nasz misja, cele oraz warto\u015bci&#8230; Czytaj wi\u0119cej Fundatorzy Zobacz, kto wchodzi w sk\u0142ad naszej fundacji&#8230; Czytaj wi\u0119cej Dzia\u0142alno\u015b\u0107 Tutaj dowiesz si\u0119, czym si\u0119 zajmujemy i jaki spos\u00f3b dzia\u0142amy&#8230; Czytaj wi\u0119cej International Leaders Forum to platforma wymiany idei, miejsce spotka\u0144 i dyskusji w gronie wybitnych osobisto\u015bci reprezentuj\u0105cych r\u00f3\u017cnorodne dziedziny nauki, biznesu &#8230; <a title=\"Home Page\" class=\"read-more\" href=\"https:\/\/ilfo.pl\/en\/\">Read more<\/a><\/p>","protected":false},"author":1,"featured_media":0,"parent":0,"menu_order":0,"comment_status":"closed","ping_status":"closed","template":"","meta":[],"yoast_head":"<!-- This site is optimized with the Yoast SEO plugin v15.9.2 - https:\/\/yoast.com\/wordpress\/plugins\/seo\/ -->\n<title>Strona g\u0142\u00f3wna - ILFO<\/title>\n<meta name=\"robots\" content=\"index, follow, max-snippet:-1, max-image-preview:large, max-video-preview:-1\" \/>\n<link rel=\"canonical\" href=\"https:\/\/ilfo.pl\/en\/\" \/>\n<meta property=\"og:locale\" content=\"en_GB\" \/>\n<meta property=\"og:type\" content=\"article\" \/>\n<meta property=\"og:title\" content=\"Strona g\u0142\u00f3wna - ILFO\" \/>\n<meta property=\"og:description\" content=\"ZMIENIAMY PRZYSZ\u0141O\u015a\u0106 WSP\u00d3LNIE O nas Nasz misja, cele oraz warto\u015bci&#8230; Czytaj wi\u0119cej Fundatorzy Zobacz, kto wchodzi w sk\u0142ad naszej fundacji&#8230; Czytaj wi\u0119cej Dzia\u0142alno\u015b\u0107 Tutaj dowiesz si\u0119, czym si\u0119 zajmujemy i jaki spos\u00f3b dzia\u0142amy&#8230; Czytaj wi\u0119cej International Leaders Forum to platforma wymiany idei, miejsce spotka\u0144 i dyskusji w gronie wybitnych osobisto\u015bci reprezentuj\u0105cych r\u00f3\u017cnorodne dziedziny nauki, biznesu ... Read more\" \/>\n<meta property=\"og:url\" content=\"https:\/\/ilfo.pl\/en\/\" \/>\n<meta property=\"og:site_name\" content=\"ILFO\" \/>\n<meta property=\"article:modified_time\" content=\"2021-02-11T11:50:12+00:00\" \/>\n<meta name=\"twitter:card\" content=\"summary_large_image\" \/>\n<meta name=\"twitter:label1\" content=\"Estimated reading time\">\n\t<meta name=\"twitter:data1\" content=\"1 minute\">\n<script type=\"application\/ld+json\" class=\"yoast-schema-graph\">{\"@context\":\"https:\/\/schema.org\",\"@graph\":[{\"@type\":\"Organization\",\"@id\":\"https:\/\/ilfo.pl\/#organization\",\"name\":\"International Leaders Forum\",\"url\":\"https:\/\/ilfo.pl\/\",\"sameAs\":[],\"logo\":{\"@type\":\"ImageObject\",\"@id\":\"https:\/\/ilfo.pl\/#logo\",\"inLanguage\":\"en-GB\",\"url\":\"https:\/\/ilfo.pl\/wp-content\/uploads\/2020\/05\/logo_ilfo_color.png\",\"width\":933,\"height\":522,\"caption\":\"International Leaders Forum\"},\"image\":{\"@id\":\"https:\/\/ilfo.pl\/#logo\"}},{\"@type\":\"WebSite\",\"@id\":\"https:\/\/ilfo.pl\/#website\",\"url\":\"https:\/\/ilfo.pl\/\",\"name\":\"ILFO\",\"description\":\"International Leaders Forum\",\"publisher\":{\"@id\":\"https:\/\/ilfo.pl\/#organization\"},\"potentialAction\":[{\"@type\":\"SearchAction\",\"target\":\"https:\/\/ilfo.pl\/?s={search_term_string}\",\"query-input\":\"required name=search_term_string\"}],\"inLanguage\":\"en-GB\"},{\"@type\":\"WebPage\",\"@id\":\"https:\/\/ilfo.pl\/#webpage\",\"url\":\"https:\/\/ilfo.pl\/\",\"name\":\"Strona g\\u0142\\u00f3wna - ILFO\",\"isPartOf\":{\"@id\":\"https:\/\/ilfo.pl\/#website\"},\"datePublished\":\"2017-05-16T21:27:14+00:00\",\"dateModified\":\"2021-02-11T11:50:12+00:00\",\"breadcrumb\":{\"@id\":\"https:\/\/ilfo.pl\/#breadcrumb\"},\"inLanguage\":\"en-GB\",\"potentialAction\":[{\"@type\":\"ReadAction\",\"target\":[\"https:\/\/ilfo.pl\/\"]}]},{\"@type\":\"BreadcrumbList\",\"@id\":\"https:\/\/ilfo.pl\/#breadcrumb\",\"itemListElement\":[{\"@type\":\"ListItem\",\"position\":1,\"item\":{\"@type\":\"WebPage\",\"@id\":\"https:\/\/ilfo.pl\/\",\"url\":\"https:\/\/ilfo.pl\/\",\"name\":\"Strona g\\u0142\\u00f3wna\"}},{\"@type\":\"ListItem\",\"position\":2,\"item\":{\"@type\":\"WebPage\",\"@id\":\"https:\/\/ilfo.pl\/\",\"url\":\"https:\/\/ilfo.pl\/\",\"name\":\"Strona g\\u0142\\u00f3wna\"}}]}]}<\/script>\n<!-- \/ Yoast SEO plugin. -->","_links":{"self":[{"href":"https:\/\/ilfo.pl\/en\/wp-json\/wp\/v2\/pages\/912"}],"collection":[{"href":"https:\/\/ilfo.pl\/en\/wp-json\/wp\/v2\/pages"}],"about":[{"href":"https:\/\/ilfo.pl\/en\/wp-json\/wp\/v2\/types\/page"}],"author":[{"embeddable":true,"href":"https:\/\/ilfo.pl\/en\/wp-json\/wp\/v2\/users\/1"}],"replies":[{"embeddable":true,"href":"https:\/\/ilfo.pl\/en\/wp-json\/wp\/v2\/comments?post=912"}],"version-history":[{"count":26,"href":"https:\/\/ilfo.pl\/en\/wp-json\/wp\/v2\/pages\/912\/revisions"}],"predecessor-version":[{"id":1431,"href":"https:\/\/ilfo.pl\/en\/wp-json\/wp\/v2\/pages\/912\/revisions\/1431"}],"wp:attachment":[{"href":"https:\/\/ilfo.pl\/en\/wp-json\/wp\/v2\/media?parent=912"}],"curies":[{"name":"wp","href":"https:\/\/api.w.org\/{rel}","templated":true}]}}