{"id":948,"date":"2020-05-08T11:28:25","date_gmt":"2020-05-08T11:28:25","guid":{"rendered":"https:\/\/ilfo.pl\/?page_id=948"},"modified":"2021-02-11T12:26:21","modified_gmt":"2021-02-11T12:26:21","slug":"o-nas","status":"publish","type":"page","link":"https:\/\/ilfo.pl\/en\/o-nas\/","title":{"rendered":"About us"},"content":{"rendered":"<h1>About us<\/h1>\n\t\t\t<a href=\"#drive\" target=\"_self\" role=\"button\" rel=\"noopener noreferrer\">\n\t\t\t\t\t\t\tFind out what drives us\n\t\t\t\t\t<\/a>\n\t<h2>OUR MISSION<\/h2>\n<p>Image already added<\/p>\n\t<p>The 3 main pillars that contribute to the mission of International Leaders Forum club are: exchange of knowledge, experience and ideas, cooperation of experts supporting various sciences, culture and business practitioners, mutual trust and support. We share our knowledge and competences, inspire development and promote to each other our achievements. We work to support modern entrepreneurship and genuine leadership, based on the principles of integrity and ethics, as well as create a community of mutual values \u200b\u200band goals. <\/p>\n<p>At the ILFO club, we are convinced that we effectively face the challenges of the modern world only by integrating the elite community of outstanding business representatives, scientific and cultural leaders to build new relationships through the clash of various visions and views. Our community is united by mutual values \u200b\u200band eagerness for a better change, openness to innovation and willingness to develop ourselves and spread knowledge among others. We strongly believe that within ILFO club we are creating a safe space to confront problems and dilemmas in the sense common of security and empathy, with a focus on solutions and help. <\/p>\n<h2>\n\t\tOUR GOALS\n\t<\/h2>\n<h3>\n\t\tFOR US:\n\t<\/h3>\n\t<ul>\n<li>creating a platform for the exchange of good ideas, inspirations and experiences;<\/li>\n<li>cooperation and mutual support of representatives of the world of business, science and culture in solving the challenges opposed by the modern world;<\/li>\n<li>authentic and valuable networking;<\/li>\n<li>mutual mentoring and coaching, with the participation of experts of various professions;<\/li>\n<li>building and promoting a safe environment based on ethical principles and values - openness, honesty, trust, transparency, confidentiality and mutual support. <\/li>\n<\/ul>\n<h3>\n\t\tFOR BUSINESS:\n\t<\/h3>\n\t<ul>\n<li>creating outstanding business standards for the improvement of the quality of Poland\u2019s\u2019 businesses sector; <\/li>\n<li>creating a strong and opinion-forming group of leaders that are actively involved in business, scientific and cultural matters;<\/li>\n<li>support for young entrepreneurship and the start-up\u2019s - to accelerate the development of innovative economy in Poland;<\/li>\n<li>conducting training initiatives for future leaders and cooperation with educational environments.<\/li>\n<\/ul>\n<h3>\n\t\tFOR POLAND:\n\t<\/h3>\n\t<ul>\n<li>building international relations;<\/li>\n<li>building Poland\u2019s position and prestige in the world; <\/li>\n<li>promoting \"Polish ambassadors\" abroad: companies investing and operating globally, Poles who are successful in the world.<\/li>\n<\/ul>","protected":false},"excerpt":{"rendered":"<p>O nas Find out what drives us Nasza misja Image already added Wymiana wiedzy, do\u015bwiadcze\u0144 I idei, wsp\u00f3\u0142praca ekspert\u00f3w reprezentuj\u0105cych r\u00f3\u017cnorodne dziedziny nauki, kultury i praktyk\u00f3w biznesu, wzajemne zaufanie i wsparcie \u2013 to trzy filary, kt\u00f3re sk\u0142adaj\u0105 si\u0119 na misj\u0119 klubu International Leaders Forum. Dzielimy si\u0119 swoj\u0105 unikatow\u0105 wiedz\u0105 i kompetencjami, inspirujemy do rozwoju i &#8230; <a title=\"About us\" class=\"read-more\" href=\"https:\/\/ilfo.pl\/en\/o-nas\/\">Read more<\/a><\/p>","protected":false},"author":1,"featured_media":0,"parent":0,"menu_order":20,"comment_status":"closed","ping_status":"closed","template":"","meta":[],"yoast_head":"<!-- This site is optimized with the Yoast SEO plugin v15.9.2 - https:\/\/yoast.com\/wordpress\/plugins\/seo\/ -->\n<title>O nas - ILFO<\/title>\n<meta name=\"robots\" content=\"index, follow, max-snippet:-1, max-image-preview:large, max-video-preview:-1\" \/>\n<link rel=\"canonical\" href=\"https:\/\/ilfo.pl\/en\/o-nas\/\" \/>\n<meta property=\"og:locale\" content=\"en_GB\" \/>\n<meta property=\"og:type\" content=\"article\" \/>\n<meta property=\"og:title\" content=\"O nas - ILFO\" \/>\n<meta property=\"og:description\" content=\"O nas Find out what drives us Nasza misja Image already added Wymiana wiedzy, do\u015bwiadcze\u0144 I idei, wsp\u00f3\u0142praca ekspert\u00f3w reprezentuj\u0105cych r\u00f3\u017cnorodne dziedziny nauki, kultury i praktyk\u00f3w biznesu, wzajemne zaufanie i wsparcie \u2013 to trzy filary, kt\u00f3re sk\u0142adaj\u0105 si\u0119 na misj\u0119 klubu International Leaders Forum. Dzielimy si\u0119 swoj\u0105 unikatow\u0105 wiedz\u0105 i kompetencjami, inspirujemy do rozwoju i ... Read more\" \/>\n<meta property=\"og:url\" content=\"https:\/\/ilfo.pl\/en\/o-nas\/\" \/>\n<meta property=\"og:site_name\" content=\"ILFO\" \/>\n<meta property=\"article:modified_time\" content=\"2021-02-11T12:26:21+00:00\" \/>\n<meta name=\"twitter:card\" content=\"summary_large_image\" \/>\n<meta name=\"twitter:label1\" content=\"Estimated reading time\">\n\t<meta name=\"twitter:data1\" content=\"2 minutes\">\n<script type=\"application\/ld+json\" class=\"yoast-schema-graph\">{\"@context\":\"https:\/\/schema.org\",\"@graph\":[{\"@type\":\"Organization\",\"@id\":\"https:\/\/ilfo.pl\/#organization\",\"name\":\"International Leaders Forum\",\"url\":\"https:\/\/ilfo.pl\/\",\"sameAs\":[],\"logo\":{\"@type\":\"ImageObject\",\"@id\":\"https:\/\/ilfo.pl\/#logo\",\"inLanguage\":\"en-GB\",\"url\":\"https:\/\/ilfo.pl\/wp-content\/uploads\/2020\/05\/logo_ilfo_color.png\",\"width\":933,\"height\":522,\"caption\":\"International Leaders Forum\"},\"image\":{\"@id\":\"https:\/\/ilfo.pl\/#logo\"}},{\"@type\":\"WebSite\",\"@id\":\"https:\/\/ilfo.pl\/#website\",\"url\":\"https:\/\/ilfo.pl\/\",\"name\":\"ILFO\",\"description\":\"International Leaders Forum\",\"publisher\":{\"@id\":\"https:\/\/ilfo.pl\/#organization\"},\"potentialAction\":[{\"@type\":\"SearchAction\",\"target\":\"https:\/\/ilfo.pl\/?s={search_term_string}\",\"query-input\":\"required name=search_term_string\"}],\"inLanguage\":\"en-GB\"},{\"@type\":\"WebPage\",\"@id\":\"https:\/\/ilfo.pl\/o-nas\/#webpage\",\"url\":\"https:\/\/ilfo.pl\/o-nas\/\",\"name\":\"O nas - ILFO\",\"isPartOf\":{\"@id\":\"https:\/\/ilfo.pl\/#website\"},\"datePublished\":\"2020-05-08T11:28:25+00:00\",\"dateModified\":\"2021-02-11T12:26:21+00:00\",\"breadcrumb\":{\"@id\":\"https:\/\/ilfo.pl\/o-nas\/#breadcrumb\"},\"inLanguage\":\"en-GB\",\"potentialAction\":[{\"@type\":\"ReadAction\",\"target\":[\"https:\/\/ilfo.pl\/o-nas\/\"]}]},{\"@type\":\"BreadcrumbList\",\"@id\":\"https:\/\/ilfo.pl\/o-nas\/#breadcrumb\",\"itemListElement\":[{\"@type\":\"ListItem\",\"position\":1,\"item\":{\"@type\":\"WebPage\",\"@id\":\"https:\/\/ilfo.pl\/\",\"url\":\"https:\/\/ilfo.pl\/\",\"name\":\"Strona g\\u0142\\u00f3wna\"}},{\"@type\":\"ListItem\",\"position\":2,\"item\":{\"@type\":\"WebPage\",\"@id\":\"https:\/\/ilfo.pl\/o-nas\/\",\"url\":\"https:\/\/ilfo.pl\/o-nas\/\",\"name\":\"O nas\"}}]}]}<\/script>\n<!-- \/ Yoast SEO plugin. -->","_links":{"self":[{"href":"https:\/\/ilfo.pl\/en\/wp-json\/wp\/v2\/pages\/948"}],"collection":[{"href":"https:\/\/ilfo.pl\/en\/wp-json\/wp\/v2\/pages"}],"about":[{"href":"https:\/\/ilfo.pl\/en\/wp-json\/wp\/v2\/types\/page"}],"author":[{"embeddable":true,"href":"https:\/\/ilfo.pl\/en\/wp-json\/wp\/v2\/users\/1"}],"replies":[{"embeddable":true,"href":"https:\/\/ilfo.pl\/en\/wp-json\/wp\/v2\/comments?post=948"}],"version-history":[{"count":18,"href":"https:\/\/ilfo.pl\/en\/wp-json\/wp\/v2\/pages\/948\/revisions"}],"predecessor-version":[{"id":1428,"href":"https:\/\/ilfo.pl\/en\/wp-json\/wp\/v2\/pages\/948\/revisions\/1428"}],"wp:attachment":[{"href":"https:\/\/ilfo.pl\/en\/wp-json\/wp\/v2\/media?parent=948"}],"curies":[{"name":"wp","href":"https:\/\/api.w.org\/{rel}","templated":true}]}}