{"id":976,"date":"2020-05-08T19:28:49","date_gmt":"2020-05-08T19:28:49","guid":{"rendered":"https:\/\/ilfo.pl\/?page_id=976"},"modified":"2021-02-02T11:15:54","modified_gmt":"2021-02-02T11:15:54","slug":"jak-dzialamy","status":"publish","type":"page","link":"https:\/\/ilfo.pl\/en\/jak-dzialamy\/","title":{"rendered":"How we do it?"},"content":{"rendered":"<h1>How we do it?<\/h1>\n\t\t\t<a href=\"#drive\" target=\"_self\" role=\"button\" rel=\"noopener noreferrer\">\n\t\t\t\t\t\t\tFind out what drives us\n\t\t\t\t\t<\/a>\n\t\t\t\t<img loading=\"lazy\" src=\"https:\/\/ilfo.pl\/wp-content\/uploads\/2020\/05\/ilfo_panels-300x216.jpg\" alt=\"ilfo_panels\" itemprop=\"image\" height=\"216\" width=\"300\" title=\"ilfo_panels\" onerror=\"this.style.display='none'\"  \/>\n<h3>\n\t\tILFO PANELS\n\t<\/h3>\n\t<p>Debates and discussion panels with decision-makers, experts and analysts.<\/p>\n\t\t\t\t<img loading=\"lazy\" src=\"https:\/\/ilfo.pl\/wp-content\/uploads\/2020\/05\/ilfo_group-300x237.jpg\" alt=\"ilfo_group\" itemprop=\"image\" height=\"237\" width=\"300\" title=\"ilfo_group\" onerror=\"this.style.display='none'\"  \/>\n<h3>\n\t\tILFO PEERS FORUM\n\t<\/h3>\n\t<p>Closed meetings dedicated to topics in line with the individual needs and expectations of the members.<\/p>\n\t\t\t\t<img loading=\"lazy\" src=\"https:\/\/ilfo.pl\/wp-content\/uploads\/2020\/05\/ilfo_cicrcles-300x228.jpg\" alt=\"ilfo_cicrcles\" itemprop=\"image\" height=\"228\" width=\"300\" title=\"ilfo_cicrcles\" onerror=\"this.style.display='none'\"  \/>\n<h3>\n\t\tILFO CIRCLES\n\t<\/h3>\n\t<p>Regular members meetings in a closed formula and with the participation of invited specialists in such fields as: management and leadership, ethics and CSR, implementation of the latest technologies, cooperation between business and science, transfer of experience between business, sport and culture.<\/p>\n\t\t\t\t<img loading=\"lazy\" src=\"https:\/\/ilfo.pl\/wp-content\/uploads\/2020\/05\/ilfo_one2one-300x204.jpg\" alt=\"Silhouette Global Business People Meeting Concept\" itemprop=\"image\" height=\"204\" width=\"300\" title=\"Silhouette Global Business People Meeting Concept\" onerror=\"this.style.display='none'\"  \/>\n<h3>\n\t\tILFO ONE2ONE\n\t<\/h3>\n\t<p>On request meetings.<\/p>","protected":false},"excerpt":{"rendered":"<p>Jak dzia\u0142amy Find out what drives us ILFO PANELS Debaty i dyskusje panelowe z udzia\u0142em decydent\u00f3w, ekspert\u00f3w, regulator\u00f3w, analityk\u00f3w. ILFO PEERS FORUM Zamkni\u0119te spotkania dedykowane na tematy zgodne z indywidualnymi potrzebami cz\u0142onk\u00f3w. ILFO CIRCLES Regularne spotkania cz\u0142onkowskie w formule zamkni\u0119tej oraz z udzia\u0142em zaproszonych specjalist\u00f3w z takich dziedzin jak: zarz\u0105dzanie i przyw\u00f3dztwo, etyka i CSR, &#8230; <a title=\"How we do it?\" class=\"read-more\" href=\"https:\/\/ilfo.pl\/en\/jak-dzialamy\/\">Read more<\/a><\/p>","protected":false},"author":1,"featured_media":0,"parent":0,"menu_order":20,"comment_status":"closed","ping_status":"closed","template":"","meta":[],"yoast_head":"<!-- This site is optimized with the Yoast SEO plugin v15.9.2 - https:\/\/yoast.com\/wordpress\/plugins\/seo\/ -->\n<title>Jak dzia\u0142amy - ILFO<\/title>\n<meta name=\"robots\" content=\"index, follow, max-snippet:-1, max-image-preview:large, max-video-preview:-1\" \/>\n<link rel=\"canonical\" href=\"https:\/\/ilfo.pl\/en\/jak-dzialamy\/\" \/>\n<meta property=\"og:locale\" content=\"en_GB\" \/>\n<meta property=\"og:type\" content=\"article\" \/>\n<meta property=\"og:title\" content=\"Jak dzia\u0142amy - ILFO\" \/>\n<meta property=\"og:description\" content=\"Jak dzia\u0142amy Find out what drives us ILFO PANELS Debaty i dyskusje panelowe z udzia\u0142em decydent\u00f3w, ekspert\u00f3w, regulator\u00f3w, analityk\u00f3w. ILFO PEERS FORUM Zamkni\u0119te spotkania dedykowane na tematy zgodne z indywidualnymi potrzebami cz\u0142onk\u00f3w. ILFO CIRCLES Regularne spotkania cz\u0142onkowskie w formule zamkni\u0119tej oraz z udzia\u0142em zaproszonych specjalist\u00f3w z takich dziedzin jak: zarz\u0105dzanie i przyw\u00f3dztwo, etyka i CSR, ... Read more\" \/>\n<meta property=\"og:url\" content=\"https:\/\/ilfo.pl\/en\/jak-dzialamy\/\" \/>\n<meta property=\"og:site_name\" content=\"ILFO\" \/>\n<meta property=\"article:modified_time\" content=\"2021-02-02T11:15:54+00:00\" \/>\n<meta property=\"og:image\" content=\"https:\/\/ilfo.pl\/wp-content\/uploads\/2020\/05\/ilfo_panels-300x216.jpg\" \/>\n<meta name=\"twitter:card\" content=\"summary_large_image\" \/>\n<script type=\"application\/ld+json\" class=\"yoast-schema-graph\">{\"@context\":\"https:\/\/schema.org\",\"@graph\":[{\"@type\":\"Organization\",\"@id\":\"https:\/\/ilfo.pl\/#organization\",\"name\":\"International Leaders Forum\",\"url\":\"https:\/\/ilfo.pl\/\",\"sameAs\":[],\"logo\":{\"@type\":\"ImageObject\",\"@id\":\"https:\/\/ilfo.pl\/#logo\",\"inLanguage\":\"en-GB\",\"url\":\"https:\/\/ilfo.pl\/wp-content\/uploads\/2020\/05\/logo_ilfo_color.png\",\"width\":933,\"height\":522,\"caption\":\"International Leaders Forum\"},\"image\":{\"@id\":\"https:\/\/ilfo.pl\/#logo\"}},{\"@type\":\"WebSite\",\"@id\":\"https:\/\/ilfo.pl\/#website\",\"url\":\"https:\/\/ilfo.pl\/\",\"name\":\"ILFO\",\"description\":\"International Leaders Forum\",\"publisher\":{\"@id\":\"https:\/\/ilfo.pl\/#organization\"},\"potentialAction\":[{\"@type\":\"SearchAction\",\"target\":\"https:\/\/ilfo.pl\/?s={search_term_string}\",\"query-input\":\"required name=search_term_string\"}],\"inLanguage\":\"en-GB\"},{\"@type\":\"ImageObject\",\"@id\":\"https:\/\/ilfo.pl\/jak-dzialamy\/#primaryimage\",\"inLanguage\":\"en-GB\",\"url\":\"https:\/\/ilfo.pl\/wp-content\/uploads\/2020\/05\/ilfo_panels.jpg\",\"width\":816,\"height\":587},{\"@type\":\"WebPage\",\"@id\":\"https:\/\/ilfo.pl\/jak-dzialamy\/#webpage\",\"url\":\"https:\/\/ilfo.pl\/jak-dzialamy\/\",\"name\":\"Jak dzia\\u0142amy - ILFO\",\"isPartOf\":{\"@id\":\"https:\/\/ilfo.pl\/#website\"},\"primaryImageOfPage\":{\"@id\":\"https:\/\/ilfo.pl\/jak-dzialamy\/#primaryimage\"},\"datePublished\":\"2020-05-08T19:28:49+00:00\",\"dateModified\":\"2021-02-02T11:15:54+00:00\",\"breadcrumb\":{\"@id\":\"https:\/\/ilfo.pl\/jak-dzialamy\/#breadcrumb\"},\"inLanguage\":\"en-GB\",\"potentialAction\":[{\"@type\":\"ReadAction\",\"target\":[\"https:\/\/ilfo.pl\/jak-dzialamy\/\"]}]},{\"@type\":\"BreadcrumbList\",\"@id\":\"https:\/\/ilfo.pl\/jak-dzialamy\/#breadcrumb\",\"itemListElement\":[{\"@type\":\"ListItem\",\"position\":1,\"item\":{\"@type\":\"WebPage\",\"@id\":\"https:\/\/ilfo.pl\/\",\"url\":\"https:\/\/ilfo.pl\/\",\"name\":\"Strona g\\u0142\\u00f3wna\"}},{\"@type\":\"ListItem\",\"position\":2,\"item\":{\"@type\":\"WebPage\",\"@id\":\"https:\/\/ilfo.pl\/jak-dzialamy\/\",\"url\":\"https:\/\/ilfo.pl\/jak-dzialamy\/\",\"name\":\"Jak dzia\\u0142amy\"}}]}]}<\/script>\n<!-- \/ Yoast SEO plugin. -->","_links":{"self":[{"href":"https:\/\/ilfo.pl\/en\/wp-json\/wp\/v2\/pages\/976"}],"collection":[{"href":"https:\/\/ilfo.pl\/en\/wp-json\/wp\/v2\/pages"}],"about":[{"href":"https:\/\/ilfo.pl\/en\/wp-json\/wp\/v2\/types\/page"}],"author":[{"embeddable":true,"href":"https:\/\/ilfo.pl\/en\/wp-json\/wp\/v2\/users\/1"}],"replies":[{"embeddable":true,"href":"https:\/\/ilfo.pl\/en\/wp-json\/wp\/v2\/comments?post=976"}],"version-history":[{"count":17,"href":"https:\/\/ilfo.pl\/en\/wp-json\/wp\/v2\/pages\/976\/revisions"}],"predecessor-version":[{"id":1399,"href":"https:\/\/ilfo.pl\/en\/wp-json\/wp\/v2\/pages\/976\/revisions\/1399"}],"wp:attachment":[{"href":"https:\/\/ilfo.pl\/en\/wp-json\/wp\/v2\/media?parent=976"}],"curies":[{"name":"wp","href":"https:\/\/api.w.org\/{rel}","templated":true}]}}